{"id":36,"date":"2017-07-05T10:06:52","date_gmt":"2017-07-05T08:06:52","guid":{"rendered":"http:\/\/pcpr.elk.pl\/WP\/?page_id=36"},"modified":"2017-07-18T11:33:51","modified_gmt":"2017-07-18T09:33:51","slug":"instytucje-placowki-i-organizacje-pozarzadowe","status":"publish","type":"page","link":"https:\/\/pcpr.elk.pl\/index.php\/instytucje-placowki-i-organizacje-pozarzadowe\/","title":{"rendered":"Instytucje, plac\u00f3wki i organizacje"},"content":{"rendered":"<h1 style=\"text-align: center;\"><span class=\"caption\"><strong>Wykaz instytucji, plac\u00f3wek i organizacji pozarz\u0105dowych \u015bwiadcz\u0105cych pomoc rodzinie<\/strong><strong> i osobom niepe\u0142nosprawnym dzia\u0142aj\u0105cych na terenie powiatu e\u0142ckiego<\/strong><\/span><\/h1>\n<p>&nbsp;<\/p>\n<p>&nbsp;<\/p>\n<ol>\n<li><strong>E\u0142ckie Stowarzyszenie na Rzecz Os\u00f3b z Problemami Psychicznymi i Zagro\u017conych Marginalizacj? \u201eOSTOJA\u201d<\/strong><br \/>\nE\u0142k, ul. Ko\u015bciuszki 33,<\/li>\n<li><strong>Fundacja Rozwoju Chirurgii Bariatrycznej i Laparaskopowej<\/strong><br \/>\nE\u0142k, ul. Ogrodowa 37, tel. 512 432 205,<\/li>\n<li><strong>Fundacja Zapobiegania Niepe\u0142nosprawno\u015bci i Promocji Zdrowia przy Oddziale Rehabilitacji Szpitala w E\u0142ku \u201eReha-Vitae\u201d<\/strong><br \/>\nE\u0142k, ul. Baranki 24, tel. 87 620 95 37,<\/li>\n<li><strong>Katolickie Stowarzyszenie Niepe\u0142nosprawnych Diecezji E\u0142ckiej<\/strong><br \/>\nE\u0142k, ul. Kolejowa 31, tel. 87 610 44 66,<\/li>\n<li><strong>Polski Zwi\u0105zek Niewidomych Okr\u0105g Warmi\u0144sko &#8211; Mazurski<\/strong>, <strong>Ko\u0142o w E\u0142ku<\/strong><br \/>\nE\u0142k, ul. Ma\u0142eckich 2\/7, tel. 87 610 98 74,<\/li>\n<li><strong>Warmi\u0144sko \u2013 Mazurskie Stowarzyszenie Chorych na stwardnienie rozsiane z\/s w E\u0142ku<\/strong><br \/>\nE\u0142k, ul. Wawelska 27\/23, tel. 87 610 10 27,<\/li>\n<li><strong>Stowarzyszenie \u201eONKOLUDKI\u201d z\/s w E\u0142ku<\/strong><br \/>\nE\u0142k, ul. Chopina 14\/10, tel. 606 505 280,<\/li>\n<li><strong>Stowarzyszenie ADELFI<\/strong><br \/>\nE\u0142k, ul. Armii Krajowej 6\/9, tel. 698 673 496,<\/li>\n<li><strong>Stowarzyszenie Pomocy Dzieciom i M\u0142odzie\u017cy Niepe\u0142nosprawnej \u201eNASZYM DZIECIOM\u201d<\/strong><br \/>\nE\u0142k, ul. Kajki 8,<\/li>\n<li><strong>Stowarzyszenie \u201eKormoran\u201d Na Rzecz Dzieci i M\u0142odzie\u017cy Niepe\u0142nosprawnych przy Szkole Podstawowej nr 8 Specjalnej w E\u0142ku<\/strong><br \/>\nul. Grajewska 16a, tel. 87 610 37 42,<\/li>\n<li><strong>Caritas Diecezji E\u0142ckiej<\/strong><br \/>\nE\u0142k, ul. 3 Maja 10, tel. 87 629 02 60,<\/li>\n<li><strong>Fundacja \u201ePod Pr\u0105d\u201d<\/strong><br \/>\nE\u0142k, ul. Gizewiusza 2\/38, tel. 509 338 258,<\/li>\n<li><strong>Katolicki O\u015brodek Adopcyjno &#8211; Opieku\u0144czy Diecezji E\u0142ckiej<\/strong><br \/>\nE\u0142k, ul. Wojska Polskiego 45, tel. 87 621 38 25,<\/li>\n<li><strong>Og\u00f3lnopolski Zwi\u0105zek Bezrobotnych w E\u0142ku<\/strong><br \/>\nE\u0142k, ul. Orzeszkowej 3\/1u, tel. 87 621 20 93,<\/li>\n<li><strong>Stowarzyszenie Dom dla Os\u00f3b Bezdomnych MONAR-MARKOT<\/strong><br \/>\nE\u0142k, ul. Ko\u015bciuszki 19, tel. 87 562 55 78,<\/li>\n<li><strong>Stowarzyszenie Rodzina Rodzin<\/strong><br \/>\nE\u0142k, ul. Grota Roweckiego 2\/46, tel. 605 075 295,<\/li>\n<li><strong>Stowarzyszenie Przyjaci\u00f3? \u201eAmazonki\u201d<\/strong><br \/>\nE\u0142k, ul. Konopnickiej 1, tel. 87 620 73 20, 507 077 348,<\/li>\n<li><strong>Stowarzyszenie Przyjaci\u00f3\u0142 Os\u00f3b Niepe\u0142nosprawnych \u201ePrzysta\u0144\u201d przy DPS w Nowej Wsi E\u0142ckiej<\/strong><br \/>\nNowa Wie\u015b E\u0142cka, ul. Lipowa 1, tel. 87 619 74 90,<\/li>\n<li><strong>Polski Zwi\u0105zek Emeryt\u00f3w, Rencist\u00f3w i Inwalid\u00f3w &#8211; Zarz\u0105d rejonowy w E\u0142ku<\/strong><br \/>\nE\u0142k, ul. Armii Krajowej 31\/10u, tel. 87 732 80 42,<\/li>\n<\/ol>\n","protected":false},"excerpt":{"rendered":"<p>Wykaz instytucji, plac\u00f3wek i organizacji pozarz\u0105dowych \u015bwiadcz\u0105cych pomoc rodzinie i osobom niepe\u0142nosprawnym dzia\u0142aj\u0105cych na terenie powiatu e\u0142ckiego &nbsp; &nbsp; E\u0142ckie Stowarzyszenie na Rzecz Os\u00f3b z Problemami Psychicznymi i Zagro\u017conych Marginalizacj? \u201eOSTOJA\u201d E\u0142k, ul. Ko\u015bciuszki 33, Fundacja Rozwoju Chirurgii Bariatrycznej i Laparaskopowej E\u0142k, ul. Ogrodowa 37, tel. 512 432 205, Fundacja Zapobiegania Niepe\u0142nosprawno\u015bci i Promocji Zdrowia [&hellip;]<\/p>\n","protected":false},"author":1,"featured_media":0,"parent":0,"menu_order":3,"comment_status":"closed","ping_status":"closed","template":"","meta":[],"_links":{"self":[{"href":"https:\/\/pcpr.elk.pl\/index.php\/wp-json\/wp\/v2\/pages\/36"}],"collection":[{"href":"https:\/\/pcpr.elk.pl\/index.php\/wp-json\/wp\/v2\/pages"}],"about":[{"href":"https:\/\/pcpr.elk.pl\/index.php\/wp-json\/wp\/v2\/types\/page"}],"author":[{"embeddable":true,"href":"https:\/\/pcpr.elk.pl\/index.php\/wp-json\/wp\/v2\/users\/1"}],"replies":[{"embeddable":true,"href":"https:\/\/pcpr.elk.pl\/index.php\/wp-json\/wp\/v2\/comments?post=36"}],"version-history":[{"count":4,"href":"https:\/\/pcpr.elk.pl\/index.php\/wp-json\/wp\/v2\/pages\/36\/revisions"}],"predecessor-version":[{"id":2414,"href":"https:\/\/pcpr.elk.pl\/index.php\/wp-json\/wp\/v2\/pages\/36\/revisions\/2414"}],"wp:attachment":[{"href":"https:\/\/pcpr.elk.pl\/index.php\/wp-json\/wp\/v2\/media?parent=36"}],"curies":[{"name":"wp","href":"https:\/\/api.w.org\/{rel}","templated":true}]}}