{"id":3512,"date":"2026-02-04T13:55:42","date_gmt":"2026-02-04T12:55:42","guid":{"rendered":"https:\/\/pcpr.elk.pl\/?page_id=3512"},"modified":"2026-02-24T13:18:42","modified_gmt":"2026-02-24T12:18:42","slug":"karta-rodzica-zastepczego-w-powiecie-elckim","status":"publish","type":"page","link":"https:\/\/pcpr.elk.pl\/index.php\/karta-rodzica-zastepczego-w-powiecie-elckim\/","title":{"rendered":"Karta Rodzica Zast\u0119pczego w Powiecie E\u0142ckim"},"content":{"rendered":"\n<h4><a href=\"https:\/\/pcpr.elk.pl\/wp-content\/uploads\/2026\/02\/Wniosek_Karta_Rodzica_Zastepczego.pdf\">Wniosek o wydanie Karty Rodzica Zast\u0119pczego w Powiecie E\u0142ckim &#8211; POBIERZ<\/a><\/h4>\n<h4><a href=\"https:\/\/pcpr.elk.pl\/wp-content\/uploads\/2026\/02\/Regulamin_Karty_Rodzica_Zastepczego.pdf\">Regulamin Karty Rodzica Zast\u0119pczego w Powiecie E\u0142ckim &#8211; POBIERZ<\/a><\/h4>\n<hr \/>\n<h3 style=\"text-align: center;\"><strong>Zaproszenie do wsp\u00f3\u0142pracy \u2013 Program Karta Rodzica Zast\u0119pczego<\/strong><\/h3>\n<p style=\"text-align: justify;\">Zapraszamy Pa\u0144stwa do wsp\u00f3\u0142pracy w ramach Programu <strong>Karta Rodzica Zast\u0119pczego<\/strong> realizowanego na terenie Powiatu E\u0142ckiego.<\/p>\n<p style=\"text-align: justify;\">Celem programu jest wsparcie rodzin zast\u0119pczych poprzez umo\u017cliwienie im korzystania ze zni\u017cek i ulg oferowanych przez lokalnych Partner\u00f3w. To wyraz uznania dla ich codziennego zaanga\u017cowania w opiek\u0119 i wychowanie dzieci.<\/p>\n<p style=\"text-align: justify;\"><strong>Kogo zapraszamy do wsp\u00f3\u0142pracy?<\/strong><\/p>\n<p style=\"text-align: justify;\">Do programu mog\u0105 przyst\u0105pi\u0107:<\/p>\n<ul style=\"text-align: justify;\">\n<li>przedsi\u0119biorcy,<\/li>\n<li>firmy handlowe i us\u0142ugowe,<\/li>\n<li>instytucje publiczne i prywatne,<\/li>\n<li>organizacje pozarz\u0105dowe,<\/li>\n<li>osoby prowadz\u0105ce dzia\u0142alno\u015b\u0107 gospodarcz\u0105.<\/li>\n<\/ul>\n<p style=\"text-align: justify;\"><strong>Formy wsparcia<\/strong><\/p>\n<p style=\"text-align: justify;\">Partnerzy programu mog\u0105 zaoferowa\u0107 rodzinom zast\u0119pczym m.in.:<\/p>\n<ul style=\"text-align: justify;\">\n<li>zni\u017cki na towary i artyku\u0142y codziennego u\u017cytku,<\/li>\n<li>rabaty na sprz\u0119t (np. komputerowy, sportowy, AGD),<\/li>\n<li>preferencyjne ceny us\u0142ug (np. edukacyjnych, medycznych, rekreacyjnych, gastronomicznych),<\/li>\n<li>inne formy wsparcia dost\u0119pne w swojej ofercie.<\/li>\n<\/ul>\n<p style=\"text-align: justify;\">Zakres i wysoko\u015b\u0107 zni\u017cek Partner okre\u015bla samodzielnie.<\/p>\n<p style=\"text-align: justify;\"><strong>Dlaczego warto do\u0142\u0105czy\u0107?<\/strong><\/p>\n<ul style=\"text-align: justify;\">\n<li>budowanie wizerunku firmy odpowiedzialnej spo\u0142ecznie,<\/li>\n<li>realne wsparcie rodzin zast\u0119pczych z naszego powiatu,<\/li>\n<li>promocja firmy jako Partnera Programu,<\/li>\n<li>udzia\u0142 w lokalnej inicjatywie o du\u017cym znaczeniu spo\u0142ecznym.<\/li>\n<\/ul>\n<p style=\"text-align: justify;\"><strong>Kontakt w sprawie programu<\/strong><\/p>\n<p style=\"text-align: justify;\">Karol Malinowski<br \/>G\u0142\u00f3wny Specjalista<br \/>Powiatowe Centrum Pomocy Rodzinie w E\u0142ku<br \/>tel. 790 791 398<\/p>\n<p style=\"text-align: justify;\">Zapraszamy do kontaktu i wsp\u00f3\u0142tworzenia programu wspieraj\u0105cego rodziny zast\u0119pcze w Powiecie E\u0142ckim.<\/p>\n","protected":false},"excerpt":{"rendered":"<p>Wniosek o wydanie Karty Rodzica Zast\u0119pczego w Powiecie E\u0142ckim &#8211; POBIERZ Regulamin Karty Rodzica Zast\u0119pczego w Powiecie E\u0142ckim &#8211; POBIERZ Zaproszenie do wsp\u00f3\u0142pracy \u2013 Program Karta Rodzica Zast\u0119pczego Zapraszamy Pa\u0144stwa do wsp\u00f3\u0142pracy w ramach Programu Karta Rodzica Zast\u0119pczego realizowanego na terenie Powiatu E\u0142ckiego. Celem programu jest wsparcie rodzin zast\u0119pczych poprzez umo\u017cliwienie im korzystania ze zni\u017cek [&hellip;]<\/p>\n","protected":false},"author":3,"featured_media":0,"parent":0,"menu_order":0,"comment_status":"closed","ping_status":"closed","template":"","meta":[],"_links":{"self":[{"href":"https:\/\/pcpr.elk.pl\/index.php\/wp-json\/wp\/v2\/pages\/3512"}],"collection":[{"href":"https:\/\/pcpr.elk.pl\/index.php\/wp-json\/wp\/v2\/pages"}],"about":[{"href":"https:\/\/pcpr.elk.pl\/index.php\/wp-json\/wp\/v2\/types\/page"}],"author":[{"embeddable":true,"href":"https:\/\/pcpr.elk.pl\/index.php\/wp-json\/wp\/v2\/users\/3"}],"replies":[{"embeddable":true,"href":"https:\/\/pcpr.elk.pl\/index.php\/wp-json\/wp\/v2\/comments?post=3512"}],"version-history":[{"count":8,"href":"https:\/\/pcpr.elk.pl\/index.php\/wp-json\/wp\/v2\/pages\/3512\/revisions"}],"predecessor-version":[{"id":3553,"href":"https:\/\/pcpr.elk.pl\/index.php\/wp-json\/wp\/v2\/pages\/3512\/revisions\/3553"}],"wp:attachment":[{"href":"https:\/\/pcpr.elk.pl\/index.php\/wp-json\/wp\/v2\/media?parent=3512"}],"curies":[{"name":"wp","href":"https:\/\/api.w.org\/{rel}","templated":true}]}}