{"id":3489,"date":"2026-01-20T09:03:04","date_gmt":"2026-01-20T08:03:04","guid":{"rendered":"https:\/\/pcpr.elk.pl\/?page_id=3489"},"modified":"2026-03-13T10:55:03","modified_gmt":"2026-03-13T09:55:03","slug":"samodzielne-stanowiska","status":"publish","type":"page","link":"https:\/\/pcpr.elk.pl\/index.php\/samodzielne-stanowiska\/","title":{"rendered":"Samodzielne stanowiska"},"content":{"rendered":"\n<ul>\n<li><strong>Sylwia Ga\u0142ko<\/strong> &#8211; Samodzielny referent (<a href=\"mailto:galko.s@pcpr.elk.pl\">galko.s@pcpr.elk.pl<\/a>)<\/li>\n<li><strong>Karol Malinowski<\/strong> &#8211; G\u0142\u00f3wny Specjalista (<a href=\"mailto:malinowski.k@pcpr.elk.pl\">malinowski.k@pcpr.elk.pl<\/a>)<\/li>\n<li><strong>Olga Andrzejewska<\/strong> <strong>&#8211; Florczuk<\/strong> &#8211; Radca prawny<\/li>\n<\/ul>\n","protected":false},"excerpt":{"rendered":"<p>Sylwia Ga\u0142ko &#8211; Samodzielny referent (galko.s@pcpr.elk.pl) Karol Malinowski &#8211; G\u0142\u00f3wny Specjalista (malinowski.k@pcpr.elk.pl) Olga Andrzejewska &#8211; Florczuk &#8211; Radca prawny<\/p>\n","protected":false},"author":3,"featured_media":0,"parent":0,"menu_order":0,"comment_status":"closed","ping_status":"closed","template":"","meta":[],"_links":{"self":[{"href":"https:\/\/pcpr.elk.pl\/index.php\/wp-json\/wp\/v2\/pages\/3489"}],"collection":[{"href":"https:\/\/pcpr.elk.pl\/index.php\/wp-json\/wp\/v2\/pages"}],"about":[{"href":"https:\/\/pcpr.elk.pl\/index.php\/wp-json\/wp\/v2\/types\/page"}],"author":[{"embeddable":true,"href":"https:\/\/pcpr.elk.pl\/index.php\/wp-json\/wp\/v2\/users\/3"}],"replies":[{"embeddable":true,"href":"https:\/\/pcpr.elk.pl\/index.php\/wp-json\/wp\/v2\/comments?post=3489"}],"version-history":[{"count":3,"href":"https:\/\/pcpr.elk.pl\/index.php\/wp-json\/wp\/v2\/pages\/3489\/revisions"}],"predecessor-version":[{"id":3628,"href":"https:\/\/pcpr.elk.pl\/index.php\/wp-json\/wp\/v2\/pages\/3489\/revisions\/3628"}],"wp:attachment":[{"href":"https:\/\/pcpr.elk.pl\/index.php\/wp-json\/wp\/v2\/media?parent=3489"}],"curies":[{"name":"wp","href":"https:\/\/api.w.org\/{rel}","templated":true}]}}