{"id":32,"date":"2017-07-05T10:06:04","date_gmt":"2017-07-05T08:06:04","guid":{"rendered":"http:\/\/pcpr.elk.pl\/WP\/?page_id=32"},"modified":"2026-04-08T09:31:51","modified_gmt":"2026-04-08T07:31:51","slug":"do-pobrania","status":"publish","type":"page","link":"https:\/\/pcpr.elk.pl\/index.php\/pcpr-elk\/do-pobrania\/","title":{"rendered":"Do pobrania"},"content":{"rendered":"<h1 style=\"text-align: center;\"><span style=\"color: #ff0000;\">Dzia\u0142 ds. Os\u00f3b Niepe\u0142nosprawnych<\/span><\/h1>\n<h2 style=\"text-align: center;\">Wnioski do pobrania 2026<\/h2>\n<h2 style=\"text-align: center;\">Likwidacja barier w komunikowaniu si\u0119<\/h2>\n<ol>\n<li><a href=\"https:\/\/pcpr.elk.pl\/wp-content\/uploads\/2026\/01\/Wniosek-RS-LBWK-P.pdf\">Wniosek o dofinansowanie ze \u015brodk\u00f3w Pa\u0144stwowego Funduszu Rehabilitacji Os\u00f3b Niepe\u0142nosprawnych likwidacji barier w komunikowaniu si\u0119 w zwi\u0105zku z indywidualnymi potrzebami os\u00f3b niepe\u0142nosprawnych<\/a><\/li>\n<li><a href=\"https:\/\/pcpr.elk.pl\/wp-content\/uploads\/2026\/01\/Oswiadczenia-i-lista-zalacznikow.pdf\">O\u015bwiadczenia i lista za\u0142\u0105cznik\u00f3w<\/a><\/li>\n<\/ol>\n<h2 style=\"text-align: center;\">Likwidacja barier technicznych<\/h2>\n<ol>\n<li><a href=\"https:\/\/pcpr.elk.pl\/wp-content\/uploads\/2026\/01\/Wniosek-RS-LBT-P.pdf\">Wniosek o dofinansowanie ze \u015brodk\u00f3w Pa\u0144stwowego Funduszu Rehabilitacji Os\u00f3b Niepe\u0142nosprawnych likwidacji barier technicznych w zwi\u0105zku z indywidualnymi potrzebami os\u00f3b niepe\u0142nosprawnych<\/a><\/li>\n<li><a href=\"https:\/\/pcpr.elk.pl\/wp-content\/uploads\/2026\/01\/zaswiadczenie-lekarskie.pdf\">Za\u015bwiadczenie lekarskie<\/a><\/li>\n<li><a href=\"https:\/\/pcpr.elk.pl\/wp-content\/uploads\/2026\/01\/Oswiadczenia-i-lista-zalacznikow-1.pdf\">O\u015bwiadczenia i lista za\u0142\u0105cznik\u00f3w<\/a><\/li>\n<\/ol>\n<h2 style=\"text-align: center;\">Likwidacja barier architektonicznych<\/h2>\n<ol>\n<li><a href=\"https:\/\/pcpr.elk.pl\/wp-content\/uploads\/2026\/01\/Wniosek-RS-LBA-P.pdf\">Wniosek o dofinansowanie ze \u015brodk\u00f3w Pa\u0144stwowego Funduszu Rehabilitacji Os\u00f3b Niepe\u0142nosprawnych likwidacji barier architektonicznych w zwi\u0105zku z indywidualnymi potrzebami os\u00f3b niepe\u0142nosprawnych<\/a><\/li>\n<li><a href=\"https:\/\/pcpr.elk.pl\/wp-content\/uploads\/2026\/01\/Oswiadczenie-wlascicielawspolwlasciciela-nieruchomosci-1-1.pdf\">O\u015bwiadczenie w\u0142a\u015bciciela\/wsp\u00f3\u0142w\u0142a\u015bciciela nieruchomo\u015bci<\/a><\/li>\n<li><a href=\"https:\/\/pcpr.elk.pl\/wp-content\/uploads\/2026\/01\/Wstepny-kosztorys-inwestorski.pdf\">Wst\u0119pny kosztorys inwestorski<\/a><\/li>\n<li><a href=\"https:\/\/pcpr.elk.pl\/wp-content\/uploads\/2026\/01\/Oswiadczenia-i-lista-zalacznikow-2.pdf\">O\u015bwiadczenia i lista za\u0142\u0105cznik\u00f3w<\/a><\/li>\n<\/ol>\n<h2 style=\"text-align: center;\">Sprz\u0119t rehabilitacyjny<\/h2>\n<ol>\n<li><a href=\"https:\/\/pcpr.elk.pl\/wp-content\/uploads\/2026\/01\/Wniosek-RS-SR-P.pdf\">Wniosek o dofinansowanie ze \u015brodk\u00f3w Pa\u0144stwowego Funduszu Rehabilitacji Os\u00f3b Niepe\u0142nosprawnych zaopatrzenia w sprz\u0119t rehabilitacyjny<\/a><\/li>\n<li><a href=\"https:\/\/pcpr.elk.pl\/wp-content\/uploads\/2026\/01\/zaswiadczenie-lekarskie-sprzet-rehabilitacyjny.pdf\">Za\u015bwiadczenie lekarskie o stanie zdrowia sprz\u0119t rehabilitacyjny<\/a><\/li>\n<li><a href=\"https:\/\/pcpr.elk.pl\/wp-content\/uploads\/2026\/01\/Oswiadczenia-i-lista-zalacznikow-3.pdf\">O\u015bwiadczenia i lista za\u0142\u0105cznik\u00f3w<\/a><\/li>\n<\/ol>\n<h2 style=\"text-align: center;\">Przedmioty ortopedyczne i \u015brodki pomocnicze<\/h2>\n<ol>\n<li><a href=\"https:\/\/pcpr.elk.pl\/wp-content\/uploads\/2026\/01\/Wniosek-RS-PO-P-1.pdf\">Wniosek o dofinansowanie ze \u015brodk\u00f3w Pa\u0144stwowego Funduszu Rehabilitacji Os\u00f3b Niepe\u0142nosprawnych zaopatrzenia w przedmioty ortopedyczne i \u015brodki pomocnicze<\/a><\/li>\n<li><a href=\"https:\/\/pcpr.elk.pl\/wp-content\/uploads\/2026\/01\/Oswiadczenia-i-lista-zalacznikow-4.pdf\">O\u015bwiadczenia i lista za\u0142\u0105cznik\u00f3w<\/a><\/li>\n<\/ol>\n<h2 style=\"text-align: center;\">Turnus rehabilitacyjny<\/h2>\n<ol>\n<li><a href=\"https:\/\/pcpr.elk.pl\/wp-content\/uploads\/2026\/01\/Wniosek-Turnus-RehabilitacyjnyP-1.pdf\">Wniosek Turnus Rehabilitacyjny<\/a><\/li>\n<li><a href=\"https:\/\/pcpr.elk.pl\/wp-content\/uploads\/2026\/01\/wniosek-lekarza-o-skierowanie-na-turnus-rehabilitacyjny.pdf\">Wniosek lekarza o skierowanie na turnus rehabilitacyjny<\/a><\/li>\n<li><a href=\"https:\/\/pcpr.elk.pl\/wp-content\/uploads\/2026\/01\/oswiadczenie-opiekuna.pdf\">o\u015bwiadczenie opiekuna osoby niepe\u0142nosprawnej<\/a><\/li>\n<li><a href=\"https:\/\/pcpr.elk.pl\/wp-content\/uploads\/2026\/01\/Oswiadczenia-i-lista-zalacznikow-5.pdf\">O\u015bwiadczenia i lista za\u0142\u0105cznik\u00f3w<\/a><\/li>\n<\/ol>\n<h2 style=\"text-align: center;\">Us\u0142uga t\u0142umacza j\u0119zyka migowego\/t\u0142umacza przewodnika<\/h2>\n<ol>\n<li><a href=\"https:\/\/pcpr.elk.pl\/wp-content\/uploads\/2026\/01\/Wniosek-RS-TJM-P.pdf\">Wniosek o dofinansowanie ze \u015brodk\u00f3w Pa\u0144stwowego Funduszu Rehabilitacji Os\u00f3b Niepe\u0142nosprawnych us\u0142ug t\u0142umacza j\u0119zyka migowego\/t\u0142umacza przewodnika<\/a><\/li>\n<li><a href=\"https:\/\/pcpr.elk.pl\/wp-content\/uploads\/2026\/01\/Oswiadczenia-i-lista-zalacznikow-6.pdf\">O\u015bwiadczenia i lista za\u0142\u0105cznik\u00f3w<\/a><\/li>\n<\/ol>\n<h1>\u00a0<\/h1>\n<h1 style=\"text-align: center;\"><span style=\"color: #ff0000;\">Dzia\u0142 ds. Rodzinnej Pieczy Zast\u0119pczej<br \/><\/span><\/h1>\n<h4><strong>Wzory wniosk\u00f3w do pobrania \u2013 rodziny zast\u0119pcze i rodzinne domy dziecka:<\/strong><\/h4>\n<ol>\n<li><a href=\"https:\/\/pcpr.elk.pl\/wp-content\/uploads\/2023\/10\/Wniosek-o-przyznanie-swiadczenia-na-pokrycie-kosztow-utrzymania-dziecka.odt\">Wniosek o przyznanie \u015bwiadczenia na pokrycie koszt\u00f3w utrzymania dziecka<\/a><\/li>\n<li><a href=\"https:\/\/pcpr.elk.pl\/wp-content\/uploads\/2023\/06\/wniosek-swiadczenie-jednorazowe.pdf\">Wniosek o przyznanie jednorazowego \u015bwiadczenia na pokrycie wydatk\u00f3w zwi\u0105zanych z potrzebami przyjmowanego dziecka<\/a><\/li>\n<li><a href=\"https:\/\/pcpr.elk.pl\/wp-content\/uploads\/2023\/06\/wniosek-dofinansowanie-do-wypoczynku.pdf\">Wniosek o dofinansowanie do wypoczynku dla dziecka poza miejscem zamieszkania<\/a><\/li>\n<li><a href=\"https:\/\/pcpr.elk.pl\/wp-content\/uploads\/2023\/06\/wniosek-pomoc-losowa.pdf\">Wniosek o przyznanie \u015bwiadczenia na pokrycie wydatk\u00f3w zwi\u0105zanych z wyst\u0105pieniem zdarze\u0144 losowych<\/a><\/li>\n<li><a href=\"https:\/\/pcpr.elk.pl\/wp-content\/uploads\/2023\/06\/wniosek-remot-dla-zawodowej-rodziny-zastepczej.pdf\">Wniosek o przyznanie \u015bwiadczenia na pokrycie koszt\u00f3w zwi\u0105zanych z przeprowadzeniem niezb\u0119dnego remontu &#8211; zawodowa rodzina zast\u0119pcza<\/a><\/li>\n<li><a href=\"https:\/\/pcpr.elk.pl\/wp-content\/uploads\/2017\/07\/4-wniosek-dodatek-z-tytu\u0142u-niepe\u0142nosprawnosci-dziecka.odt\">Wniosek dodatek z tytu\u0142u niepe\u0142nosprawno\u015bci dziecka<\/a><\/li>\n<li><a href=\"https:\/\/pcpr.elk.pl\/wp-content\/uploads\/2017\/07\/doch\u00f3d-dziecka.odt\">O\u015bwiadczenie o dochodzie dziecka<\/a><\/li>\n<li><a href=\"https:\/\/pcpr.elk.pl\/wp-content\/uploads\/2017\/07\/o\u015bwiadczenie-konto-bankowe.odt\">O\u015bwiadczenie konto bankowe rodziny zast\u0119pczej<\/a><\/li>\n<li><a class=\"caption\" href=\"https:\/\/pcpr.elk.pl\/images\/stories\/wnioski\/zapytaniaOfertowe\/sprawozdanie_dla_rodzin.pdf\">Sprawozdanie dot. sytuacji opieku\u0144czo \u2013 wychowawczej dziecka umieszczonego w rodzinie zast\u0119pczej<\/a><\/li>\n<li><a href=\"https:\/\/pcpr.elk.pl\/wp-content\/uploads\/2024\/10\/uchwala_nr_15482023.pdf\">Zasady i wysoko\u015bci \u015bwiadcze\u0144 przyznawania rodzinom zast\u0119pczym oraz osobom prowadz\u0105cym rodzinne domy dziecka, wynikaj\u0105ce z ustawy z dnia 9 czerwca 2011 r. o wspieraniu rodziny i systemie pieczy zast\u0119pczej<\/a><\/li>\n<li><a class=\"caption\" href=\"https:\/\/pcpr.elk.pl\/images\/stories\/wnioski\/zarzadzenie_nr21.2012.pdf\" target=\"_blank\" rel=\"noopener noreferrer\">Wytyczne dotycz\u0105ce zasad przyznawa<\/a><a class=\"caption\" href=\"https:\/\/pcpr.elk.pl\/images\/stories\/wnioski\/zarzadzenie_nr21.2012.pdf\" target=\"_blank\" rel=\"noopener noreferrer\">nia rodzinie zast\u0119pczej \u015brodk\u00f3w finansowych na utrzymanie lokalu mieszkalnego w budynku wielorodzinnym lub domu jednorodzinnego<\/a><\/li>\n<li><a href=\"https:\/\/pcpr.elk.pl\/wp-content\/uploads\/2023\/07\/INFORMACJA-DOTYCZACA-PRZETWARZANIA-DANYCH.pdf\">Informacja dotycz\u0105ca przetwarzania danych osobowych<\/a><\/li>\n<\/ol>\n<h1 style=\"text-align: center;\"><span style=\"color: #ff0000;\">Dzia\u0142 ds. Instytucjonalnej pieczy zast\u0119pczej, usamodzielnie\u0144 i \u015bwiadcze\u0144<\/span><\/h1>\n<h4><strong>Wzory wniosk\u00f3w do pobrania \u2013 usamodzielnienie wychowank\u00f3w &#8211; rodziny zast\u0119pcze i plac\u00f3wki opieku\u0144czo &#8211; wychowawcze:<\/strong><\/h4>\n<ol>\n<li><a href=\"https:\/\/pcpr.elk.pl\/wp-content\/uploads\/2026\/03\/1_Prodedura_przyznawania_pomocy_usamodzielnionym_wychowankom.pdf\">Procedura przyznawania pomocy usamodzielnionym wychowankom<\/a><\/li>\n<li><a href=\"https:\/\/pcpr.elk.pl\/wp-content\/uploads\/2026\/03\/2_Wniosek_o_pomoc_na_kontynuacje_nauki.pdf\">Wniosek o pomoc na kontynuacj\u0119 nauki<\/a><\/li>\n<li><a href=\"https:\/\/pcpr.elk.pl\/wp-content\/uploads\/2026\/03\/3_Wniosek_o_pomoc_na_usamodzielnmienie.pdf\">Wniosek o pomoc na usamodzielnienie<\/a><\/li>\n<li><a href=\"https:\/\/pcpr.elk.pl\/wp-content\/uploads\/2026\/03\/4_Wniosek_o_pomoc_na_zagospodarowanie_w_formie_rzeczowej_RZ_PL.pdf\">Wniosek o pomoc na zagospodarowanie w formie rzeczowej<\/a><\/li>\n<li><a href=\"https:\/\/pcpr.elk.pl\/wp-content\/uploads\/2026\/03\/5_Aneks_do_IPU.pdf\">Aneks do IPU<\/a><\/li>\n<li><a href=\"https:\/\/pcpr.elk.pl\/wp-content\/uploads\/2026\/03\/6_Ocena_koncowa_procesu_usamodzielnienia.pdf\">Ocena ko\u0144cowa procesu usamodzielnienia<\/a><\/li>\n<li><a href=\"https:\/\/pcpr.elk.pl\/wp-content\/uploads\/2026\/03\/7_Wniosek_o_wydanie_zaswiadczenia.pdf\">Wniosek o wydanie za\u015bwiadczenia<\/a><\/li>\n<li><a href=\"https:\/\/pcpr.elk.pl\/wp-content\/uploads\/2026\/03\/8_Informacja_o_przetwarzaniu_danych_osobowych.pdf\">Informacja o przetwarzaniu danych osobowych<\/a><\/li>\n<li><a href=\"https:\/\/pcpr.elk.pl\/wp-content\/uploads\/2026\/03\/10_Oswiadczenie_o_niekaralnosci.pdf\">O\u015bwiadczenie o niekaralno\u015bci<\/a><\/li>\n<li><a href=\"https:\/\/pcpr.elk.pl\/wp-content\/uploads\/2026\/03\/9_Oswiadczenie_numer_konta_bankowego.pdf\">O\u015bwiadczenie numer konta bankowego<\/a><\/li>\n<li><a href=\"https:\/\/pcpr.elk.pl\/wp-content\/uploads\/2026\/03\/11_Oswiadczenie_o_zamiarze_osiedlenia.pdf\">O\u015bwiadczenie o zamiarze osiedlenia<\/a><\/li>\n<li><a href=\"https:\/\/pcpr.elk.pl\/wp-content\/uploads\/2026\/03\/12_Oswiadczenie_zamiar_dalszej_nauki.pdf\">O\u015bwiadczenie zamiar dalszej nauki<\/a><\/li>\n<li><a href=\"https:\/\/pcpr.elk.pl\/wp-content\/uploads\/2026\/03\/13_Oswiadczenie-rezygnacja-z-nauki.pdf\">O\u015bwiadczenie rezygnacja z nauki<\/a><\/li>\n<li><a href=\"https:\/\/pcpr.elk.pl\/wp-content\/uploads\/2026\/03\/wniosek_rozpoczecie_procesu_usamodzielnienia_2013_rz.pdf\">Wniosek rozpocz\u0119cie procesu usamodzielnienia<\/a><\/li>\n<li><a href=\"https:\/\/pcpr.elk.pl\/wp-content\/uploads\/2026\/04\/14_Zmiana_opiekuna_usamodzielnienia.pdf\">Zmiana opiekuna usamodzielnienia<\/a><\/li>\n<\/ol>\n<h4><strong>Wzory wniosk\u00f3w do pobrania \u2013 usamodzielnienie wychowank\u00f3w &#8211; M\u0142odzie\u017cowe O\u015brodki Wychowawcze:<\/strong><\/h4>\n<ol>\n<li><a href=\"https:\/\/pcpr.elk.pl\/wp-content\/uploads\/2023\/02\/wskazanie-opiekuna-usamodzielnienia.odt\">Wskazanie opiekuna usamodzielnienia<\/a><\/li>\n<li><a href=\"https:\/\/pcpr.elk.pl\/wp-content\/uploads\/2023\/02\/oswiadczenie-opiekuna-usamodzielnienia-z-akceptacja-.odt\">O\u015bwiadczenie opiekuna usamodzielnienia z akceptacj\u0105<\/a><\/li>\n<li><a href=\"https:\/\/pcpr.elk.pl\/wp-content\/uploads\/2024\/07\/IPU-nowy-RZ-od-czerwca_2024.odt\">Indywidualny program usamodzielnienia wychowanka z rodziny zast\u0119pczej, plac\u00f3wki opieku\u0144czo &#8211; wychowawczej<\/a><\/li>\n<li>\n<div><a href=\"https:\/\/pcpr.elk.pl\/pliki\/dokumenty\/ogloszenia\/2016\/IPUMOWZP.pdf\">Indywidualny program usamodzielnienia wychowanka z MOW SOSW, SOW, ZP, DPS, DSM, MOS<\/a><\/div>\n<\/li>\n<li><a href=\"https:\/\/pcpr.elk.pl\/wp-content\/uploads\/2023\/02\/Aneks-do-IPU-1.odt\">ANEKS do Indywidualnego Programu Usamodzielnienia<\/a><\/li>\n<li>\n<div><a href=\"https:\/\/pcpr.elk.pl\/images\/stories\/wnioski\/wnioski_wych\/wniosek_rozpoczecie_procesu_usamodzielnienia_2013_mow.pdf\">Wniosek o rozpocz\u0119cie procesu usamodzielnienia<\/a> &#8211; MOW<\/div>\n<\/li>\n<li><a href=\"https:\/\/pcpr.elk.pl\/wp-content\/uploads\/2023\/07\/Wzory_INFORMACJA-DOTYCZACA-PRZETWARZANIA-DANYCH.pdf\">Informacja dotycz\u0105ca przetwarzania danych osobowych<\/a><\/li>\n<li><a href=\"https:\/\/pcpr.elk.pl\/images\/stories\/wnioski\/wnioski_wych\/osw_konto_bankowe_2013.pdf\">O\u015bwiadczenie o koncie bankowym<\/a><\/li>\n<li><a href=\"https:\/\/pcpr.elk.pl\/wp-content\/uploads\/2023\/09\/oswiadczenie-o-niekaralnosci.odt\">O\u015bwiadczenie o niekaralno\u015bci<\/a><\/li>\n<li><a href=\"https:\/\/pcpr.elk.pl\/images\/stories\/wnioski\/wnioski_wych\/osw_osiedlenie_2013.pdf\">O\u015bwiadczenie o wyborze miejsca osiedlenia si\u0119<\/a><\/li>\n<li><a href=\"https:\/\/pcpr.elk.pl\/images\/stories\/wnioski\/wnioski_wych\/wniosek_kontynuowanie_nauki_mow2013.pdf\">Wniosek o przyznanie pomocy na kontynuowanie nauki<\/a> &#8211; MOW<\/li>\n<li><a href=\"https:\/\/pcpr.elk.pl\/images\/stories\/wnioski\/wnioski_wych\/wniosek_rzeczowka_usamodzielnienie_mow2013.pdf\">Wniosek o przyznanie pomocy na usamodzielnienie\/rzecz\u00f3wka<\/a> &#8211; MOW<\/li>\n<li><a href=\"https:\/\/pcpr.elk.pl\/images\/stories\/wnioski\/wnioski_wych\/osw_kontynuowanie_nauki_2013.pdf\">O\u015bwiadczenie o kontynuowaniu nauki<\/a><\/li>\n<li><a href=\"https:\/\/pcpr.elk.pl\/images\/stories\/wnioski\/wnioski_wych\/osw_nie_kontynuowanie_nauki_2013.pdf\">O\u015bwiadczenie o rezygnacji z kontynuowania nauki<\/a><\/li>\n<li><a href=\"https:\/\/pcpr.elk.pl\/wp-content\/uploads\/2023\/09\/zakonczenie-procesu-usamodzielnienia.odt\">Zako\u0144czenie procesu usamodzielnienia<\/a><\/li>\n<li><a href=\"https:\/\/pcpr.elk.pl\/wp-content\/uploads\/2023\/09\/wniosek-o-wydanie-zaswiadczenia.odt\">Wniosek o wydanie za\u015bwiadczenia<\/a><\/li>\n<\/ol>\n<p>*** Dokumenty od pkt 8-11 s\u0105 jednocze\u015bnie za\u0142\u0105cznikami do wniosk\u00f3w o pomoc z tyt. kontynuacji nauki, usamodzielnienie i pomoc rzeczow\u0105.<\/p>\n<p>\u00a0<\/p>\n\n","protected":false},"excerpt":{"rendered":"<p>Dzia\u0142 ds. Os\u00f3b Niepe\u0142nosprawnych Wnioski do pobrania 2026 Likwidacja barier w komunikowaniu si\u0119 Wniosek o dofinansowanie ze \u015brodk\u00f3w Pa\u0144stwowego Funduszu Rehabilitacji Os\u00f3b Niepe\u0142nosprawnych likwidacji barier w komunikowaniu si\u0119 w zwi\u0105zku z indywidualnymi potrzebami os\u00f3b niepe\u0142nosprawnych O\u015bwiadczenia i lista za\u0142\u0105cznik\u00f3w Likwidacja barier technicznych Wniosek o dofinansowanie ze \u015brodk\u00f3w Pa\u0144stwowego Funduszu Rehabilitacji Os\u00f3b Niepe\u0142nosprawnych likwidacji barier technicznych [&hellip;]<\/p>\n","protected":false},"author":1,"featured_media":0,"parent":42,"menu_order":5,"comment_status":"closed","ping_status":"closed","template":"","meta":[],"_links":{"self":[{"href":"https:\/\/pcpr.elk.pl\/index.php\/wp-json\/wp\/v2\/pages\/32"}],"collection":[{"href":"https:\/\/pcpr.elk.pl\/index.php\/wp-json\/wp\/v2\/pages"}],"about":[{"href":"https:\/\/pcpr.elk.pl\/index.php\/wp-json\/wp\/v2\/types\/page"}],"author":[{"embeddable":true,"href":"https:\/\/pcpr.elk.pl\/index.php\/wp-json\/wp\/v2\/users\/1"}],"replies":[{"embeddable":true,"href":"https:\/\/pcpr.elk.pl\/index.php\/wp-json\/wp\/v2\/comments?post=32"}],"version-history":[{"count":85,"href":"https:\/\/pcpr.elk.pl\/index.php\/wp-json\/wp\/v2\/pages\/32\/revisions"}],"predecessor-version":[{"id":3664,"href":"https:\/\/pcpr.elk.pl\/index.php\/wp-json\/wp\/v2\/pages\/32\/revisions\/3664"}],"up":[{"embeddable":true,"href":"https:\/\/pcpr.elk.pl\/index.php\/wp-json\/wp\/v2\/pages\/42"}],"wp:attachment":[{"href":"https:\/\/pcpr.elk.pl\/index.php\/wp-json\/wp\/v2\/media?parent=32"}],"curies":[{"name":"wp","href":"https:\/\/api.w.org\/{rel}","templated":true}]}}