{"id":30,"date":"2017-07-05T10:05:20","date_gmt":"2017-07-05T08:05:20","guid":{"rendered":"http:\/\/pcpr.elk.pl\/WP\/?page_id=30"},"modified":"2024-02-21T13:50:25","modified_gmt":"2024-02-21T12:50:25","slug":"przeciwdzialanie-przemocy","status":"publish","type":"page","link":"https:\/\/pcpr.elk.pl\/index.php\/pcpr-elk\/przeciwdzialanie-przemocy\/","title":{"rendered":"Przeciwdzia\u0142anie przemocy"},"content":{"rendered":"<p>Funkcj\u0119 koordynatora ds. przeciwdzia\u0142ania przemocy w rodzinie pe\u0142ni Pani Bo\u017cena Barwikowska.<\/p>\n","protected":false},"excerpt":{"rendered":"<p>Funkcj\u0119 koordynatora ds. przeciwdzia\u0142ania przemocy w rodzinie pe\u0142ni Pani Bo\u017cena Barwikowska.<\/p>\n","protected":false},"author":1,"featured_media":0,"parent":42,"menu_order":4,"comment_status":"closed","ping_status":"closed","template":"","meta":[],"_links":{"self":[{"href":"https:\/\/pcpr.elk.pl\/index.php\/wp-json\/wp\/v2\/pages\/30"}],"collection":[{"href":"https:\/\/pcpr.elk.pl\/index.php\/wp-json\/wp\/v2\/pages"}],"about":[{"href":"https:\/\/pcpr.elk.pl\/index.php\/wp-json\/wp\/v2\/types\/page"}],"author":[{"embeddable":true,"href":"https:\/\/pcpr.elk.pl\/index.php\/wp-json\/wp\/v2\/users\/1"}],"replies":[{"embeddable":true,"href":"https:\/\/pcpr.elk.pl\/index.php\/wp-json\/wp\/v2\/comments?post=30"}],"version-history":[{"count":3,"href":"https:\/\/pcpr.elk.pl\/index.php\/wp-json\/wp\/v2\/pages\/30\/revisions"}],"predecessor-version":[{"id":2326,"href":"https:\/\/pcpr.elk.pl\/index.php\/wp-json\/wp\/v2\/pages\/30\/revisions\/2326"}],"up":[{"embeddable":true,"href":"https:\/\/pcpr.elk.pl\/index.php\/wp-json\/wp\/v2\/pages\/42"}],"wp:attachment":[{"href":"https:\/\/pcpr.elk.pl\/index.php\/wp-json\/wp\/v2\/media?parent=30"}],"curies":[{"name":"wp","href":"https:\/\/api.w.org\/{rel}","templated":true}]}}