{"id":28,"date":"2017-07-05T10:04:56","date_gmt":"2017-07-05T08:04:56","guid":{"rendered":"http:\/\/pcpr.elk.pl\/WP\/?page_id=28"},"modified":"2019-10-21T10:32:52","modified_gmt":"2019-10-21T08:32:52","slug":"osrodek-interwencji-kryzysowej","status":"publish","type":"page","link":"https:\/\/pcpr.elk.pl\/index.php\/instytucje-placowki-i-organizacje-pozarzadowe\/osrodek-interwencji-kryzysowej\/","title":{"rendered":"O\u015brodek Interwencji Kryzysowej"},"content":{"rendered":"<h1 style=\"text-align: center;\">O\u015brodek Interwencji Kryzysowej<\/h1>\n<p>&nbsp;<\/p>\n<p>&nbsp;<\/p>\n<p>Do zada\u0144 O\u015brodka Interwencji Kryzysowej nale\u017cy:<\/p>\n<ol>\n<li>przywr\u00f3cenie prawid\u0142owego funkcjonowania rodziny jako systemu realizacji miedzy jej cz\u0142onkami;<\/li>\n<li>powstrzymanie patologicznych zjawisk uszkadzaj\u0105cych funkcjonowanie rodziny np. przemoc, pice nadu\u017cywanie alkoholu;<\/li>\n<li>poprawa sytuacji bytowej rodziny;<\/li>\n<li>przywr\u00f3cenie funkcjonalno\u015bci poszczeg\u00f3lnych os\u00f3b w rodzinie;<\/li>\n<li>pomoc rodzinie, integrowanie zmian zachodz\u0105cych u jej cz\u0142onk\u00f3w.<\/li>\n<\/ol>\n<p>O\u015brodek Interwencji Kryzysowej realizuje swoje zadania poprzez:<\/p>\n<ol>\n<li>prowadzenie poradnictwa informacyjno-konsultacyjnego;<\/li>\n<li>prowadzenie dzia\u0142alno\u015bci profilaktyczno-edukacyjnej;<\/li>\n<li>wsp\u00f3\u0142prace z instytucjami pracuj\u0105cymi na rzecz rodziny w zakresie poradnictwa;<\/li>\n<li>prowadzenie psychoterapii indywidualnej;<\/li>\n<li>prowadzenie dzia\u0142alno\u015bci terapeutycznej dla ofiar przemocy w rodzinie.<\/li>\n<li>prowadzenie hotelu, w tym wyodr\u0119bnionego pokoju dla kobiety w ci\u0105\u017cy i matki z dzieckiem<\/li>\n<\/ol>\n<p>Umieszczenie os\u00f3b w O\u015brodku Interwencji Kryzysowej odbywa si\u0119 na podstawie skierowania wydanego przez Dyrektora Powiatowego Centrum Pomocy Rodzinie w E\u0142ku, lub innych os\u00f3b upowa\u017cnionych na wniosek Dyrektora, po dokonaniu wst\u0119pnej diagnozy wyst\u0119puj\u0105cego kryzysu i w porozumieniu z o\u015brodkami pomocy spo\u0142ecznej.<\/p>\n<h4><a href=\"https:\/\/pcpr.elk.pl\/wp-content\/uploads\/2017\/07\/RegulaminuOIK.pdf\"><strong>Regulamin O\u015brodka Interwencji Kryzysowej przy PCPR w E\u0142ku<\/strong><\/a><\/h4>\n","protected":false},"excerpt":{"rendered":"<p>O\u015brodek Interwencji Kryzysowej &nbsp; &nbsp; Do zada\u0144 O\u015brodka Interwencji Kryzysowej nale\u017cy: przywr\u00f3cenie prawid\u0142owego funkcjonowania rodziny jako systemu realizacji miedzy jej cz\u0142onkami; powstrzymanie patologicznych zjawisk uszkadzaj\u0105cych funkcjonowanie rodziny np. przemoc, pice nadu\u017cywanie alkoholu; poprawa sytuacji bytowej rodziny; przywr\u00f3cenie funkcjonalno\u015bci poszczeg\u00f3lnych os\u00f3b w rodzinie; pomoc rodzinie, integrowanie zmian zachodz\u0105cych u jej cz\u0142onk\u00f3w. O\u015brodek Interwencji Kryzysowej realizuje swoje [&hellip;]<\/p>\n","protected":false},"author":1,"featured_media":0,"parent":36,"menu_order":0,"comment_status":"closed","ping_status":"closed","template":"","meta":[],"_links":{"self":[{"href":"https:\/\/pcpr.elk.pl\/index.php\/wp-json\/wp\/v2\/pages\/28"}],"collection":[{"href":"https:\/\/pcpr.elk.pl\/index.php\/wp-json\/wp\/v2\/pages"}],"about":[{"href":"https:\/\/pcpr.elk.pl\/index.php\/wp-json\/wp\/v2\/types\/page"}],"author":[{"embeddable":true,"href":"https:\/\/pcpr.elk.pl\/index.php\/wp-json\/wp\/v2\/users\/1"}],"replies":[{"embeddable":true,"href":"https:\/\/pcpr.elk.pl\/index.php\/wp-json\/wp\/v2\/comments?post=28"}],"version-history":[{"count":6,"href":"https:\/\/pcpr.elk.pl\/index.php\/wp-json\/wp\/v2\/pages\/28\/revisions"}],"predecessor-version":[{"id":862,"href":"https:\/\/pcpr.elk.pl\/index.php\/wp-json\/wp\/v2\/pages\/28\/revisions\/862"}],"up":[{"embeddable":true,"href":"https:\/\/pcpr.elk.pl\/index.php\/wp-json\/wp\/v2\/pages\/36"}],"wp:attachment":[{"href":"https:\/\/pcpr.elk.pl\/index.php\/wp-json\/wp\/v2\/media?parent=28"}],"curies":[{"name":"wp","href":"https:\/\/api.w.org\/{rel}","templated":true}]}}