{"id":2667,"date":"2024-08-27T10:54:21","date_gmt":"2024-08-27T08:54:21","guid":{"rendered":"https:\/\/pcpr.elk.pl\/?page_id=2667"},"modified":"2026-03-16T12:09:49","modified_gmt":"2026-03-16T11:09:49","slug":"harmonogram","status":"publish","type":"page","link":"https:\/\/pcpr.elk.pl\/index.php\/harmonogram\/","title":{"rendered":"Harmonogram"},"content":{"rendered":"\n<h3><img loading=\"lazy\" class=\"aligncenter size-large wp-image-2434\" src=\"https:\/\/pcpr.elk.pl\/wp-content\/uploads\/2024\/04\/zestawienie-znakow-kolorowe-1-1024x120.jpg\" alt=\"\" width=\"683\" height=\"80\" srcset=\"https:\/\/pcpr.elk.pl\/wp-content\/uploads\/2024\/04\/zestawienie-znakow-kolorowe-1-1024x120.jpg 1024w, https:\/\/pcpr.elk.pl\/wp-content\/uploads\/2024\/04\/zestawienie-znakow-kolorowe-1-300x35.jpg 300w, https:\/\/pcpr.elk.pl\/wp-content\/uploads\/2024\/04\/zestawienie-znakow-kolorowe-1-768x90.jpg 768w, https:\/\/pcpr.elk.pl\/wp-content\/uploads\/2024\/04\/zestawienie-znakow-kolorowe-1-1536x181.jpg 1536w, https:\/\/pcpr.elk.pl\/wp-content\/uploads\/2024\/04\/zestawienie-znakow-kolorowe-1-2048x241.jpg 2048w, https:\/\/pcpr.elk.pl\/wp-content\/uploads\/2024\/04\/zestawienie-znakow-kolorowe-1-24x3.jpg 24w, https:\/\/pcpr.elk.pl\/wp-content\/uploads\/2024\/04\/zestawienie-znakow-kolorowe-1-36x4.jpg 36w, https:\/\/pcpr.elk.pl\/wp-content\/uploads\/2024\/04\/zestawienie-znakow-kolorowe-1-48x6.jpg 48w\" sizes=\"(max-width: 683px) 100vw, 683px\" \/><\/h3>\n<h3 style=\"text-align: center;\"><span style=\"color: #000080;\">HARMONOGRAM WSPARCIA W RAMACH PROJEKTU KROK W PRZYSZ\u0141O\u015a\u0106 &#8211; <a href=\"https:\/\/pcpr.elk.pl\/wp-content\/uploads\/2026\/03\/akt.-Grafik-Wsparcia-\u2013-Projekt-\u201ekrok-W-Przyszlosc.pdf\">POBIERZ\u00a0<\/a><\/span><\/h3>\n<p>\u00a0<\/p>\n<p align=\"CENTER\"><span style=\"color: #000000;\"><u> <span style=\"font-family: Times New Roman, serif;\"><span style=\"font-size: medium;\"><br \/><\/span><\/span><\/u><\/span><\/p>\n<p>\u00a0<\/p>\n","protected":false},"excerpt":{"rendered":"<p>HARMONOGRAM WSPARCIA W RAMACH PROJEKTU KROK W PRZYSZ\u0141O\u015a\u0106 &#8211; POBIERZ\u00a0 \u00a0 \u00a0<\/p>\n","protected":false},"author":3,"featured_media":0,"parent":0,"menu_order":0,"comment_status":"closed","ping_status":"closed","template":"","meta":[],"_links":{"self":[{"href":"https:\/\/pcpr.elk.pl\/index.php\/wp-json\/wp\/v2\/pages\/2667"}],"collection":[{"href":"https:\/\/pcpr.elk.pl\/index.php\/wp-json\/wp\/v2\/pages"}],"about":[{"href":"https:\/\/pcpr.elk.pl\/index.php\/wp-json\/wp\/v2\/types\/page"}],"author":[{"embeddable":true,"href":"https:\/\/pcpr.elk.pl\/index.php\/wp-json\/wp\/v2\/users\/3"}],"replies":[{"embeddable":true,"href":"https:\/\/pcpr.elk.pl\/index.php\/wp-json\/wp\/v2\/comments?post=2667"}],"version-history":[{"count":16,"href":"https:\/\/pcpr.elk.pl\/index.php\/wp-json\/wp\/v2\/pages\/2667\/revisions"}],"predecessor-version":[{"id":3635,"href":"https:\/\/pcpr.elk.pl\/index.php\/wp-json\/wp\/v2\/pages\/2667\/revisions\/3635"}],"wp:attachment":[{"href":"https:\/\/pcpr.elk.pl\/index.php\/wp-json\/wp\/v2\/media?parent=2667"}],"curies":[{"name":"wp","href":"https:\/\/api.w.org\/{rel}","templated":true}]}}