{"id":2624,"date":"2024-08-14T14:13:25","date_gmt":"2024-08-14T12:13:25","guid":{"rendered":"https:\/\/pcpr.elk.pl\/?page_id=2624"},"modified":"2026-01-27T11:00:45","modified_gmt":"2026-01-27T10:00:45","slug":"rekrutacja","status":"publish","type":"page","link":"https:\/\/pcpr.elk.pl\/index.php\/rekrutacja\/","title":{"rendered":"Rekrutacja"},"content":{"rendered":"\n<p align=\"JUSTIFY\"><img loading=\"lazy\" class=\"aligncenter size-large wp-image-2434\" src=\"https:\/\/pcpr.elk.pl\/wp-content\/uploads\/2024\/04\/zestawienie-znakow-kolorowe-1-1024x120.jpg\" alt=\"\" width=\"683\" height=\"80\" srcset=\"https:\/\/pcpr.elk.pl\/wp-content\/uploads\/2024\/04\/zestawienie-znakow-kolorowe-1-1024x120.jpg 1024w, https:\/\/pcpr.elk.pl\/wp-content\/uploads\/2024\/04\/zestawienie-znakow-kolorowe-1-300x35.jpg 300w, https:\/\/pcpr.elk.pl\/wp-content\/uploads\/2024\/04\/zestawienie-znakow-kolorowe-1-768x90.jpg 768w, https:\/\/pcpr.elk.pl\/wp-content\/uploads\/2024\/04\/zestawienie-znakow-kolorowe-1-1536x181.jpg 1536w, https:\/\/pcpr.elk.pl\/wp-content\/uploads\/2024\/04\/zestawienie-znakow-kolorowe-1-2048x241.jpg 2048w, https:\/\/pcpr.elk.pl\/wp-content\/uploads\/2024\/04\/zestawienie-znakow-kolorowe-1-24x3.jpg 24w, https:\/\/pcpr.elk.pl\/wp-content\/uploads\/2024\/04\/zestawienie-znakow-kolorowe-1-36x4.jpg 36w, https:\/\/pcpr.elk.pl\/wp-content\/uploads\/2024\/04\/zestawienie-znakow-kolorowe-1-48x6.jpg 48w\" sizes=\"(max-width: 683px) 100vw, 683px\" \/><\/p>\n<h3 style=\"text-align: center;\" align=\"JUSTIFY\">Rekrutacja uczestnik\u00f3w do udzia\u0142u w projekcie &#8222;Krok w przysz\u0142o\u015b\u0107&#8221;<\/h3>\n<h3 align=\"JUSTIFY\"><span style=\"color: #000000;\"><span style=\"font-family: Times New Roman, serif;\"><span style=\"font-size: medium;\"><b>POWIAT E\u0141CKI \/ POWIATOWE CENTRUM POMOCY RODZINIE W E\u0141KU ZAPRASZA DO UDZIA\u0141U <span lang=\"pl-PL\">W PROJEKCIE POD NAZW\u0104 &#8222;KROK W PRZYSZ\u0141O\u015a\u0106&#8221; nr F<\/span><span lang=\"pl-PL\">EWM.09.09-IZ.00-0001\/23-00 <\/span><span lang=\"pl-PL\">realizowanego w ramach programu regionalnego Fundusze Europejskie dla Warmii i Mazur 2021 \u2013 2027 wsp\u00f3\u0142finansowanego ze \u015brodk\u00f3w Europejskiego Funduszu Spo\u0142ecznego Plus. <\/span><span lang=\"pl-PL\">Priorytet 9: W\u0142\u0105czenie i integracja EFS+; Dzia\u0142anie 9.9: System Pieczy Zast\u0119pczej.<\/span><\/b><\/span><\/span><\/span><\/h3>\n<p lang=\"pl-PL\" align=\"JUSTIFY\"><span style=\"color: #000000;\"><span style=\"font-family: Times New Roman, serif;\"><span style=\"font-size: medium;\"> Celem projektu jest poprawa jako\u015bci i dost\u0119pno\u015bci us\u0142ug spo\u0142ecznych \u015bwiadczonych na rzecz pieczy zast\u0119pczej w zakresie wzmocnienia kompetencji rodzin zast\u0119pczych, procesu wychowawczego i procesu usamodzielniania poprzez wzmocnienie kompetencji spo\u0142ecznych i zawodowych. <\/span><\/span><\/span><\/p>\n<p lang=\"pl-PL\" align=\"JUSTIFY\"><span style=\"color: #000000;\"><span style=\"font-family: Times New Roman, serif;\"><span style=\"font-size: medium;\"><b> Do udzia\u0142u w projekcie zapraszamy: rodziny zast\u0119pcze, prowadz\u0105cych rodzinne domy dziecka, wychowank\u00f3w pieczy zast\u0119pczej, kandydat\u00f3w do pe\u0142nienia funkcji rodziny zast\u0119pczej oraz kadr\u0119 pracuj\u0105ca w obszarze pieczy zast\u0119pczej. <\/b><\/span><\/span><\/span><\/p>\n<p lang=\"pl-PL\" align=\"JUSTIFY\"><span style=\"color: #000000;\"><span style=\"font-family: Times New Roman, serif;\"><span style=\"font-size: medium;\"> \u0141\u0105cznie ze wsparcia skorzysta 315 os\u00f3b.<\/span><\/span><\/span><\/p>\n<p lang=\"pl-PL\" align=\"JUSTIFY\"><span style=\"color: #000000;\"><span style=\"font-family: Times New Roman, serif;\"><span style=\"font-size: medium;\"> Realizatorem projektu jest Powiatowe Centrum Pomocy Rodzinie w E\u0142ku. <\/span><\/span><\/span><\/p>\n<p lang=\"pl-PL\" align=\"JUSTIFY\"><span style=\"color: #000000;\"><span style=\"font-family: Times New Roman, serif;\"><span style=\"font-size: medium;\"> Realizacja projektu zaplanowana jest od kwietnia 2024 roku do 31 grudnia 2027 roku.<\/span><\/span><\/span><\/p>\n<p lang=\"pl-PL\" align=\"JUSTIFY\"><span style=\"color: #000000;\"><span style=\"font-family: Times New Roman, serif;\"><span style=\"font-size: medium;\"><b>REKRUTACJA DO PROJEKTU TRWA PRZEZ CA\u0141Y OKRES TRWANIA PROJEKTU !<\/b> <\/span><\/span><\/span><\/p>\n<p lang=\"pl-PL\" align=\"JUSTIFY\"><span style=\"color: #000000;\"><span style=\"font-family: Times New Roman, serif;\"><span style=\"font-size: medium;\"><b> W ramach dzia\u0142a\u0144 projektowych realizowane b\u0119d\u0105 zadania; <\/b><\/span><\/span><\/span><\/p>\n<p lang=\"pl-PL\" align=\"JUSTIFY\"><span style=\"color: #000000;\"><span style=\"font-family: Times New Roman, serif;\"><span style=\"font-size: medium;\"><b> <\/b>\u00bb utworzenie Klubu Rodzica dla rodzin zast\u0119pczych spokrewnionych i niezawodowych;<\/span><\/span><\/span><\/p>\n<p lang=\"pl-PL\" align=\"JUSTIFY\"><span style=\"color: #000000;\"><span style=\"font-family: Times New Roman, serif;\"><span style=\"font-size: medium;\"> \u00bb grupa wsparcia dla rodzin zast\u0119pczych zawodowych oraz prowadz\u0105cych rodzinne domy dziecka;<\/span><\/span><\/span><\/p>\n<p lang=\"pl-PL\" align=\"JUSTIFY\"><span style=\"color: #000000;\"><span style=\"font-family: Times New Roman, serif;\"><span style=\"font-size: medium;\"> \u00bb organizacja zaj\u0119\u0107-grupy integracyjno-edukacyjnej dla dzieci i m\u0142odzie\u017cy (5-12 lat);<\/span><\/span><\/span><\/p>\n<p lang=\"pl-PL\" align=\"JUSTIFY\"><span style=\"color: #000000;\"><span style=\"font-family: Times New Roman, serif;\"><span style=\"font-size: medium;\"> \u00bb indywidualne poradnictwo specjalistyczne (wed\u0142ug rozeznanych potrzeb uczestnik\u00f3w projektu);<\/span><\/span><\/span><\/p>\n<p lang=\"pl-PL\" align=\"JUSTIFY\"><span style=\"color: #000000;\"><span style=\"font-family: Times New Roman, serif;\"><span style=\"font-size: medium;\"> \u00bb zaj\u0119cia edukacyjno-integracyjne dla rodzin zast\u0119pczych oraz dzieci i m\u0142odzie\u017cy przebywaj\u0105cych w pieczy zast\u0119pczej: <\/span><\/span><\/span><\/p>\n<p lang=\"pl-PL\" align=\"JUSTIFY\"><span style=\"color: #000000;\"><span style=\"font-family: Times New Roman, serif;\"><span style=\"font-size: medium;\"> organizacja obchod\u00f3w dnia pieczy zast\u0119pczej, organizacja spotka\u0144 miko\u0142ajkowych, warsztat\u00f3w rozwijaj\u0105cych kompetencje spo\u0142eczno-zawodowe; organizacja wyjazd\u00f3w rozwojowych dla rodzin, obozy profilaktyczne dla m\u0142odzie\u017cy;<\/span><\/span><\/span><\/p>\n<p lang=\"pl-PL\" align=\"JUSTIFY\"><span style=\"color: #000000;\"><span style=\"font-family: Times New Roman, serif;\"><span style=\"font-size: medium;\"> \u00bb finansowanie pobytu w mieszkaniu wspomaganym dla os\u00f3b opuszczaj\u0105cych piecz\u0119 zast\u0119pcz\u0105 oraz wsparcie doradcy ds. usamodzielnienia, coacha, streetworkera, tworzenie \u015bcie\u017cek aktywizacyjno-edukacyjnych;<\/span><\/span><\/span><\/p>\n<p lang=\"pl-PL\" align=\"JUSTIFY\"><span style=\"color: #000000;\"><span style=\"font-family: Times New Roman, serif;\"><span style=\"font-size: medium;\"> \u00bb szkolenie dla kandydat\u00f3w na rodziny zast\u0119pcze, szkolenie trener\u00f3w programu PRIDE;<\/span><\/span><\/span><\/p>\n<p lang=\"pl-PL\" align=\"JUSTIFY\"><span style=\"color: #000000;\"><span style=\"font-family: Times New Roman, serif;\"><span style=\"font-size: medium;\"> \u00bb promocja i popularyzacja idei rodzicielstwa zast\u0119pczego.<\/span><\/span><\/span><\/p>\n<p lang=\"pl-PL\" align=\"JUSTIFY\"><span style=\"color: #000000;\"><span style=\"font-family: Times New Roman, serif;\"><span style=\"font-size: medium;\"><b>\u0141\u0104CZNA WARTO\u015a\u0106 PROJEKTU \u201eKROK W PRZYSZ\u0141O\u015a\u0106\u201d WYNOSI: 2 125 953,25 z\u0142 DOFINANSOWANIE PROJEKTU Z UE: <\/b><b>1 807 060,26<\/b><b> z\u0142 <\/b><\/span><\/span><\/span><\/p>\n<p lang=\"pl-PL\" align=\"JUSTIFY\"><span style=\"color: #000000;\"><span style=\"font-family: Times New Roman, serif;\"><span style=\"font-size: medium;\"><b>INFORMACJE I ZAPISY DO PROJEKTU:<\/b><\/span><\/span><\/span><\/p>\n<p lang=\"pl-PL\" align=\"JUSTIFY\"><span style=\"color: #000000;\"><span style=\"font-family: Times New Roman, serif;\"><span style=\"font-size: medium;\"><b>Biuro projektu: Powiatowe Centrum Pomocy Rodzinie w E\u0142ku<\/b><\/span><\/span><\/span><\/p>\n<p lang=\"pl-PL\" align=\"JUSTIFY\"><span style=\"color: #000000;\"><span style=\"font-family: Times New Roman, serif;\"><span style=\"font-size: medium;\"><b>(Budynek z racjonalnymi usprawnieniami oraz pozbawiony barier architektonicznych)<\/b><\/span><\/span><\/span><\/p>\n<p align=\"JUSTIFY\"><span style=\"color: #333366;\"><span style=\"font-family: Calibri, sans-serif;\"><span style=\"font-size: medium;\"><span style=\"color: #000000;\"><span style=\"font-family: Times New Roman, serif;\"><span lang=\"pl-PL\">E-mail: <\/span><\/span><\/span><b><a href=\"mailto:krokwprzyszlosc@pcpr.elk.pl\"><span style=\"color: #000000;\"><span style=\"font-family: Times New Roman, serif;\">krokwprzyszlosc@pcpr.elk.pl<\/span><\/span><\/a> <\/b><\/span><\/span><\/span><\/p>\n<h3 lang=\"pl-PL\" align=\"JUSTIFY\"><span style=\"color: #000000;\"><span style=\"font-family: Times New Roman, serif;\"><span style=\"font-size: medium;\">tel. 87 621-15-50 <b>s <\/b><u>https:\/\/pcpr.elk.pl\/<\/u><\/span><\/span><\/span><\/h3>\n<p lang=\"pl-PL\" align=\"JUSTIFY\">\u00a0<\/p>\n<h3 lang=\"pl-PL\" align=\"JUSTIFY\"><a href=\"https:\/\/pcpr.elk.pl\/wp-content\/uploads\/2024\/08\/formularz-zgloszeniowy-Krok-w-przyszlosc.pdf\"><strong>Formularz zg\u0142oszeniowy &#8222;Krok w przysz\u0142o\u015b\u0107&#8221; &#8211; Pobierz<\/strong><\/a><\/h3>\n<h3 lang=\"pl-PL\" align=\"JUSTIFY\"><strong><a href=\"https:\/\/pcpr.elk.pl\/wp-content\/uploads\/2026\/01\/REgulsmnin-do-projektu-zmieniony.pdf\">Regulamin projektu &#8222;Krok w przysz\u0142o\u015b\u0107&#8221; &#8211; Pobierz<\/a><\/strong><\/h3>\n<h3 lang=\"pl-PL\" align=\"JUSTIFY\"><strong><a href=\"https:\/\/pcpr.elk.pl\/wp-content\/uploads\/2024\/08\/Deklaracja-udzialu-w-projekcie-Krok-w-przyszlosc.pdf\">Deklaracja udzia\u0142u w projekcie &#8222;Krok w przysz\u0142o\u015b\u0107&#8221; &#8211; Pobierz<\/a> <\/strong><\/h3>\n<h3 lang=\"pl-PL\" align=\"JUSTIFY\"><a href=\"https:\/\/pcpr.elk.pl\/wp-content\/uploads\/2024\/08\/Deklaracja-udzialu-w-projekcie-Krok-w-przyszlosc-os.-niepelnoletnia.pdf\"><strong>Deklaracja udzia\u0142u w projekcie &#8222;Krok w przysz\u0142o\u015b\u0107&#8221; os. niepe\u0142noletnia &#8211; Pobierz<\/strong><\/a><\/h3>\n<h3 lang=\"pl-PL\" align=\"JUSTIFY\"><strong><a href=\"https:\/\/pcpr.elk.pl\/wp-content\/uploads\/2026\/01\/Umowa-uczestnicto-w-projekcie-\u2014-kopia-2.pdf\">Umowa o uczestnictwo w projekcie &#8222;Krok w przysz\u0142o\u015b\u0107&#8221;\u00a0<\/a><\/strong><\/h3>\n<h3 lang=\"pl-PL\" align=\"JUSTIFY\">\u00a0<\/h3>\n<p lang=\"pl-PL\" align=\"JUSTIFY\">\u00a0<\/p>\n<p lang=\"pl-PL\" align=\"JUSTIFY\">\u00a0<\/p>\n","protected":false},"excerpt":{"rendered":"<p>Rekrutacja uczestnik\u00f3w do udzia\u0142u w projekcie &#8222;Krok w przysz\u0142o\u015b\u0107&#8221; POWIAT E\u0141CKI \/ POWIATOWE CENTRUM POMOCY RODZINIE W E\u0141KU ZAPRASZA DO UDZIA\u0141U W PROJEKCIE POD NAZW\u0104 &#8222;KROK W PRZYSZ\u0141O\u015a\u0106&#8221; nr FEWM.09.09-IZ.00-0001\/23-00 realizowanego w ramach programu regionalnego Fundusze Europejskie dla Warmii i Mazur 2021 \u2013 2027 wsp\u00f3\u0142finansowanego ze \u015brodk\u00f3w Europejskiego Funduszu Spo\u0142ecznego Plus. Priorytet 9: W\u0142\u0105czenie i [&hellip;]<\/p>\n","protected":false},"author":3,"featured_media":0,"parent":0,"menu_order":0,"comment_status":"closed","ping_status":"closed","template":"","meta":[],"_links":{"self":[{"href":"https:\/\/pcpr.elk.pl\/index.php\/wp-json\/wp\/v2\/pages\/2624"}],"collection":[{"href":"https:\/\/pcpr.elk.pl\/index.php\/wp-json\/wp\/v2\/pages"}],"about":[{"href":"https:\/\/pcpr.elk.pl\/index.php\/wp-json\/wp\/v2\/types\/page"}],"author":[{"embeddable":true,"href":"https:\/\/pcpr.elk.pl\/index.php\/wp-json\/wp\/v2\/users\/3"}],"replies":[{"embeddable":true,"href":"https:\/\/pcpr.elk.pl\/index.php\/wp-json\/wp\/v2\/comments?post=2624"}],"version-history":[{"count":6,"href":"https:\/\/pcpr.elk.pl\/index.php\/wp-json\/wp\/v2\/pages\/2624\/revisions"}],"predecessor-version":[{"id":3508,"href":"https:\/\/pcpr.elk.pl\/index.php\/wp-json\/wp\/v2\/pages\/2624\/revisions\/3508"}],"wp:attachment":[{"href":"https:\/\/pcpr.elk.pl\/index.php\/wp-json\/wp\/v2\/media?parent=2624"}],"curies":[{"name":"wp","href":"https:\/\/api.w.org\/{rel}","templated":true}]}}