{"id":26,"date":"2017-07-05T10:04:23","date_gmt":"2017-07-05T08:04:23","guid":{"rendered":"http:\/\/pcpr.elk.pl\/WP\/?page_id=26"},"modified":"2026-03-13T10:50:03","modified_gmt":"2026-03-13T09:50:03","slug":"zespol-administracyjny","status":"publish","type":"page","link":"https:\/\/pcpr.elk.pl\/index.php\/pcpr-elk\/zespol-administracyjny\/","title":{"rendered":"Dzia\u0142 ds. Ksi\u0119gowo\u015bci"},"content":{"rendered":"<h1 style=\"text-align: center;\"><strong>Dzia\u0142 ds. Ksi\u0119gowo\u015bci<\/strong><\/h1>\n<ul>\n<li><span style=\"color: #000000;\">Barbara Palczewska &#8211; G\u0142\u00f3wny Ksi\u0119gowy<\/span> (<a href=\"mailto:palczewska.b@pcpr.elk.pl\">palczewska.b@pcpr.elk.pl<\/a>)<span style=\"color: #000000;\"><span style=\"font-family: Arial, sans-serif;\"><span style=\"font-size: small;\"><br \/>\n<\/span><\/span><\/span><\/li>\n<li><span style=\"color: #000000;\">Paulina Mo\u0144ko &#8211; Ksi\u0119gowy<\/span> (<a href=\"mailto:monko.p@pcpr.elk.pl\">monko.p@pcpr.elk.pl<\/a>)<span style=\"color: #000000;\"><br \/>\n<\/span><\/li>\n<li><span style=\"color: #000000;\">Micha\u0142 Cupia\u0142 &#8211;\u00a0 Inspektor Danych Osobowych<\/span> (<a class=\"v1moz-txt-link-freetext\" href=\"mailto:iod@pcpr.elk.pl\" rel=\"noreferrer\">iod@pcpr.elk.pl<\/a><a class=\"moz-txt-link-abbreviated\" href=\"mailto:brdys.a@pcpr.elk.pl\">)<\/a><\/li>\n<\/ul>\n<p align=\"JUSTIFY\"><span style=\"color: #000000;\"><span style=\"font-family: Arial, sans-serif;\"><span style=\"font-size: small;\">Do zada\u0144 zespo\u0142u ds. ksi\u0119gowo\u015bci nale\u017c\u0105 sprawy kompleksowego planowanie bud\u017cetu w zakresie finansowym i rzeczowym, analizowanie sprawozdawczo\u015bci i jego realizacji, obs\u0142ugi finansowo \u2013 ksi\u0119gowej PCPR, a w szczeg\u00f3lno\u015bci:<\/span><\/span><\/span><\/p>\n<ol>\n<li>\n<p align=\"JUSTIFY\"><span style=\"color: #000000;\"><span style=\"font-family: Arial, sans-serif;\"><span style=\"font-size: small;\">koordynacja prac w zakresie opracowywania bud\u017cetu, koordynacja prac planistycznych;<\/span><\/span><\/span><\/p>\n<\/li>\n<li>\n<p align=\"JUSTIFY\"><span style=\"color: #000000;\"><span style=\"font-family: Arial, sans-serif;\"><span style=\"font-size: small;\">wykonywanie funkcji dysponenta \u015brodk\u00f3w bud\u017cetu, przekazywanie \u015brodk\u00f3w podleg\u0142ym dysponentom, sporz\u0105dzanie wymaganych sprawozda\u0144 z wykonania bud\u017cetu, \u015brodk\u00f3w pozabud\u017cetowych oraz realizacji zada\u0144 inwestycyjnych;<\/span><\/span><\/span><\/p>\n<\/li>\n<li>\n<p align=\"JUSTIFY\"><span style=\"color: #000000;\"><span style=\"font-family: Arial, sans-serif;\"><span style=\"font-size: small;\">dokonywanie okresowych analiz i ocen przebiegu realizacji dochod\u00f3w i wydatk\u00f3w bud\u017cetowych przez podleg\u0142e jednostki organizacyjne pomocy spo\u0142ecznej;<\/span><\/span><\/span><\/p>\n<\/li>\n<li>\n<p align=\"JUSTIFY\"><span style=\"color: #000000;\"><span style=\"font-family: Arial, sans-serif;\"><span style=\"font-size: small;\">obs\u0142uga finansowo \u2013 ksi\u0119gowa w zakresie bud\u017cetu i \u015brodk\u00f3w pozabud\u017cetowych;<\/span><\/span><\/span><\/p>\n<\/li>\n<li>\n<p align=\"JUSTIFY\"><span style=\"color: #000000;\"><span style=\"font-family: Arial, sans-serif;\"><span style=\"font-size: small;\">gospodarowanie rzeczowymi sk\u0142adnikami maj\u0105tkowymi oraz wsp\u00f3\u0142praca i wsp\u00f3\u0142dzia\u0142anie\u00a0 w tym zakresie z pozosta\u0142ymi zespo\u0142ami PCPR;<\/span><\/span><\/span><\/p>\n<\/li>\n<li>\n<p align=\"JUSTIFY\"><span style=\"color: #000000;\"><span style=\"font-family: Arial, sans-serif;\"><span style=\"font-size: small;\">miesi\u0119czne rozliczanie faktur;<\/span><\/span><\/span><\/p>\n<\/li>\n<li>\n<p align=\"JUSTIFY\"><span style=\"color: #000000;\"><span style=\"font-family: Arial, sans-serif;\"><span style=\"font-size: small;\">planowanie i realizacja inwestycji, remont\u00f3w oraz zakup\u00f3w inwestycyjnych i opracowywanie sprawozdawczo\u015bci w tym zakresie;<\/span><\/span><\/span><\/p>\n<\/li>\n<li>\n<p align=\"JUSTIFY\"><span style=\"color: #000000;\"><span style=\"font-family: Arial, sans-serif;\"><span style=\"font-size: small;\">organizowanie sporz\u0105dzania, obiegu i archiwizowanie dokument\u00f3w w spos\u00f3b zapewniaj\u0105cy w\u0142a\u015bciwy przebieg operacji gospodarczych, ochron\u0105 mienia b\u0119d\u0105cego w posiadaniu\u00a0 jednostki, sporz\u0105dzanie kalkulacji wynikaj\u0105cych z koszt\u00f3w wykonywania zada\u0144;<\/span><\/span><\/span><\/p>\n<\/li>\n<li>\n<p align=\"JUSTIFY\"><span style=\"color: #000000;\"><span style=\"font-family: Arial, sans-serif;\"><span style=\"font-size: small;\">bie\u017c\u0105ce i prawid\u0142owe prowadzenie ksi\u0119gowo\u015bci oraz sporz\u0105dzaniu kalkulacji wynikaj\u0105cych z koszt\u00f3w wykonywania zada\u0144;<\/span><\/span><\/span><\/p>\n<\/li>\n<li>\n<p align=\"JUSTIFY\"><span style=\"color: #000000;\"><span style=\"font-family: Arial, sans-serif;\"><span style=\"font-size: small;\">sporz\u0105dzanie sprawozdawczo\u015bci finansowej w spos\u00f3b umo\u017cliwiaj\u0105cy terminowe przekazywanie informacji ekonomicznych, ochron\u0105 mienia b\u0119d\u0105cego w posiadaniu jednostki oraz terminowe i prawid\u0142owe rozeznanie os\u00f3b maj\u0105cych odpowiedzialno\u015b\u0107 za to mienie;<\/span><\/span><\/span><\/p>\n<\/li>\n<li>\n<p align=\"JUSTIFY\"><span style=\"color: #000000;\"><span style=\"font-family: Arial, sans-serif;\"><span style=\"font-size: small;\">prawid\u0142owe i terminowe dokonywanie rozlicze\u0144 finansowych, nadzorowanie ca\u0142okszta\u0142tu prac z zakresu rachunkowo\u015bci, wykonywanych przez poszczeg\u00f3lne kom\u00f3rki organizacyjne;<\/span><\/span><\/span><\/p>\n<\/li>\n<li>\n<p align=\"JUSTIFY\"><span style=\"color: #000000;\"><span style=\"font-family: Arial, sans-serif;\"><span style=\"font-size: small;\">prowadzenie gospodarki finansowej jednostki zgodnie z obowi\u0105zuj\u0105cymi zasadami, polegaj\u0105ce zw\u0142aszcza na wykonaniu dyspozycji \u015brodkami pieni\u0119\u017cnymi zgodnie z przepisami dotycz\u0105cymi zasad wykonywania bud\u017cetu, gospodarki \u015brodkami pozabud\u017cetowymi i innymi b\u0119d\u0105cymi w dyspozycji jednostki, zapewnienie pod wzgl\u0119dem finansowym prawid\u0142owo\u015bci um\u00f3w zwieranych przez jednostk\u0119, postrzeganiu zasad rozlicze\u0144 pieni\u0119\u017cnych i ochrony warto\u015bci pieni\u0119\u017cnych, zapewnieniu terminowego \u015bci\u0105gania nale\u017cno\u015bci o dochodzenia rozlicze\u0144 spornych oraz sp\u0142aty zobowi\u0105za\u0144;<\/span><\/span><\/span><\/p>\n<\/li>\n<li>\n<p align=\"JUSTIFY\"><span style=\"color: #000000;\"><span style=\"font-family: Arial, sans-serif;\"><span style=\"font-size: small;\">opracowywanie projekt\u00f3w\u00a0 przepis\u00f3w wewn\u0119trznych wydawanych przez Dyrektora jednostki, dotycz\u0105cych prowadzenie rachunkowo\u015bci, a w szczeg\u00f3lno\u015bci zak\u0142adowego planu kont, obiegu dokument\u00f3w, zasad prowadzenie i rozliczania inwentaryzacji;<\/span><\/span><\/span><\/p>\n<\/li>\n<li>\n<p align=\"JUSTIFY\"><span style=\"color: #000000;\"><span style=\"font-family: Arial, sans-serif;\"><span style=\"font-size: small;\">kontrola legalno\u015bci dokument\u00f3w dotycz\u0105cych\u00a0 wykonywania\u00a0 bud\u017cetu oraz ich zmian;<\/span><\/span><\/span><\/p>\n<\/li>\n<li>\n<p align=\"JUSTIFY\"><span style=\"color: #000000;\"><span style=\"font-family: Arial, sans-serif;\"><span style=\"font-size: small;\">opracowywanie zbiorowych sprawozda\u0144 finansowych w wykonywaniu bud\u017cetu oraz ich zmian;<\/span><\/span><\/span><\/p>\n<\/li>\n<li>\n<p align=\"JUSTIFY\"><span style=\"color: #000000;\"><span style=\"font-family: Arial, sans-serif;\"><span style=\"font-size: small;\">sporz\u0105dzanie analiz i sprawozda\u0144;<\/span><\/span><\/span><\/p>\n<\/li>\n<\/ol>\n","protected":false},"excerpt":{"rendered":"<p>Dzia\u0142 ds. Ksi\u0119gowo\u015bci Barbara Palczewska &#8211; G\u0142\u00f3wny Ksi\u0119gowy (palczewska.b@pcpr.elk.pl) Paulina Mo\u0144ko &#8211; Ksi\u0119gowy (monko.p@pcpr.elk.pl) Micha\u0142 Cupia\u0142 &#8211;\u00a0 Inspektor Danych Osobowych (iod@pcpr.elk.pl) Do zada\u0144 zespo\u0142u ds. ksi\u0119gowo\u015bci nale\u017c\u0105 sprawy kompleksowego planowanie bud\u017cetu w zakresie finansowym i rzeczowym, analizowanie sprawozdawczo\u015bci i jego realizacji, obs\u0142ugi finansowo \u2013 ksi\u0119gowej PCPR, a w szczeg\u00f3lno\u015bci: koordynacja prac w zakresie opracowywania bud\u017cetu, [&hellip;]<\/p>\n","protected":false},"author":1,"featured_media":0,"parent":42,"menu_order":2,"comment_status":"closed","ping_status":"closed","template":"","meta":[],"_links":{"self":[{"href":"https:\/\/pcpr.elk.pl\/index.php\/wp-json\/wp\/v2\/pages\/26"}],"collection":[{"href":"https:\/\/pcpr.elk.pl\/index.php\/wp-json\/wp\/v2\/pages"}],"about":[{"href":"https:\/\/pcpr.elk.pl\/index.php\/wp-json\/wp\/v2\/types\/page"}],"author":[{"embeddable":true,"href":"https:\/\/pcpr.elk.pl\/index.php\/wp-json\/wp\/v2\/users\/1"}],"replies":[{"embeddable":true,"href":"https:\/\/pcpr.elk.pl\/index.php\/wp-json\/wp\/v2\/comments?post=26"}],"version-history":[{"count":26,"href":"https:\/\/pcpr.elk.pl\/index.php\/wp-json\/wp\/v2\/pages\/26\/revisions"}],"predecessor-version":[{"id":3623,"href":"https:\/\/pcpr.elk.pl\/index.php\/wp-json\/wp\/v2\/pages\/26\/revisions\/3623"}],"up":[{"embeddable":true,"href":"https:\/\/pcpr.elk.pl\/index.php\/wp-json\/wp\/v2\/pages\/42"}],"wp:attachment":[{"href":"https:\/\/pcpr.elk.pl\/index.php\/wp-json\/wp\/v2\/media?parent=26"}],"curies":[{"name":"wp","href":"https:\/\/api.w.org\/{rel}","templated":true}]}}