{"id":2559,"date":"2024-06-14T14:13:07","date_gmt":"2024-06-14T12:13:07","guid":{"rendered":"https:\/\/pcpr.elk.pl\/?page_id=2559"},"modified":"2024-06-18T15:15:28","modified_gmt":"2024-06-18T13:15:28","slug":"standardy-ochrony-maloletnich-w-pcpr-w-elku","status":"publish","type":"page","link":"https:\/\/pcpr.elk.pl\/index.php\/standardy-ochrony-maloletnich-w-pcpr-w-elku\/","title":{"rendered":"Standardy Ochrony Ma\u0142oletnich w PCPR w E\u0142ku"},"content":{"rendered":"\n<p><a href=\"https:\/\/pcpr.elk.pl\/wp-content\/uploads\/2024\/06\/Standardy-ochrony-dzieci-przed-krzywdzeniem-w-PCPR.pdf\">Standardy ochrony dzieci przed krzywdzeniem w PCPR<\/a><\/p>\n<p><a href=\"https:\/\/pcpr.elk.pl\/wp-content\/uploads\/2024\/06\/Zarzadzenie-w-sprawie-wsprowadzenia-wtandardow-ochrony-maloletnich.pdf\">Zarz\u0105dzenie w sprawie wsprowadzenia standard\u00f3w ochrony ma\u0142oletnich<\/a><\/p>\n<p><a href=\"https:\/\/pcpr.elk.pl\/wp-content\/uploads\/2024\/06\/standardy-ochrony-maloletnich-w-PCPR-w-Elku-wersja-graficzna.pdf\">Standardy ochrony ma\u0142oletnich w PCPR w E\u0142ku- wersja graficzna<\/a><\/p>\n<p><a href=\"https:\/\/pcpr.elk.pl\/wp-content\/uploads\/2024\/06\/standardy-ochrony-maloletnich-w-PCPR-w-Elku-wersja-skrocona.pdf\">Standardy ochrony ma\u0142oletnich w PCPR w E\u0142ku- wersja skr\u00f3cona<\/a><\/p>\n","protected":false},"excerpt":{"rendered":"<p>Standardy ochrony dzieci przed krzywdzeniem w PCPR Zarz\u0105dzenie w sprawie wsprowadzenia standard\u00f3w ochrony ma\u0142oletnich Standardy ochrony ma\u0142oletnich w PCPR w E\u0142ku- wersja graficzna Standardy ochrony ma\u0142oletnich w PCPR w E\u0142ku- wersja skr\u00f3cona<\/p>\n","protected":false},"author":1,"featured_media":0,"parent":0,"menu_order":0,"comment_status":"closed","ping_status":"closed","template":"","meta":[],"_links":{"self":[{"href":"https:\/\/pcpr.elk.pl\/index.php\/wp-json\/wp\/v2\/pages\/2559"}],"collection":[{"href":"https:\/\/pcpr.elk.pl\/index.php\/wp-json\/wp\/v2\/pages"}],"about":[{"href":"https:\/\/pcpr.elk.pl\/index.php\/wp-json\/wp\/v2\/types\/page"}],"author":[{"embeddable":true,"href":"https:\/\/pcpr.elk.pl\/index.php\/wp-json\/wp\/v2\/users\/1"}],"replies":[{"embeddable":true,"href":"https:\/\/pcpr.elk.pl\/index.php\/wp-json\/wp\/v2\/comments?post=2559"}],"version-history":[{"count":7,"href":"https:\/\/pcpr.elk.pl\/index.php\/wp-json\/wp\/v2\/pages\/2559\/revisions"}],"predecessor-version":[{"id":2597,"href":"https:\/\/pcpr.elk.pl\/index.php\/wp-json\/wp\/v2\/pages\/2559\/revisions\/2597"}],"wp:attachment":[{"href":"https:\/\/pcpr.elk.pl\/index.php\/wp-json\/wp\/v2\/media?parent=2559"}],"curies":[{"name":"wp","href":"https:\/\/api.w.org\/{rel}","templated":true}]}}