{"id":2410,"date":"2024-04-24T10:50:25","date_gmt":"2024-04-24T08:50:25","guid":{"rendered":"https:\/\/pcpr.elk.pl\/?page_id=2410"},"modified":"2024-04-24T11:24:22","modified_gmt":"2024-04-24T09:24:22","slug":"projekt-krok-w-przyszlosc","status":"publish","type":"page","link":"https:\/\/pcpr.elk.pl\/index.php\/projekt-krok-w-przyszlosc\/","title":{"rendered":"Projekt &#8222;Krok w przysz\u0142o\u015b\u0107&#8221;"},"content":{"rendered":"\n<p><img loading=\"lazy\" class=\"aligncenter size-large wp-image-2408\" src=\"https:\/\/pcpr.elk.pl\/wp-content\/uploads\/2024\/04\/plakat-Krok-w-przyszlosc_page-0001-1024x724.jpg\" alt=\"\" width=\"683\" height=\"483\" srcset=\"https:\/\/pcpr.elk.pl\/wp-content\/uploads\/2024\/04\/plakat-Krok-w-przyszlosc_page-0001-1024x724.jpg 1024w, https:\/\/pcpr.elk.pl\/wp-content\/uploads\/2024\/04\/plakat-Krok-w-przyszlosc_page-0001-300x212.jpg 300w, https:\/\/pcpr.elk.pl\/wp-content\/uploads\/2024\/04\/plakat-Krok-w-przyszlosc_page-0001-768x543.jpg 768w, https:\/\/pcpr.elk.pl\/wp-content\/uploads\/2024\/04\/plakat-Krok-w-przyszlosc_page-0001-1536x1086.jpg 1536w, https:\/\/pcpr.elk.pl\/wp-content\/uploads\/2024\/04\/plakat-Krok-w-przyszlosc_page-0001-2048x1448.jpg 2048w, https:\/\/pcpr.elk.pl\/wp-content\/uploads\/2024\/04\/plakat-Krok-w-przyszlosc_page-0001-24x17.jpg 24w, https:\/\/pcpr.elk.pl\/wp-content\/uploads\/2024\/04\/plakat-Krok-w-przyszlosc_page-0001-36x25.jpg 36w, https:\/\/pcpr.elk.pl\/wp-content\/uploads\/2024\/04\/plakat-Krok-w-przyszlosc_page-0001-48x34.jpg 48w\" sizes=\"(max-width: 683px) 100vw, 683px\" \/><img loading=\"lazy\" class=\"aligncenter size-large wp-image-2405\" src=\"https:\/\/pcpr.elk.pl\/wp-content\/uploads\/2024\/04\/PLAKAT-A3-KROK-W-PRZYSZLOSC_page-0001-724x1024.jpg\" alt=\"\" width=\"683\" height=\"966\" srcset=\"https:\/\/pcpr.elk.pl\/wp-content\/uploads\/2024\/04\/PLAKAT-A3-KROK-W-PRZYSZLOSC_page-0001-724x1024.jpg 724w, https:\/\/pcpr.elk.pl\/wp-content\/uploads\/2024\/04\/PLAKAT-A3-KROK-W-PRZYSZLOSC_page-0001-212x300.jpg 212w, https:\/\/pcpr.elk.pl\/wp-content\/uploads\/2024\/04\/PLAKAT-A3-KROK-W-PRZYSZLOSC_page-0001-768x1086.jpg 768w, https:\/\/pcpr.elk.pl\/wp-content\/uploads\/2024\/04\/PLAKAT-A3-KROK-W-PRZYSZLOSC_page-0001-1086x1536.jpg 1086w, https:\/\/pcpr.elk.pl\/wp-content\/uploads\/2024\/04\/PLAKAT-A3-KROK-W-PRZYSZLOSC_page-0001-1448x2048.jpg 1448w, https:\/\/pcpr.elk.pl\/wp-content\/uploads\/2024\/04\/PLAKAT-A3-KROK-W-PRZYSZLOSC_page-0001-17x24.jpg 17w, https:\/\/pcpr.elk.pl\/wp-content\/uploads\/2024\/04\/PLAKAT-A3-KROK-W-PRZYSZLOSC_page-0001-25x36.jpg 25w, https:\/\/pcpr.elk.pl\/wp-content\/uploads\/2024\/04\/PLAKAT-A3-KROK-W-PRZYSZLOSC_page-0001-34x48.jpg 34w, https:\/\/pcpr.elk.pl\/wp-content\/uploads\/2024\/04\/PLAKAT-A3-KROK-W-PRZYSZLOSC_page-0001.jpg 1755w\" sizes=\"(max-width: 683px) 100vw, 683px\" \/><\/p>\n","protected":false},"excerpt":{"rendered":"","protected":false},"author":3,"featured_media":0,"parent":0,"menu_order":3,"comment_status":"closed","ping_status":"closed","template":"","meta":[],"_links":{"self":[{"href":"https:\/\/pcpr.elk.pl\/index.php\/wp-json\/wp\/v2\/pages\/2410"}],"collection":[{"href":"https:\/\/pcpr.elk.pl\/index.php\/wp-json\/wp\/v2\/pages"}],"about":[{"href":"https:\/\/pcpr.elk.pl\/index.php\/wp-json\/wp\/v2\/types\/page"}],"author":[{"embeddable":true,"href":"https:\/\/pcpr.elk.pl\/index.php\/wp-json\/wp\/v2\/users\/3"}],"replies":[{"embeddable":true,"href":"https:\/\/pcpr.elk.pl\/index.php\/wp-json\/wp\/v2\/comments?post=2410"}],"version-history":[{"count":3,"href":"https:\/\/pcpr.elk.pl\/index.php\/wp-json\/wp\/v2\/pages\/2410\/revisions"}],"predecessor-version":[{"id":2426,"href":"https:\/\/pcpr.elk.pl\/index.php\/wp-json\/wp\/v2\/pages\/2410\/revisions\/2426"}],"wp:attachment":[{"href":"https:\/\/pcpr.elk.pl\/index.php\/wp-json\/wp\/v2\/media?parent=2410"}],"curies":[{"name":"wp","href":"https:\/\/api.w.org\/{rel}","templated":true}]}}