{"id":24,"date":"2017-07-05T10:03:57","date_gmt":"2017-07-05T08:03:57","guid":{"rendered":"http:\/\/pcpr.elk.pl\/WP\/?page_id=24"},"modified":"2024-02-21T12:49:05","modified_gmt":"2024-02-21T11:49:05","slug":"domy-pomocy-spolecznej","status":"publish","type":"page","link":"https:\/\/pcpr.elk.pl\/index.php\/pcpr-elk\/dzial-ds-osob-niepelnosprawnych\/domy-pomocy-spolecznej\/","title":{"rendered":"Domy Pomocy Spo\u0142ecznej"},"content":{"rendered":"<h1 class=\"caption\" align=\"center\">Domy Pomocy Spo\u0142ecznej<\/h1>\n<h4 class=\"caption\" align=\"center\"><\/h4>\n<h4 class=\"caption\" align=\"center\"><strong>Osoby odpowiedzialne: Gra\u017cyna Ko\u0142nacka, Krystian Powichrowski<br \/>\n<\/strong><\/h4>\n<h4 class=\"caption\" align=\"justify\">CELE:<\/h4>\n<p class=\"caption\" align=\"justify\">1) przygotowanie dokumentacji do umieszczania uprawnionych os\u00f3b do odpowiednich plac\u00f3wek oraz ustalanie odp\u0142atno\u015bci za pobyt w tych plac\u00f3wkach<\/p>\n<p class=\"caption\" align=\"justify\">2) sprawowanie kontroli nad prawid\u0142owo\u015bci\u0105 funkcjonowania w\/w jednostek<\/p>\n<p class=\"caption\" align=\"justify\">3) doradztwo metodyczne dla o\u015brodk\u00f3w pomocy spo\u0142ecznej i pracownik\u00f3w socjalnych na obszarze powiatu.<\/p>\n<p>Zgodnie z przepisami ustawy o pomocy spo\u0142ecznej prawo do umieszczenia w domu pomocy spo\u0142ecznej przys\u0142uguje osobie wymagaj\u0105cej ca\u0142odobowej opieki z powodu wieku, choroby lub niepe\u0142nosprawno\u015bci, niemog\u0105cej samodzielnie funkcjonowa\u0107 w codziennym \u017cyciu, kt\u00f3rej nie mo\u017cna zapewni\u0107 niezb\u0119dnej pomocy w formie us\u0142ug opieku\u0144czych.<br \/>\nDomy Pomocy Spo\u0142ecznej, w zale\u017cno\u015bci od tego, dla kogo s\u0105 przeznaczone, dziel\u0105 si\u0119 na domy dla:<\/p>\n<p>\u00b7 os\u00f3b w podesz\u0142ym wieku;<br \/>\n\u00b7 os\u00f3b przewlekle somatycznie chorych;<br \/>\n\u00b7 os\u00f3b przewlekle psychicznie chorych;<br \/>\n\u00b7 dzieci i m\u0142odzie\u017cy niepe\u0142nosprawnych intelektualnie;<br \/>\n\u00b7 os\u00f3b niepe\u0142nosprawnych fizycznie.<\/p>\n<p>W powiecie e\u0142ckim funkcjonuje dom pomocy spo\u0142ecznej dla dzieci i m\u0142odzie\u017cy niepe\u0142nosprawnych intelektualnie oraz os\u00f3b przewlekle psychicznie chorych:<\/p>\n<p><strong>\u201eT\u0119czowy Dom\u201d Dom Pomocy Spo\u0142ecznej dla Dzieci prowadzony przez Zgromadzenie Si\u00f3str Benedyktynek Misjonarek<\/strong><br \/>\n19 &#8211; 300 E\u0142k, ul. Kili\u0144skiego 2,<br \/>\ntel. (87) 610 20 39,<br \/>\nfax: (87) 621 34 74<br \/>\ne-mail: <a href=\"mailto:teczowydom@elk.org.pl\">teczowydom@elk.org.pl<\/a>\u00a0 lub <a href=\"mailto:tdom@eol.pl\">tdom@eol.pl<\/a><\/p>\n<p><strong>Dom Pomocy Spo\u0142ecznej w Nowej Wsi E\u0142ckiej<\/strong><br \/>\n19 &#8211; 321 Nowa Wie\u015b E\u0142cka, ul. Lipowa 1<br \/>\ntel. (87) 619 74 90<\/p>\n","protected":false},"excerpt":{"rendered":"<p>Domy Pomocy Spo\u0142ecznej Osoby odpowiedzialne: Gra\u017cyna Ko\u0142nacka, Krystian Powichrowski CELE: 1) przygotowanie dokumentacji do umieszczania uprawnionych os\u00f3b do odpowiednich plac\u00f3wek oraz ustalanie odp\u0142atno\u015bci za pobyt w tych plac\u00f3wkach 2) sprawowanie kontroli nad prawid\u0142owo\u015bci\u0105 funkcjonowania w\/w jednostek 3) doradztwo metodyczne dla o\u015brodk\u00f3w pomocy spo\u0142ecznej i pracownik\u00f3w socjalnych na obszarze powiatu. Zgodnie z przepisami ustawy o pomocy [&hellip;]<\/p>\n","protected":false},"author":1,"featured_media":0,"parent":16,"menu_order":1,"comment_status":"closed","ping_status":"closed","template":"","meta":[],"_links":{"self":[{"href":"https:\/\/pcpr.elk.pl\/index.php\/wp-json\/wp\/v2\/pages\/24"}],"collection":[{"href":"https:\/\/pcpr.elk.pl\/index.php\/wp-json\/wp\/v2\/pages"}],"about":[{"href":"https:\/\/pcpr.elk.pl\/index.php\/wp-json\/wp\/v2\/types\/page"}],"author":[{"embeddable":true,"href":"https:\/\/pcpr.elk.pl\/index.php\/wp-json\/wp\/v2\/users\/1"}],"replies":[{"embeddable":true,"href":"https:\/\/pcpr.elk.pl\/index.php\/wp-json\/wp\/v2\/comments?post=24"}],"version-history":[{"count":4,"href":"https:\/\/pcpr.elk.pl\/index.php\/wp-json\/wp\/v2\/pages\/24\/revisions"}],"predecessor-version":[{"id":2316,"href":"https:\/\/pcpr.elk.pl\/index.php\/wp-json\/wp\/v2\/pages\/24\/revisions\/2316"}],"up":[{"embeddable":true,"href":"https:\/\/pcpr.elk.pl\/index.php\/wp-json\/wp\/v2\/pages\/16"}],"wp:attachment":[{"href":"https:\/\/pcpr.elk.pl\/index.php\/wp-json\/wp\/v2\/media?parent=24"}],"curies":[{"name":"wp","href":"https:\/\/api.w.org\/{rel}","templated":true}]}}