{"id":2209,"date":"2023-12-14T12:15:18","date_gmt":"2023-12-14T11:15:18","guid":{"rendered":"https:\/\/pcpr.elk.pl\/?page_id=2209"},"modified":"2025-07-01T10:27:01","modified_gmt":"2025-07-01T08:27:01","slug":"kandydaci-na-rodzine-zastepcza","status":"publish","type":"page","link":"https:\/\/pcpr.elk.pl\/index.php\/strona-glowna\/kandydaci-na-rodzine-zastepcza\/","title":{"rendered":"Kandydaci na rodzin\u0119 zast\u0119pcz\u0105"},"content":{"rendered":"\n<h2 style=\"text-align: center;\"><strong>Jak zosta\u0107 rodzin\u0105 zast\u0119pcz\u0105? \u2013 krok po kroku<\/strong><\/h2>\n<p style=\"text-align: justify;\"><br \/>Je\u015bli chcesz stworzy\u0107 dom pe\u0142en ciep\u0142a i bezpiecze\u0144stwa dla dzieci pozbawionych opieki biologicznej \u2013 jeste\u015b we w\u0142a\u015bciwym miejscu. Oto jak wygl\u0105da proces kwalifikacji kandydat\u00f3w na rodzin\u0119 zast\u0119pcz\u0105 lub do prowadzenia rodzinnego domu dziecka w Powiatowym Centrum Pomocy Rodzinie w E\u0142ku.<\/p>\n<p style=\"text-align: justify;\"><br \/><span style=\"color: #000080;\"><strong>1. Zg\u0142oszenie i z\u0142o\u017cenie dokument\u00f3w<\/strong><\/span><br \/>Kandydat osobi\u015bcie sk\u0142ada w PCPR E\u0142k:<br \/>&#8211; wniosek o wst\u0119pn\u0105 kwalifikacj\u0119 \u2013 Za\u0142. 1,<br \/>&#8211; zgod\u0119 na: sprawdzenie karalno\u015bci, wizyt\u0119 domow\u0105 i badanie psychologiczne \u2013 Za\u0142. 2<br \/>&#8211; zgod\u0119 na sprawdzenie kandydata w Rejestrze Sprawc\u00f3w Przest\u0119pstw na Tle Seksualnym Za\u0142. 3,<br \/>&#8211; wymagane o\u015bwiadczenia (m.in. o niekaralno\u015bci, stanie zdrowia, sytuacji mieszkaniowej) \u2013 Za\u0142. 4,<br \/>&#8211; za\u015bwiadczenie lekarskie,<br \/>&#8211; dokument potwierdzaj\u0105cy \u017ar\u00f3d\u0142o dochodu,<br \/>&#8211; odpis aktu ma\u0142\u017ce\u0144stwa (je\u015bli dotyczy).<br \/><span style=\"color: #000080;\"><strong>2. Wizyta domowa<\/strong><\/span><br \/>Pracownicy PCPR odwiedzaj\u0105 kandydat\u00f3w w ich miejscu zamieszkania, by:<br \/>&#8211; lepiej ich pozna\u0107,<br \/>&#8211; oceni\u0107 warunki bytowe i mieszkaniowe,<br \/>&#8211; sporz\u0105dzi\u0107 analiz\u0119 sytuacji osobistej, rodzinnej i maj\u0105tkowej.<br \/><span style=\"color: #000080;\"><strong>3. Badanie psychologiczne<\/strong><\/span><br \/>Psycholog przeprowadza diagnoz\u0119 motywacji i predyspozycji kandydat\u00f3w. Na tej podstawie sporz\u0105dzana jest opinia psychologiczna.<br \/><span style=\"color: #000080;\"><strong>4. Wst\u0119pna kwalifikacja<\/strong><\/span><br \/>Komisja kwalifikacyjna ocenia komplet dokument\u00f3w oraz opini\u0119 psychologiczn\u0105. Kandydat otrzymuje decyzj\u0119:<br \/>&#8211; Pozytywn\u0105 \u2013 mo\u017ce przyst\u0105pi\u0107 do szkolenia.<br \/>&#8211; Negatywn\u0105 \u2013 otrzymuje pisemne uzasadnienie, wskazuj\u0105ce obszary do zmiany i informacj\u0119 o mo\u017cliwo\u015bci odwo\u0142ania.<br \/><span style=\"color: #000080;\"><strong>5. Szkolenie<\/strong><\/span><br \/>Kandydat bierze udzia\u0142 w:<br \/>&#8211; warsztatach przygotowawczych,<br \/>&#8211; 10-godzinnych praktykach w rodzinie zast\u0119pczej zawodowej lub rodzinnym domu dziecka.<br \/>Szkolenie poprzedzone jest wnioskiem kandydata o skierowanie na szkolenie \u2013 Za\u0142. 5.<br \/>Po zako\u0144czeniu szkolenia kandydat otrzymuje \u015bwiadectwo jego uko\u0144czenia.<br \/><span style=\"color: #000080;\"><strong>6. Kwalifikacja ko\u0144cowa<\/strong><\/span><br \/>Po uko\u0144czeniu szkolenia kandydat sk\u0142ada wniosek o wydanie za\u015bwiadczenia kwalifikacyjnego \u2013 Za\u0142. 6. Komisja kwalifikacyjna podejmuje decyzj\u0119 o zakwalifikowaniu lub niezakwalifikowaniu kandydata.<br \/><span style=\"color: #000080;\"><strong>7. Wpis do rejestru<\/strong><\/span><br \/>Osoby zakwalifikowane zostaj\u0105 wpisane do rejestru rodzin zast\u0119pczych prowadzonego przez PCPR i przekazywanego do S\u0105du Rejonowego w E\u0142ku.<\/p>\n<h4 style=\"text-align: center;\"><br \/><span style=\"color: #333399;\"><strong>Masz pytania?<\/strong><\/span><br \/><span style=\"color: #333399;\"><strong>Skontaktuj si\u0119 z nami:<\/strong><\/span><br \/><span style=\"color: #333399;\"><strong>Adres: ul. Marsza\u0142ka J\u00f3zefa Pi\u0142sudskiego 5, 19-300 E\u0142k<\/strong><\/span><br \/><span style=\"color: #333399;\"><strong>Telefon: +48 790791398<\/strong><\/span><br \/><span style=\"color: #333399;\"><strong>E-mail: malinowski.k@pcpr.elk.pl<\/strong><\/span><\/h4>\n<p>\u00a0<\/p>\n<ul style=\"list-style-type: disc;\">\n<li style=\"text-align: justify;\">\n<h5><a href=\"https:\/\/pcpr.elk.pl\/wp-content\/uploads\/2025\/07\/Zal.-1-wniosek-o-wstepna-kwalifikacje-kandydata.pdf\">Za\u0142. 1 &#8211; wniosek o wst\u0119pn\u0105 kwalifikacj\u0119 kandydata<\/a><\/h5>\n<\/li>\n<li style=\"text-align: justify;\">\n<h5><a href=\"https:\/\/pcpr.elk.pl\/wp-content\/uploads\/2025\/07\/Zal.-2-oswiadczenie-kandydata-zgoda-na-badania-i-analize.pdf\">Za\u0142. 2 &#8211; o\u015bwiadczenie kandydata zgoda na badania i analiz\u0119<\/a><\/h5>\n<\/li>\n<li style=\"text-align: justify;\">\n<h5><a href=\"https:\/\/pcpr.elk.pl\/wp-content\/uploads\/2025\/07\/Zal.-3-Infomacja-dot.-przet.-dan.-RSPTS.pdf\">Za\u0142. 3 &#8211; Infomacja dot. przet. dan. &#8211; RSPTS<\/a><\/h5>\n<\/li>\n<li style=\"text-align: justify;\">\n<h5><a href=\"https:\/\/pcpr.elk.pl\/wp-content\/uploads\/2025\/07\/Zal.-4-oswiadczenie-wynikajace-z-ustawy-o-wrzispz.pdf\">Za\u0142. 4 &#8211; o\u015bwiadczenie wynikaj\u0105ce z ustawy o wrzispz<\/a><\/h5>\n<\/li>\n<li style=\"text-align: justify;\">\n<h5><a href=\"https:\/\/pcpr.elk.pl\/wp-content\/uploads\/2025\/07\/Zal.-5-wniosek-o-skierowanie-na-szkolenie-dla-kandydatow-do-pelnienia-funkcji-rodziny-zastepczej.pdf\">Za\u0142. 5 &#8211; wniosek o skierowanie na szkolenie dla kandydat\u00f3w do pe\u0142nienia funkcji rodziny zast\u0119pczej<\/a><\/h5>\n<\/li>\n<li style=\"text-align: justify;\">\n<h5><a href=\"https:\/\/pcpr.elk.pl\/wp-content\/uploads\/2025\/07\/Zal.-6-wniosek-o-wydanie-zaswiadczenia-kwalifikacyjnego.pdf\">Za\u0142. 6 &#8211; wniosek o wydanie za\u015bwiadczenia kwalifikacyjnego<\/a><\/h5>\n<\/li>\n<\/ul>\n<p>\u00a0<\/p>\n<p align=\"CENTER\">\u00a0<\/p>\n<p>\u00a0<\/p>\n","protected":false},"excerpt":{"rendered":"<p>Jak zosta\u0107 rodzin\u0105 zast\u0119pcz\u0105? \u2013 krok po kroku Je\u015bli chcesz stworzy\u0107 dom pe\u0142en ciep\u0142a i bezpiecze\u0144stwa dla dzieci pozbawionych opieki biologicznej \u2013 jeste\u015b we w\u0142a\u015bciwym miejscu. Oto jak wygl\u0105da proces kwalifikacji kandydat\u00f3w na rodzin\u0119 zast\u0119pcz\u0105 lub do prowadzenia rodzinnego domu dziecka w Powiatowym Centrum Pomocy Rodzinie w E\u0142ku. 1. Zg\u0142oszenie i z\u0142o\u017cenie dokument\u00f3wKandydat osobi\u015bcie sk\u0142ada [&hellip;]<\/p>\n","protected":false},"author":3,"featured_media":0,"parent":6,"menu_order":3,"comment_status":"closed","ping_status":"closed","template":"","meta":[],"_links":{"self":[{"href":"https:\/\/pcpr.elk.pl\/index.php\/wp-json\/wp\/v2\/pages\/2209"}],"collection":[{"href":"https:\/\/pcpr.elk.pl\/index.php\/wp-json\/wp\/v2\/pages"}],"about":[{"href":"https:\/\/pcpr.elk.pl\/index.php\/wp-json\/wp\/v2\/types\/page"}],"author":[{"embeddable":true,"href":"https:\/\/pcpr.elk.pl\/index.php\/wp-json\/wp\/v2\/users\/3"}],"replies":[{"embeddable":true,"href":"https:\/\/pcpr.elk.pl\/index.php\/wp-json\/wp\/v2\/comments?post=2209"}],"version-history":[{"count":18,"href":"https:\/\/pcpr.elk.pl\/index.php\/wp-json\/wp\/v2\/pages\/2209\/revisions"}],"predecessor-version":[{"id":3188,"href":"https:\/\/pcpr.elk.pl\/index.php\/wp-json\/wp\/v2\/pages\/2209\/revisions\/3188"}],"up":[{"embeddable":true,"href":"https:\/\/pcpr.elk.pl\/index.php\/wp-json\/wp\/v2\/pages\/6"}],"wp:attachment":[{"href":"https:\/\/pcpr.elk.pl\/index.php\/wp-json\/wp\/v2\/media?parent=2209"}],"curies":[{"name":"wp","href":"https:\/\/api.w.org\/{rel}","templated":true}]}}