{"id":22,"date":"2017-07-05T10:03:20","date_gmt":"2017-07-05T08:03:20","guid":{"rendered":"http:\/\/pcpr.elk.pl\/WP\/?page_id=22"},"modified":"2026-03-13T10:46:30","modified_gmt":"2026-03-13T09:46:30","slug":"dzial-ds-pomocy-dziecku-i-rodzinie","status":"publish","type":"page","link":"https:\/\/pcpr.elk.pl\/index.php\/pcpr-elk\/dzial-ds-pomocy-dziecku-i-rodzinie\/","title":{"rendered":"Dzia\u0142 ds. Rodzinnej Pieczy Zast\u0119pczej,                   Dzia\u0142 ds. Instytucjonalnej Pieczy Zast\u0119pczej, Usamodzielnie\u0144 i \u015awiadcze\u0144"},"content":{"rendered":"<h1 class=\"caption\" align=\"center\"><strong>Dzia\u0142 ds. Rodzinnej Pieczy Zast\u0119pczej<\/strong><\/h1>\n<ul>\n<li>Ma\u0142gorzata Kacprzyk &#8211; kierownik ds. Rodzinnej Pieczy Zast\u0119pczej (<a class=\"moz-txt-link-abbreviated\" href=\"mailto:gronek.e@pcpr.elkpl\">kacprzyk.m@pcpr.elk.pl<\/a>)<\/li>\n<li>Marta Narewska \u2013 starszy koordynator rodzinnej pieczy zast\u0119pczej (<a class=\"moz-txt-link-abbreviated\" href=\"mailto:narewska.m@pcpr.elk.pl\">narewska.m@pcpr.elk.pl<\/a>)<\/li>\n<li>Katarzyna Matysiak \u2013 starszy koordynator rodzinnej pieczy zast\u0119pczej (<a class=\"moz-txt-link-abbreviated\" href=\"mailto:matysiak.k@pcpr.elk.pl\">matysiak.k@pcpr.elk.pl<\/a>)<\/li>\n<li>Aneta Malinowska &#8211; koordynator rodzinnej pieczy zast\u0119pczej (<a href=\"mailto:malinowska.a@pcpr.elk.pl\">malinowska.a@pcpr.elk.pl<\/a>)<\/li>\n<li>El\u017cbieta Szubza &#8211; koordynator rodzinnej pieczy zast\u0119pczej (<a href=\"mailto:szubzda.e@pcpr.elk.pl\">szubzda.e@pcpr.elk.pl<\/a>)<\/li>\n<li>Beata R\u00f3\u017ca\u0144ska &#8211; koordynator rodzinnej pieczy zast\u0119pczej (<a href=\"mailto:rozanska.b@pcpr.elk.pl\">rozanska.b@pcpr.elk.pl<\/a>)<\/li>\n<li>Karolina Retel &#8211;\u00a0koordynator rodzinnej pieczy zast\u0119pczej (<a href=\"mailto:rozanska.b@pcpr.elk.pl\">retel.k@pcpr.elk.pl<\/a>)<\/li>\n<li>Renata Luty \u2013 specjalista pracy socjalnej (<a class=\"moz-txt-link-abbreviated\" href=\"mailto:luty.r@pcpr.elk.pl\">luty.r@pcpr.elk.pl<\/a>)<\/li>\n<li>Maja Popowska &#8211; pracownik socjalny (<a href=\"mailto:popowska.m@pcpr.elk.pl\">popowska.m@pcpr.elk.pl<\/a>)<\/li>\n<li>Katarzyna Falkowska &#8211; pracownik socjalny (<a href=\"mailto:falkowska.k@pcpr.elk.pl\">falkowska.k@pcpr.elk.pl<\/a>)<\/li>\n<li>Justyna Lulewicz &#8211; psycholog &#8211; dy\u017cury: pn. wt. \u015br. czw. pt. &#8211; 7.00-15.00 (<a class=\"moz-txt-link-abbreviated\" href=\"mailto:lulewicz.j@pcpr.elk.pl\">lulewicz.j@pcpr.elk.pl<\/a>)<\/li>\n<li>Maria Anna Ku\u015bmierczyk &#8211; Baran &#8211; pracownik socjalny (<a href=\"mailto:kusmierczyk-baran.m@pcpr.elk.pl\">kusmierczyk-baran.m@pcpr.elk.pl<\/a>)<\/li>\n<li>Karolina Bujnowska &#8211; referent (<a href=\"mailto:bujnowska.k@pcpr.elk.pl\">bujnowska.k@pcpr.elk.pl<\/a>)<\/li>\n<li>Anna Weso\u0142owska &#8211; inspektor (<a href=\"mailto:wesolowska.@pcpr.elk.pl\">wesolowska.a@pcpr.elk.pl<\/a>)<\/li>\n<\/ul>\n<h1 style=\"text-align: center;\"><strong>Dzia\u0142 ds. Instytucjonalnej pieczy zast\u0119pczej, usamodzielnie\u0144 i \u015bwiadcze\u0144<\/strong><\/h1>\n<ul>\n<li>Ewelina Gronek &#8211; Iwaszko &#8211; kierownik dzia\u0142u (<a href=\"mailto:gronek.e@pcpr.elk.pl\">gronek.e@pcpr.elk.pl<\/a>)<\/li>\n<li>Dorota Iwaszko \u2013 starszy inspektor (<a class=\"moz-txt-link-abbreviated\" href=\"mailto:iwaszko.d@pcpr.elk.pl\">iwaszko.d@pcpr.elk.pl<\/a>)<\/li>\n<li>Ewelina Gutowska &#8211; starszy inspektor (<a class=\"moz-txt-link-abbreviated\" href=\"mailto:gutowska.e@pcpr.elk.pl\">gutowska.e@pcpr.elk.pl<\/a>)<\/li>\n<li>Bo\u017cena Barwikowska &#8211; starszy pracownik socjalny (<a href=\"mailto:barwikowska.b@pcpr.elk.pl\">barwikowska.b@pcpr.elk.pl<\/a>)<\/li>\n<\/ul>\n<p><span style=\"text-decoration: underline;\"><b>1. Dzia\u0142 ds. Rodzinnej Pieczy Zast\u0119pczej<\/b> realizuje nast\u0119puj\u0105ce zadania:<\/span><\/p>\n<p align=\"JUSTIFY\">1. Zadania wynikaj\u0105ce z rz\u0105dowych program\u00f3w wspierania rodziny i systemu pieczy zast\u0119pczej (zlecone z zakresu administracji rz\u0105dowej),<\/p>\n<p align=\"JUSTIFY\">2. Ustalanie koszt\u00f3w pobytu w pieczy zast\u0119pczej cudzoziemc\u00f3w oraz prowadzenie dokumentacji w tym zakresie (zlecone z zakresu administracji rz\u0105dowej),<\/p>\n<p align=\"JUSTIFY\">3. Opracowanie i realizacja 3-letnich powiatowych program\u00f3w dotycz\u0105cych rozwoju pieczy zast\u0119pczej, zawieraj\u0105cych mi\u0119dzy innymi coroczny limit rodzin zast\u0119pczych zawodowych,<\/p>\n<p align=\"JUSTIFY\">4. Zapewnienie dzieciom pieczy zast\u0119pczej w rodzinach zast\u0119pczych, rodzinnych domach dziecka oraz w plac\u00f3wkach opieku\u0144czo-wychowawczych,<\/p>\n<p align=\"JUSTIFY\">5. Organizowanie wsparcia osobom usamodzielnianym opuszczaj\u0105cym rodziny zast\u0119pcze, rodzinne domy dziecka oraz plac\u00f3wki opieku\u0144czo-wychowawcze i regionalne plac\u00f3wki opieku\u0144czo-terapeutyczne, przez wspieranie procesu usamodzielnienia,<\/p>\n<p align=\"JUSTIFY\">6. Tworzenie warunk\u00f3w do powstawania i dzia\u0142ania rodzin zast\u0119pczych, rodzinnych dom\u00f3w dziecka i rodzin pomocowych;<\/p>\n<p align=\"JUSTIFY\">7. Wsp\u00f3\u0142dzia\u0142anie, nadz\u00f3r, kontrola nad plac\u00f3wkami opieku\u0144czo-wychowawczymi oraz plac\u00f3wkami wsparcia dziennego o zasi\u0119gu ponad gminnym;<\/p>\n<p align=\"JUSTIFY\">8. Organizowanie szkole\u0144 dla rodzin zast\u0119pczych, prowadz\u0105cych rodzinne domy dziecka, rodzin pomocowych i dyrektor\u00f3w plac\u00f3wek opieku\u0144czo-wychowawczych typu rodzinnego oraz kandydat\u00f3w do pe\u0142nienia funkcji rodziny zast\u0119pczej, prowadzenia rodzinnego domu dziecka lub pe\u0142nienia funkcji dyrektora plac\u00f3wki opieku\u0144czo-wychowawczej typu rodzinnego,<\/p>\n<p align=\"JUSTIFY\">9. Organizowanie specjalistycznego wsparcia dla rodzinnej pieczy zast\u0119pczej,<\/p>\n<p align=\"JUSTIFY\">10. Zapewnienie przeprowadzenia przyj\u0119temu do pieczy zast\u0119pczej dziecku niezb\u0119dnych bada\u0144 lekarskich,<\/p>\n<p align=\"JUSTIFY\">11. Kompletowanie we wsp\u00f3\u0142pracy z w\u0142a\u015bciwym o\u015brodkiem pomocy spo\u0142ecznej dokumentacji zwi\u0105zanej z przygotowaniem dziecka do umieszczenia w rodzinie zast\u0119pczej albo rodzinnym domu dziecka,<\/p>\n<p align=\"JUSTIFY\">12. Ustalanie wysoko\u015bci \u015bwiadcze\u0144 zwi\u0105zanych z piecz\u0105 zast\u0119pcz\u0105 (szkolenia, usamodzielnienia, comiesi\u0119czna pomoc),<\/p>\n<p align=\"JUSTIFY\">13. Sporz\u0105dzanie sprawozda\u0144 rzeczowo-finansowych z zakresu wspierania rodziny i systemu pieczy zast\u0119pczej oraz przekazywanie ich w\u0142a\u015bciwemu wojewodzie, w wersji elektronicznej, z zastosowaniem systemu teleinformatycznego,<\/p>\n<p align=\"JUSTIFY\">14. Przekazywanie do biura informacji gospodarczej informacji o d\u0142u\u017cnikach,<\/p>\n<p align=\"JUSTIFY\">15. Prowadzenie rejestru danych o osobach zakwalifikowanych do pe\u0142nienia funkcji rodziny zast\u0119pczej zawodowej, rodziny zast\u0119pczej niezawodowej lub do prowadzenia rodzinnego domu dziecka oraz pe\u0142ni\u0105cych funkcj\u0119 rodziny zast\u0119pczej zawodowej lub rodziny zast\u0119pczej niezawodowej oraz prowadz\u0105cych rodzinny dom dziecka,<\/p>\n<p align=\"JUSTIFY\">16. Dokonywanie okresowej oceny sytuacji dzieci przebywaj\u0105cych w rodzinnej pieczy zast\u0119pczej,<\/p>\n<p align=\"JUSTIFY\">17. Wykonywanie funkcji <b>koordynatora rodzinnej pieczy zast\u0119pczej<\/b> do kt\u00f3rego zada\u0144 w szczeg\u00f3lno\u015bci nale\u017cy:<\/p>\n<p align=\"JUSTIFY\">1) udzielanie pomocy rodzinom zast\u0119pczym i prowadz\u0105cym rodzinne domy dziecka w realizacji zada\u0144 wynikaj\u0105cych z pieczy zast\u0119pczej,<\/p>\n<p align=\"JUSTIFY\">2) przygotowanie, we wsp\u00f3\u0142pracy z asystentem rodziny i odpowiednio rodzin\u0105 zast\u0119pcz\u0105 lub prowadz\u0105cym rodzinny dom dziecka, planu pomocy dziecku,<\/p>\n<p align=\"JUSTIFY\">3) pomoc rodzinom zast\u0119pczym oraz prowadz\u0105cym rodzinne domy dziecka w nawi\u0105zaniu wzajemnego kontaktu,<\/p>\n<p align=\"JUSTIFY\">4) zapewnianie rodzinom zast\u0119pczym oraz prowadz\u0105cym rodzinne domy dziecka dost\u0119pu do specjalistycznej pomocy dla dzieci, w tym psychologicznej, reedukacyjnej i rehabilitacyjnej,<\/p>\n<p align=\"JUSTIFY\">5) zg\u0142aszanie do o\u015brodk\u00f3w adopcyjnych informacji o dzieciach z uregulowan\u0105 sytuacj\u0105 prawn\u0105, w celu poszukiwania dla nich rodzin przysposabiaj\u0105cych,<\/p>\n<p align=\"JUSTIFY\">6) udzielanie wsparcia pe\u0142noletnim wychowankom rodzinnych form pieczy zast\u0119pczej,<\/p>\n<p align=\"JUSTIFY\">7) przedstawianie corocznego sprawozdania z efekt\u00f3w pracy organizatorowi rodzinnej pieczy zast\u0119pczej.<\/p>\n<p align=\"JUSTIFY\">18. Do zada\u0144 <b>psychologa<\/b> w szczeg\u00f3lno\u015bci nale\u017cy:<\/p>\n<p align=\"JUSTIFY\">1) zapewnienie pomocy i wsparcia psychologicznego osobom sprawuj\u0105cym rodzinn\u0105 piecz\u0119 zast\u0119pcz\u0105 w szczeg\u00f3lno\u015bci grup wsparcia,<\/p>\n<p align=\"JUSTIFY\">2) zapewnienie rodzinom zast\u0119pczym zawodowym, niezawodowym oraz prowadz\u0105cym rodzinne domy dziecka poradnictwa psychologicznego, kt\u00f3re ma na celu zachowanie i wzmocnienie kompetencji oraz przeciwdzia\u0142aniu zjawiska wypalenia zawodowego,<\/p>\n<p align=\"JUSTIFY\">3) zapewnienie wsparcia psychologicznego dzieciom przebywaj\u0105cym w rodzinnej pieczy zast\u0119pczej,<\/p>\n<p align=\"JUSTIFY\">4) prowadzenie konsultacji psychologicznych dla dzieci, rodzin zast\u0119pczych oraz prowadz\u0105cych rodzinne domy dziecka,<\/p>\n<p align=\"JUSTIFY\">5) badania psychologiczne dla kandydat\u00f3w na rodziny zast\u0119pcze,<\/p>\n<p align=\"JUSTIFY\">6) kwalifikowanie kandydat\u00f3w na rodziny zast\u0119pcze i rodzinne domy dziecka,<\/p>\n<p align=\"JUSTIFY\">7) praca w \u015brodowisku rodzin zast\u0119pczych i rodzinnego domu dziecka,<\/p>\n<p align=\"JUSTIFY\">8) sporz\u0105dzanie diagnoz psychologicznych dzieci i funkcjonuj\u0105cych rodzin zast\u0119pczych,<\/p>\n<p align=\"JUSTIFY\">9) wsparcie i wsp\u00f3\u0142praca z zespo\u0142em pieczy zast\u0119pczej.<\/p>\n<p>19. Sporz\u0105dzanie decyzji o przyznaniu pomocy finansowej rodzinom zast\u0119pczym i rodzinnym domom dziecka,<\/p>\n<p>20. Sporz\u0105dzanie zestawie\u0144 pomocy finansowej dla rodzin zast\u0119pczych i rodzinnym domom dziecka,<\/p>\n<p>21. Przygotowywanie inf. i sprawozda\u0144 z wydatk\u00f3w \u015brodk\u00f3w finansowych na pomoc dla rodzin zast\u0119pczych,<\/p>\n<p>22. Przygotowywanie sprawozda\u0144 finansowych zwi\u0105zanych z wyp\u0142at\u0105 \u015bwiadcze\u0144 dla rodzin zast\u0119pczych.<\/p>\n<p align=\"JUSTIFY\">\n<p>2. Do zada\u0144 <b>Dzia\u0142u ds. Instytucjonalnej Pieczy Zast\u0119pczej, Usamodzielnie\u0144 i \u015awiadcze\u0144<\/b> nale\u017cy:<\/p>\n<p style=\"text-align: justify;\">1.Praca socjalna z usamodzielniaj\u0105cymi si\u0119 wychowankami z domu pomocy spo\u0142ecznej dla dzieci i m\u0142odzie\u017cy niepe\u0142nosprawnych intelektualnie, z m\u0142odzie\u017cowego o\u015brodka wychowawczego, specjalnego o\u015brodka wychowawczego, specjalnego o\u015brodka szkolno-wychowawczego, zak\u0142adu poprawczego, schroniska dla nieletnich oraz okr\u0119gowego o\u015brodka wychowawczego,<\/p>\n<p style=\"text-align: justify;\" align=\"JUSTIFY\">2. Udzielanie informacji o przys\u0142uguj\u0105cych \u015bwiadczeniach i dost\u0119pnych formach pomocy dla dzieci przebywaj\u0105cych w plac\u00f3wkach opieku\u0144czo-wychowawczych,<\/p>\n<p style=\"text-align: justify;\" align=\"JUSTIFY\">3. Prowadzenie dokumentacji ma\u0142oletnich przebywaj\u0105cych w \u201eDomu \u015aw. Faustyny\u201d,<\/p>\n<p style=\"text-align: justify;\" align=\"JUSTIFY\">4. Wsp\u00f3\u0142praca ze \u015brodowiskiem lokalnym, w szczeg\u00f3lno\u015bci z o\u015brodkami pomocy spo\u0142ecznej, s\u0105dami i ich organami pomocniczymi, instytucjami o\u015bwiatowymi, podmiotami leczniczymi, a tak\u017ce zwi\u0105zkami wyznaniowymi oraz z organizacjami spo\u0142ecznymi,<\/p>\n<p style=\"text-align: justify;\" align=\"JUSTIFY\">5. Nadz\u00f3r nad realizacj\u0105 programu korekcyjno-edukacyjnego dla sprawc\u00f3w przemocy,<\/p>\n<p style=\"text-align: justify;\" align=\"JUSTIFY\">6. Uczestniczenie w Zespo\u0142ach Interdyscyplinarnych na terenie Powiatu E\u0142ckiego,<\/p>\n<p align=\"JUSTIFY\">7. Przeprowadzanie wywiad\u00f3w \u015brodowiskowych u os\u00f3b lub rodzin korzystaj\u0105cych ze \u015bwiadcze\u0144 pomocy spo\u0142ecznej- celem ustalenia odp\u0142atno\u015bci za pobyt w DPS \u201eT\u0119czowy Dom\u201d w E\u0142ku oraz os\u00f3b opuszczaj\u0105cych domy pomocy spo\u0142ecznej dla dzieci i m\u0142odzie\u017cy niepe\u0142nosprawnych intelektualnie, m\u0142odzie\u017cowy o\u015brodek wychowawczy, specjalny o\u015brodek wychowawczy, specjalny o\u015brodek szkolno-wychowawczy, zak\u0142ad poprawczy, schroniska dla nieletnich oraz okr\u0119gowy o\u015brodek wychowawczy celem przyznania pomocy na kontynuacj\u0119 nauki, usamodzielnienie b\u0105d\u017a zagospodarowanie,<\/p>\n<p align=\"JUSTIFY\">8. Wsp\u00f3\u0142praca ze \u015brodowiskiem lokalnym, w szczeg\u00f3lno\u015bci z o\u015brodkami pomocy spo\u0142ecznej, s\u0105dami i ich organami pomocniczymi, instytucjami o\u015bwiatowymi, podmiotami leczniczymi, a tak\u017ce zwi\u0105zkami wyznaniowymi oraz organizacjami spo\u0142ecznymi,<\/p>\n<p>9. P<span style=\"font-family: Times New Roman, serif;\"><span style=\"font-size: medium;\">rowadzenie spraw zwi\u0105zanych z ponoszeniem odp\u0142atno\u015bci oraz zawieraniem porozumie\u0144 z powiatami, na terenie kt\u00f3rych przebywaj\u0105 w pieczy zast\u0119pczej dzieci pochodz\u0105ce z terenu powiatu e\u0142ckiego,<\/span><\/span><\/p>\n<p><span style=\"font-family: Times New Roman, serif;\"><span style=\"font-size: medium;\">10. Prowadzenie spraw zwi\u0105zanych z ponoszeniem odp\u0142atno\u015bci oraz zawieraniem porozumie\u0144 z powiatami, z kt\u00f3rych pochodz\u0105 dzieci przebywaj\u0105ce w rodzinach zast\u0119pczych i plac\u00f3wkach opieku\u0144czo- wychowawczych funkcjonuj\u0105cych na terenie powiatu e\u0142ckiego, <\/span><\/span><\/p>\n<p><span style=\"font-family: Times New Roman, serif;\"><span style=\"font-size: medium;\">11. Prowadzenie spraw zwi\u0105zanych z ponoszeniem op\u0142at przez gminy, z kt\u00f3rych pochodz\u0105 dzieci przebywaj\u0105ce w rodzinach zast\u0119pczych i plac\u00f3wkach funkcjonuj\u0105cych na terenie powiatu e\u0142ckiego lub za kt\u00f3re powiat e\u0142cki ponosi koszty utrzymania,<\/span><\/span><\/p>\n<p><span style=\"font-family: Times New Roman, serif;\"><span style=\"font-size: medium;\">12. Wydawanie skierowa\u0144 ma\u0142oletnich do plac\u00f3wek opieku\u0144czo-wychowawczych funkcjonuj\u0105cych na terenie powiatu e\u0142ckiego,<\/span><\/span><\/p>\n<p>13.<span style=\"font-family: Times New Roman, serif;\"><span style=\"font-size: medium;\"> Przyznawanie pomocy pieni\u0119\u017cnej na usamodzielnienie oraz na kontynuowanie nauki osobom opuszczaj\u0105cym rodziny zast\u0119pcze, plac\u00f3wki opieku\u0144czo- wychowawcze, domy pomocy spo\u0142ecznej dla dzieci i m\u0142odzie\u017cy niepe\u0142nosprawnych intelektualnie, domy dla matek z ma\u0142oletnimi dzie\u0107mi i kobiet w ci\u0105\u017cy oraz schroniska dla nieletnich, zak\u0142ady poprawcze, specjalne o\u015brodki szkolno- wychowawcze, specjalne o\u015brodki wychowawcze, m\u0142odzie\u017cowe o\u015brodki socjoterapii zapewniaj\u0105ce ca\u0142odobow\u0105 opiek\u0119 lub m\u0142odzie\u017cowe o\u015brodki wychowawcze,<\/span><\/span><\/p>\n<p>14. P<span style=\"font-family: Times New Roman, serif;\"><span style=\"font-size: medium;\">lanowanie \u015brodk\u00f3w finansowych na realizacj\u0119 zada\u0144 zwi\u0105zanych z usamodzielnieniem wychowank\u00f3w,<\/span><\/span><\/p>\n","protected":false},"excerpt":{"rendered":"<p>Dzia\u0142 ds. Rodzinnej Pieczy Zast\u0119pczej Ma\u0142gorzata Kacprzyk &#8211; kierownik ds. Rodzinnej Pieczy Zast\u0119pczej (kacprzyk.m@pcpr.elk.pl) Marta Narewska \u2013 starszy koordynator rodzinnej pieczy zast\u0119pczej (narewska.m@pcpr.elk.pl) Katarzyna Matysiak \u2013 starszy koordynator rodzinnej pieczy zast\u0119pczej (matysiak.k@pcpr.elk.pl) Aneta Malinowska &#8211; koordynator rodzinnej pieczy zast\u0119pczej (malinowska.a@pcpr.elk.pl) El\u017cbieta Szubza &#8211; koordynator rodzinnej pieczy zast\u0119pczej (szubzda.e@pcpr.elk.pl) Beata R\u00f3\u017ca\u0144ska &#8211; koordynator rodzinnej pieczy zast\u0119pczej [&hellip;]<\/p>\n","protected":false},"author":1,"featured_media":0,"parent":42,"menu_order":4,"comment_status":"closed","ping_status":"closed","template":"","meta":[],"_links":{"self":[{"href":"https:\/\/pcpr.elk.pl\/index.php\/wp-json\/wp\/v2\/pages\/22"}],"collection":[{"href":"https:\/\/pcpr.elk.pl\/index.php\/wp-json\/wp\/v2\/pages"}],"about":[{"href":"https:\/\/pcpr.elk.pl\/index.php\/wp-json\/wp\/v2\/types\/page"}],"author":[{"embeddable":true,"href":"https:\/\/pcpr.elk.pl\/index.php\/wp-json\/wp\/v2\/users\/1"}],"replies":[{"embeddable":true,"href":"https:\/\/pcpr.elk.pl\/index.php\/wp-json\/wp\/v2\/comments?post=22"}],"version-history":[{"count":52,"href":"https:\/\/pcpr.elk.pl\/index.php\/wp-json\/wp\/v2\/pages\/22\/revisions"}],"predecessor-version":[{"id":3622,"href":"https:\/\/pcpr.elk.pl\/index.php\/wp-json\/wp\/v2\/pages\/22\/revisions\/3622"}],"up":[{"embeddable":true,"href":"https:\/\/pcpr.elk.pl\/index.php\/wp-json\/wp\/v2\/pages\/42"}],"wp:attachment":[{"href":"https:\/\/pcpr.elk.pl\/index.php\/wp-json\/wp\/v2\/media?parent=22"}],"curies":[{"name":"wp","href":"https:\/\/api.w.org\/{rel}","templated":true}]}}