{"id":18,"date":"2017-07-05T09:54:59","date_gmt":"2017-07-05T07:54:59","guid":{"rendered":"http:\/\/pcpr.elk.pl\/WP\/?page_id=18"},"modified":"2019-02-06T19:25:31","modified_gmt":"2019-02-06T18:25:31","slug":"rehabilitacja-spoleczna","status":"publish","type":"page","link":"https:\/\/pcpr.elk.pl\/index.php\/pcpr-elk\/dzial-ds-osob-niepelnosprawnych\/rehabilitacja-spoleczna\/","title":{"rendered":"Rehabilitacja spo\u0142eczna"},"content":{"rendered":"<h1 style=\"text-align: center;\"><\/h1>\n<h1 style=\"text-align: center;\">Rehabilitacja spo\u0142eczna<\/h1>\n<h4 class=\"western\"><\/h4>\n<h4 class=\"western\">Rehabilitacja spo\u0142eczna ma na celu umo\u017cliwienie osobom niepe\u0142nosprawnym uczestnictwo w \u017cyciu spo\u0142ecznym poprzez:<\/h4>\n<ul>\n<li>\n<p align=\"JUSTIFY\">pobudzanie aktywno\u015bci spo\u0142ecznej,<\/p>\n<\/li>\n<li>\n<p align=\"JUSTIFY\">wyrabianie umiej\u0119tno\u015bci samodzielnego wype\u0142niania r\u00f3l spo\u0142ecznych,<\/p>\n<\/li>\n<li>\n<p align=\"JUSTIFY\">likwidacji barier architektonicznych, urbanistycznych, transportowych, w komunikowaniu si\u0119 i technicznych,<\/p>\n<\/li>\n<li>\n<p align=\"JUSTIFY\">kszta\u0142towanie w spo\u0142ecze\u0144stwie w\u0142a\u015bciwych postaw i zachowa\u0144 sprzyjaj\u0105cych integracji z osobami niepe\u0142nosprawnymi.<\/p>\n<\/li>\n<\/ul>\n<h4 class=\"western\">Ze \u015brodk\u00f3w Pa\u0144stwowego Funduszu Rehabilitacji Os\u00f3b Niepe\u0142nosprawnych za po\u015brednictwem Powiatowego Centrum Pomocy Rodzinie w E\u0142ku dofinansowywane jest:<\/h4>\n<ol>\n<li>\n<p align=\"JUSTIFY\">Uczestnictwo os\u00f3b niepe\u0142nosprawnych i ich opiekun\u00f3w w turnusach rehabilitacyjnych,<\/p>\n<\/li>\n<li>\n<p align=\"JUSTIFY\">Zaopatrzenie w sprz\u0119t rehabilitacyjny, przedmioty ortopedyczne i \u015brodki pomocnicze,<\/p>\n<\/li>\n<li>\n<p align=\"JUSTIFY\">Likwidacja barier architektonicznych, w komunikowaniu si\u0119 i technicznych, w zwi\u0105zku z indywidualnymi potrzebami os\u00f3b niepe\u0142nosprawnych,<\/p>\n<\/li>\n<li>Sport, kultura, rekreacja i turystyka os\u00f3b niepe\u0142nosprawnych,<\/li>\n<li>\n<p align=\"JUSTIFY\">Dofinansowanie koszt\u00f3w tworzenia i dzia\u0142ania warsztat\u00f3w terapii zaj\u0119ciowej.<\/p>\n<\/li>\n<\/ol>\n<p align=\"JUSTIFY\">Aby skorzysta\u0142 z dofinansowania niezb\u0119dne jest posiadanie przez wnioskodawc\u0119 aktualnego orzeczenia o stopniu niepe\u0142nosprawno\u015bci lub o zaliczeniu do jednej z trzech grup inwalidzkich<\/p>\n<h1 style=\"text-align: center;\" align=\"JUSTIFY\">Bariery architektoniczne<\/h1>\n<p>&nbsp;<\/p>\n<p>&nbsp;<\/p>\n<h2 class=\"western\"><strong>Likwidacja barier architektonicznych<\/strong><\/h2>\n<p align=\"JUSTIFY\">Bariery architektoniczne to wszelkiego rodzaju utrudnienia zak\u0142\u00f3caj\u0105ce funkcjonowanie osoby niepe\u0142nosprawnej w najbli\u017cszym otoczeniu.<\/p>\n<p align=\"JUSTIFY\"><span title=\"viagra\">W ramach likwidacji barier architektonicznych Powiatowe Centrum Pomocy Rodzinie w E\u0142ku mo\u017ce dofinansowa\u0107 np. przystosowanie \u0142azienki czy wykonanie podjazdu dla w\u00f3zk\u00f3w inwalidzkich. <\/span><\/p>\n<p align=\"JUSTIFY\">Szczeg\u00f3\u0142owe informacje dotycz\u0105ce dofinansowa\u0144 z Pa\u0144stwowego Funduszu Rehabilitacji Os\u00f3b Niepe\u0142nosprawnych zawarte s\u0105 w zasadach udzielania dofinansowa\u0144 na dany rok.<\/p>\n<p align=\"JUSTIFY\">Nie dofinansowujemy np.: docieple\u0144 budynk\u00f3w, wymiany dachu, ogrodzenia posesji.<\/p>\n<h4 align=\"JUSTIFY\"><strong>Wysoko\u015b\u0107 dofinansowania<\/strong><\/h4>\n<p align=\"JUSTIFY\">Wysoko\u015b\u0107 dofinansowania uzale\u017cniona jest od ilo\u015bci \u015brodk\u00f3w finansowych, jakie Powiat E\u0142cki w danym roku otrzymuje z Pa\u0144stwowego Funduszu Rehabilitacji Os\u00f3b Niepe\u0142nosprawnych. Dla indywidualnego wnioskodawcy nie mo\u017ce ona jednak przekroczy\u0107 95 % ca\u0142kowitej kwoty zwi\u0105zanej z likwidacj\u0105 barier architektonicznych. Ponadto wnioskodawca musi posiada\u0107 w\u0142asne \u015brodki w wysoko\u015bci co najmniej 5 %.<\/p>\n<h1 style=\"text-align: center;\" align=\"JUSTIFY\"><\/h1>\n<h1 style=\"text-align: center;\" align=\"JUSTIFY\"><span style=\"color: #0000ff;\">Bariery techniczne<\/span><\/h1>\n<p>&nbsp;<\/p>\n<p>&nbsp;<\/p>\n<h3 class=\"western\"><span title=\"cialis\">Likwidacja barier technicznych<\/span><\/h3>\n<p align=\"JUSTIFY\">Bariery techniczne to bariery utrudniaj\u0105ce lub uniemo\u017cliwiaj\u0105ce osobie niepe\u0142nosprawnej funkcjonowanie spo\u0142eczne. Likwidacja tej bariery powinna powodowa\u0107 sprawniejsze dzia\u0142anie osoby w spo\u0142ecze\u0144stwie i umo\u017cliwi\u0107 jej funkcjonowanie w \u017cyciu codziennym.<\/p>\n<p align=\"JUSTIFY\">W ramach likwidacji barier technicznych Powiatowe Centrum Pomocy Rodzinie w E\u0142ku mo\u017ce dofinansowa\u0107 np: pomp\u0119 insulinow\u0105, podno\u015bnik, papier brajlowski.<\/p>\n<p align=\"JUSTIFY\">Szczeg\u00f3\u0142owe informacje dotycz\u0105ce dofinansowa\u0144 z Pa\u0144stwowego Funduszu Rehabilitacji Os\u00f3b Niepe\u0142nosprawnych zawarte s\u0105 w zasadach udzielania dofinansowa\u0144 na dany rok.<\/p>\n<h4 class=\"western\"><strong>Wysoko\u015b\u0107 dofinansowania<\/strong><\/h4>\n<p>Wysoko\u015b\u0107 dofinansowania uzale\u017cniona jest od ilo\u015bci \u015brodk\u00f3w finansowych, jakie Powiat E\u0142cki w danym roku otrzymuje z Pa\u0144stwowego Funduszu Rehabilitacji Os\u00f3b Niepe\u0142nosprawnych.<br \/>\nDla indywidualnego wnioskodawcy nie mo\u017ce ona jednak przekroczy? 95 % ca\u0142kowitej kwoty zwi\u0105zanej z likwidacj\u0105 barier architektonicznych.<br \/>\nPonadto wnioskodawca musi posiada\u0107 w\u0142asne \u015brodki w wysoko\u015bci co najmniej 5 %.<br \/>\nDofinansowanie przyznawane jest raz na 3lata.<\/p>\n<p>&nbsp;<\/p>\n<h1 style=\"text-align: center;\">Bariery w komunikowaniu si\u0119<\/h1>\n<p>&nbsp;<\/p>\n<p>&nbsp;<\/p>\n<h3 class=\"western\">Likwidacja barier w komunikowaniu si\u0119<\/h3>\n<p align=\"JUSTIFY\">Do barier w komunikowaniu si\u0119 zaliczane s\u0105 wszelkie ograniczenia uniemo\u017cliwiaj\u0105ce lub utrudniaj\u0105ce osobie niepe\u0142nosprawnej swobodne porozumiewanie si\u0119 i przekazywanie informacji. W ramach likwidacji barier w komunikowaniu si\u0119 Powiatowe Centrum Pomocy Rodzinie w E\u0142ku mo\u017ce dofinansowa\u0107 np: maszyn\u0119 brajlowsk\u0105, komputer,<\/p>\n<p align=\"JUSTIFY\">Szczeg\u00f3\u0142owe informacje dotycz\u0105ce dofinansowa\u0144 z Pa\u0144stwowego Funduszu Rehabilitacji Os\u00f3b Niepe\u0142nosprawnych zawarte s\u0105 w zasadach udzielania dofinansowa\u0144 na dany rok.<\/p>\n<h4 align=\"JUSTIFY\"><strong>Wysoko\u015b\u0107 dofinansowania<\/strong><\/h4>\n<p align=\"JUSTIFY\">Wysoko\u015b\u0107 dofinansowania uzale\u017cniona jest od ilo\u015bci \u015brodk\u00f3w finansowych, jakie Powiat E\u0142cki w danym roku otrzymuje z Pa\u0144stwowego Funduszu Rehabilitacji Os\u00f3b Niepe\u0142nosprawnych. Dla indywidualnego wnioskodawcy nie mo\u017ce ona jednak przekroczy\u0107 95 % ca\u0142kowitej kwoty zwi\u0105zanej z likwidacj\u0105 barier architektonicznych. Ponadto wnioskodawca musi posiada\u0107 w\u0142asne \u015brodki w wysoko\u015bci co najmniej 5 %.<\/p>\n<p align=\"JUSTIFY\">Dofinansowanie przyznawane jest raz na 3 lata.<\/p>\n<h1 style=\"text-align: center;\" align=\"JUSTIFY\"><\/h1>\n<h1 style=\"text-align: center;\" align=\"JUSTIFY\">Przedmioty ortopedyczne i \u015brodki pomocnicze<\/h1>\n<p>&nbsp;<\/p>\n<p>&nbsp;<\/p>\n<h3 class=\"western\">Zaopatrzenie w przedmioty ortopedyczne i \u015brodki pomocnicze<\/h3>\n<p align=\"JUSTIFY\">Do sprz\u0119tu ortopedycznego i \u015brodk\u00f3w pomocniczych dofinansowywanych przez PCPR nale\u017c\u0105 m.in. w\u00f3zki inwalidzkie, kule, laski, balkoniki, protezy ko\u0144czyn g\u00f3rnych i dolnych, aparaty s\u0142uchowe, obuwie ortopedyczne, cewniki.<\/p>\n<h4 class=\"western\"><strong>Wysoko\u015b\u0107 dofinansowania<\/strong><\/h4>\n<ul>\n<li>\n<p align=\"JUSTIFY\">100 % udzia\u0142u w\u0142asnego osoby niepe\u0142nosprawnej w limicie ceny ustalonym na podstawie odr\u0119bnych przepis\u00f3w, je\u017celi taki udzia\u0142 jest wymagany.<\/p>\n<\/li>\n<li>\n<p align=\"JUSTIFY\">do 150% sumy kwoty limitu, o kt\u00f3rym mowa wy\u017cej wyznaczonego przez Narodowy Fundusz Zdrowia oraz wymaganego udzia\u0142u w\u0142asnego osoby niepe\u0142nosprawnej w zakupie tych przedmiot\u00f3w i \u015brodk\u00f3w, je\u017celi cena zakupu jest wy\u017csza ni\u017c ustalony limit.<\/p>\n<\/li>\n<\/ul>\n<h4 class=\"western\">UWAGA<\/h4>\n<p align=\"JUSTIFY\">Nie dofinansowujemy sprz\u0119tu, kt\u00f3ry zosta\u0142 zakupiony przez osob\u0119 niepe\u0142nosprawn\u0105 bez limitu Narodowego Funduszu Zdrowia<\/p>\n<h1 style=\"text-align: center;\" align=\"JUSTIFY\"><\/h1>\n<h1 style=\"text-align: center;\" align=\"JUSTIFY\">Sprz\u0119t rehabilitacyjny<\/h1>\n<p>&nbsp;<\/p>\n<p>&nbsp;<\/p>\n<h3 class=\"western\">Zaopatrzenie w sprz\u0119t rehabilitacyjny<\/h3>\n<p align=\"JUSTIFY\">Sprz\u0119t rehabilitacyjny to sprz\u0119t niezb\u0119dny do prowadzenia zaj\u0119\u0107 rehabilitacyjnych w warunkach domowych, maj\u0105cy za zadanie osi\u0105gni\u0119cie przy aktywnym uczestnictwie osoby niepe\u0142nosprawnej mo\u017cliwie najwy\u017cszego poziomu funkcjonowania, jako\u015bci \u017cycia i integracji spo\u0142ecznej.<\/p>\n<p align=\"JUSTIFY\">Wnioski dotycz\u0105ce dofinansowania zakupu sprz\u0119tu rehabilitacyjnego rozpatrywane s\u0105 w zwi\u0105zku z indywidualnymi potrzebami i mo\u017cliwo\u015bciami osoby niepe\u0142nosprawnej,<\/p>\n<p align=\"JUSTIFY\">Powiatowe Centrum Pomocy Rodzinie w E\u0142ku mo\u017ce dofinansowa\u0107 np: rowerki rehabilitacyjne, rotory do \u0107wicze\u0144 ko\u0144czyn dolnych i g\u00f3rnych, wanny do hydromasa\u017cu.<\/p>\n<p align=\"JUSTIFY\">Szczeg\u00f3\u0142owe informacje dotycz\u0105ce dofinansowa\u0144 z Pa\u0144stwowego Funduszu Rehabilitacji Os\u00f3b Niepe\u0142nosprawnych zawarte s\u0105 w zasadach udzielania dofinansowa\u0144 na dany rok.<\/p>\n<h4 class=\"western\"><strong>Wysoko\u015b\u0107 dofinansowania<\/strong><\/h4>\n<p align=\"JUSTIFY\">do 80% koszt\u00f3w tego sprz\u0119tu, nie wi\u0119cej jednak ni\u017c do wysoko\u015bci pi\u0119ciokrotnego przeci\u0119tnego wynagrodzenia.<\/p>\n<p align=\"JUSTIFY\">Przy zakupie sprz\u0119tu rehabilitacyjnego nie jest wymagane dofinansowanie z Narodowego Funduszu Zdrowia.<\/p>\n<p>&nbsp;<\/p>\n<p>&nbsp;<\/p>\n<h1 style=\"text-align: center;\">Turnusy rehabilitacyjne<\/h1>\n<p>&nbsp;<\/p>\n<h3 class=\"western\">Turnusy rehabilitacyjne<\/h3>\n<p align=\"JUSTIFY\">Turnusy rehabilitacyjne s\u0105 aktywn\u0105 form\u0105 rehabilitacji po\u0142\u0105czon\u0105 z elementami wypoczynku, maj\u0105c\u0105 na celu og\u00f3ln\u0105 popraw\u0105 sprawno\u015bci, wyrobienie zaradno\u015bci oraz pobudzanie i rozwijanie zainteresowa\u0144 os\u00f3b niepe\u0142nosprawnych.<\/p>\n<h4 class=\"western\"><strong>Wysoko\u015b\u0107 dofinansowania<\/strong><\/h4>\n<p align=\"JUSTIFY\">Wysoko\u015b\u0107 dofinansowania zale\u017cy od stopnia niepe\u0142nosprawno\u015bci i ustala si\u0119 j\u0105 w oparciu o przeci\u0119tne miesi\u0119czne wynagrodzenie. Wysoko\u015b\u0107 dofinansowania mo\u017ce by\u0107 zmniejszona, je\u017celi doch\u00f3d na osob\u0119 przekracza przyj\u0119te w danym kwartale kryterium dochodowe.<br \/>\nZ dofinansowania mo\u017ce skorzysta\u0107 r\u00f3wnie\u017c opiekun osoby niepe\u0142nosprawnej, je\u015bli lekarz uwzgl\u0119dni w dokumentacji potrzeb\u0119 jego obecno\u015bci.<\/p>\n<p align=\"JUSTIFY\">Szczeg\u00f3\u0142owe informacje dotycz\u0105ce dofinansowa\u0144 z Pa\u0144stwowego Funduszu Rehabilitacji Os\u00f3b Niepe\u0142nosprawnych zawarte s\u0105 w zasadach udzielania dofinansowa\u0144 na dany rok.<\/p>\n<h1 style=\"text-align: center;\" align=\"JUSTIFY\"><\/h1>\n<h1 style=\"text-align: center;\" align=\"JUSTIFY\"><\/h1>\n<h1 style=\"text-align: center;\" align=\"JUSTIFY\">Sport, kultura, rekreacja i turystyka<\/h1>\n<p>&nbsp;<\/p>\n<h4 class=\"western\">Wysoko\u015b\u0107 dofinansowania:<\/h4>\n<p>Wysoko\u015b\u0107 dofinansowania wynosi do 60% koszt\u00f3w ca\u0142kowitych planowanego przedsi\u0119wzi\u0119cia.<br \/>\nStowarzyszenie musi posiada\u0107 \u015brodki w\u0142asne uzupe\u0142niaj\u0105ce przyznane dofinansowanie w wysoko\u015bci min. 40%. \u015brodki te mog\u0105 pochodzi\u0107 ze sk\u0142adek cz\u0142onkowskich i innych \u017ar\u00f3de\u0142 poza PFRON.<\/p>\n<p>&nbsp;<\/p>\n<p>&nbsp;<\/p>\n<h1 style=\"text-align: center;\" align=\"JUSTIFY\">Warsztaty Terapii Zaj\u0119ciowej<\/h1>\n<p>&nbsp;<\/p>\n<p>&nbsp;<\/p>\n<h4><span title=\"viagra\">Uczestnictwo os\u00f3b niepe\u0142nosprawnych w Warsztatach Terapii Zaj\u0119ciowej.<\/span><\/h4>\n<p align=\"JUSTIFY\">Warsztat jest wyodr\u0119bnion\u0105 organizacyjnie i finansowo plac\u00f3wk\u0105, kt\u00f3ra stwarza osobom niepe\u0142nosprawnym niezdolnym do podj\u0119cia pracy, mo\u017cliwo\u015b\u0107 rehabilitacji spo\u0142ecznej i zawodowej. Warsztaty mog\u0105 by\u0107 organizowane przez fundacje, stowarzyszenia lub przez inne podmioty. Warsztat jest plac\u00f3wk\u0105 pobytu dziennego, w kt\u00f3rej czas trwania zaj\u0119\u0107 wynosi do 7 godzin dziennie, \u0142\u0105cznie 35 godzin tygodniowo. Dzia\u0142alno\u015b\u0107 warsztatu jest dzia\u0142alno\u015bci\u0105 o charakterze niezarobkowym. Celem dzia\u0142ania warsztatu jest rehabilitacja prowadz\u0105ca do w\u0142\u0105czania os\u00f3b niepe\u0142nosprawnych w rynek pracy oraz przygotowuj\u0105ca uczestnik\u00f3w do \u017cycia w \u015brodowisku spo\u0142ecznym. Terapia przebiega zgodnie z indywidualnym programem rehabilitacji, opracowanym dla ka\u017cdego uczestnika przez rad\u0105 programow\u0105 warsztatu. Czas trwania rehabilitacji zale\u017cy przede wszystkim od efekt\u00f3w osi\u0105ganych przez osob\u0119 niepe\u0142nosprawn\u0105. Rada Programowa dokonuje co najmniej jeden raz w roku oceny realizacji indywidualnego programu. <span lang=\"pl-PL\">Obecnie w Warsztatach terapii Zaj\u0119ciowe jest 45 uczestnik\u00f3w.<\/span><\/p>\n<p lang=\"pl-PL\" align=\"JUSTIFY\">Osoba niepe\u0142nosprawna lub jej przedstawiciel ustawowy, ubiegaj\u0105ca si\u0119 o przyj\u0119cie do warsztatu powinna posiada\u0107 w orzeczeniu o stopniu niepe\u0142nosprawno\u015bci wskazanie do tego rodzaju rehabilitacji oraz powinna z\u0142o\u017cy\u0107 do WTZ podanie z pro\u015bb\u0105 o przyj\u0119cie.<\/p>\n<h1 lang=\"pl-PL\" style=\"text-align: center;\" align=\"JUSTIFY\"><\/h1>\n<p>&nbsp;<\/p>\n<p>&nbsp;<\/p>\n","protected":false},"excerpt":{"rendered":"<p>Rehabilitacja spo\u0142eczna Rehabilitacja spo\u0142eczna ma na celu umo\u017cliwienie osobom niepe\u0142nosprawnym uczestnictwo w \u017cyciu spo\u0142ecznym poprzez: pobudzanie aktywno\u015bci spo\u0142ecznej, wyrabianie umiej\u0119tno\u015bci samodzielnego wype\u0142niania r\u00f3l spo\u0142ecznych, likwidacji barier architektonicznych, urbanistycznych, transportowych, w komunikowaniu si\u0119 i technicznych, kszta\u0142towanie w spo\u0142ecze\u0144stwie w\u0142a\u015bciwych postaw i zachowa\u0144 sprzyjaj\u0105cych integracji z osobami niepe\u0142nosprawnymi. Ze \u015brodk\u00f3w Pa\u0144stwowego Funduszu Rehabilitacji Os\u00f3b Niepe\u0142nosprawnych za po\u015brednictwem [&hellip;]<\/p>\n","protected":false},"author":1,"featured_media":0,"parent":16,"menu_order":0,"comment_status":"closed","ping_status":"closed","template":"","meta":[],"_links":{"self":[{"href":"https:\/\/pcpr.elk.pl\/index.php\/wp-json\/wp\/v2\/pages\/18"}],"collection":[{"href":"https:\/\/pcpr.elk.pl\/index.php\/wp-json\/wp\/v2\/pages"}],"about":[{"href":"https:\/\/pcpr.elk.pl\/index.php\/wp-json\/wp\/v2\/types\/page"}],"author":[{"embeddable":true,"href":"https:\/\/pcpr.elk.pl\/index.php\/wp-json\/wp\/v2\/users\/1"}],"replies":[{"embeddable":true,"href":"https:\/\/pcpr.elk.pl\/index.php\/wp-json\/wp\/v2\/comments?post=18"}],"version-history":[{"count":15,"href":"https:\/\/pcpr.elk.pl\/index.php\/wp-json\/wp\/v2\/pages\/18\/revisions"}],"predecessor-version":[{"id":618,"href":"https:\/\/pcpr.elk.pl\/index.php\/wp-json\/wp\/v2\/pages\/18\/revisions\/618"}],"up":[{"embeddable":true,"href":"https:\/\/pcpr.elk.pl\/index.php\/wp-json\/wp\/v2\/pages\/16"}],"wp:attachment":[{"href":"https:\/\/pcpr.elk.pl\/index.php\/wp-json\/wp\/v2\/media?parent=18"}],"curies":[{"name":"wp","href":"https:\/\/api.w.org\/{rel}","templated":true}]}}