{"id":165,"date":"2017-07-11T10:00:45","date_gmt":"2017-07-11T08:00:45","guid":{"rendered":"http:\/\/pcpr.elk.pl\/WP\/?page_id=165"},"modified":"2025-06-18T07:58:31","modified_gmt":"2025-06-18T05:58:31","slug":"kontakt-2","status":"publish","type":"page","link":"https:\/\/pcpr.elk.pl\/index.php\/powiatowy-zespol-ds-orzekania-o-niepelnosprawnosci\/kontakt-2\/","title":{"rendered":"Kontakt"},"content":{"rendered":"<h4 style=\"text-align: center;\"><span style=\"color: #000080;\">Powiatowy Zesp\u00f3\u0142 ds. Orzekania o Niepe\u0142nosprawno\u015bci<\/span><\/h4>\n<h5 style=\"text-align: center;\"><span style=\"color: #000080;\">ul. Kili\u0144skiego 36<\/span><\/h5>\n<h5 style=\"text-align: center;\"><span style=\"color: #000080;\">19-300 E\u0142k<\/span><\/h5>\n<h5 style=\"text-align: center;\"><span style=\"color: #000080;\">tel. 87 621 64 85<\/span><\/h5>\n<h5 style=\"text-align: center;\"><span style=\"color: #000080;\">tel. 690 336 151<\/span><\/h5>\n<h5 style=\"text-align: center;\"><span style=\"color: #000080;\"> tel. w sprawie kart parkingowych 513 825 697<\/span><\/h5>\n<h5 style=\"text-align: center;\"><span style=\"color: #000080;\">e-mail: pzon@powiat.elk.pl<\/span><\/h5>\n<p><img loading=\"lazy\" class=\" wp-image-2973 aligncenter\" src=\"https:\/\/pcpr.elk.pl\/wp-content\/uploads\/2025\/01\/e-doreczenia.jpg\" alt=\"e-doreczenia\" width=\"196\" height=\"127\" srcset=\"https:\/\/pcpr.elk.pl\/wp-content\/uploads\/2025\/01\/e-doreczenia.jpg 245w, https:\/\/pcpr.elk.pl\/wp-content\/uploads\/2025\/01\/e-doreczenia-24x16.jpg 24w, https:\/\/pcpr.elk.pl\/wp-content\/uploads\/2025\/01\/e-doreczenia-36x23.jpg 36w, https:\/\/pcpr.elk.pl\/wp-content\/uploads\/2025\/01\/e-doreczenia-48x31.jpg 48w\" sizes=\"(max-width: 196px) 100vw, 196px\" \/><\/p>\n<h5 style=\"text-align: center;\"><span style=\"color: #000080;\">Adres do e-Dor\u0119cze\u0144:\u00a0 \u00a0<\/span><span style=\"color: #000080;\">AE:PL-40726-86566-GTSJI-25<\/span><\/h5>\n<h5 style=\"text-align: center;\"><span style=\"color: #000080;\">Przewodnicz\u0105cy Zespo\u0142u:<\/span><\/h5>\n<h5 style=\"text-align: center;\"><span style=\"color: #000080;\">mgr Sebastian Szulc<\/span><\/h5>\n<h5 style=\"text-align: center;\"><span style=\"font-size: 12pt;\"><strong><span style=\"color: #000080;\">Godziny pracy od 7.00 do 15.00<\/span><\/strong><\/span><\/h5>\n<h5 style=\"text-align: center;\"><span style=\"font-size: 12pt;\"><strong><span style=\"color: #000080;\">Obs\u0142uga interesant\u00f3w 08.00-14.00<\/span><\/strong><\/span><\/h5>\n","protected":false},"excerpt":{"rendered":"<p>Powiatowy Zesp\u00f3\u0142 ds. Orzekania o Niepe\u0142nosprawno\u015bci ul. Kili\u0144skiego 36 19-300 E\u0142k tel. 87 621 64 85 tel. 690 336 151 tel. w sprawie kart parkingowych 513 825 697 e-mail: pzon@powiat.elk.pl Adres do e-Dor\u0119cze\u0144:\u00a0 \u00a0AE:PL-40726-86566-GTSJI-25 Przewodnicz\u0105cy Zespo\u0142u: mgr Sebastian Szulc Godziny pracy od 7.00 do 15.00 Obs\u0142uga interesant\u00f3w 08.00-14.00<\/p>\n","protected":false},"author":1,"featured_media":0,"parent":40,"menu_order":2,"comment_status":"closed","ping_status":"closed","template":"","meta":[],"_links":{"self":[{"href":"https:\/\/pcpr.elk.pl\/index.php\/wp-json\/wp\/v2\/pages\/165"}],"collection":[{"href":"https:\/\/pcpr.elk.pl\/index.php\/wp-json\/wp\/v2\/pages"}],"about":[{"href":"https:\/\/pcpr.elk.pl\/index.php\/wp-json\/wp\/v2\/types\/page"}],"author":[{"embeddable":true,"href":"https:\/\/pcpr.elk.pl\/index.php\/wp-json\/wp\/v2\/users\/1"}],"replies":[{"embeddable":true,"href":"https:\/\/pcpr.elk.pl\/index.php\/wp-json\/wp\/v2\/comments?post=165"}],"version-history":[{"count":14,"href":"https:\/\/pcpr.elk.pl\/index.php\/wp-json\/wp\/v2\/pages\/165\/revisions"}],"predecessor-version":[{"id":3142,"href":"https:\/\/pcpr.elk.pl\/index.php\/wp-json\/wp\/v2\/pages\/165\/revisions\/3142"}],"up":[{"embeddable":true,"href":"https:\/\/pcpr.elk.pl\/index.php\/wp-json\/wp\/v2\/pages\/40"}],"wp:attachment":[{"href":"https:\/\/pcpr.elk.pl\/index.php\/wp-json\/wp\/v2\/media?parent=165"}],"curies":[{"name":"wp","href":"https:\/\/api.w.org\/{rel}","templated":true}]}}