{"id":163,"date":"2017-07-11T09:58:29","date_gmt":"2017-07-11T07:58:29","guid":{"rendered":"http:\/\/pcpr.elk.pl\/WP\/?page_id=163"},"modified":"2023-09-27T11:28:54","modified_gmt":"2023-09-27T09:28:54","slug":"karta-parkingowa","status":"publish","type":"page","link":"https:\/\/pcpr.elk.pl\/index.php\/powiatowy-zespol-ds-orzekania-o-niepelnosprawnosci\/karta-parkingowa\/","title":{"rendered":"Karta parkingowa"},"content":{"rendered":"<h1 style=\"text-align: center;\"><span style=\"color: #ff0000;\">Karta parkingowa<\/span><\/h1>\n<p><span style=\"font-size: 14pt; color: #000080;\"><strong>Obowi\u0105zuj\u0105cy od 1 pa\u017adziernika 2023 r. wz\u00f3r wniosku o wydanie karty parkingowej:<\/strong><\/span><\/p>\n<ul>\n<li><a href=\"https:\/\/pcpr.elk.pl\/wp-content\/uploads\/2023\/09\/Wniosek_karta_parkingowa_2023.pdf\">Wniosek karta parkingowa &#8211; w wersji PDF<\/a><\/li>\n<li><a href=\"https:\/\/pcpr.elk.pl\/wp-content\/uploads\/2023\/09\/Wniosek_karta_parkingowa_2023.xls\">Wniosek karta parkingowa &#8211; w wersji XLS<\/a><\/li>\n<\/ul>\n<p><strong>UWAGA: <\/strong><\/p>\n<p>Wniosek o wydanie karty parkingowej sk\u0142ada si\u0119 <strong>wy\u0142\u0105cznie osobi\u015bcie lub przez opiekuna prawnego<\/strong> w siedzibie Powiatowego Zespo\u0142u ds. Orzekania o Niepe\u0142nosprawno\u015bci w E\u0142ku, ul. Kili\u0144skiego 36.<\/p>\n<p>Do wniosku nale\u017cy za\u0142\u0105czy\u0107 dow\u00f3d uiszczenia op\u0142aty za wydanie karty parkingowej, wniesionej <strong>wy\u0142\u0105cznie<\/strong> na podany poni\u017cej numer konta bankowego.<\/p>\n<p style=\"text-align: center;\"><strong>Dane do wniesienia op\u0142aty za wydanie karty parkingowej:<\/strong><\/p>\n<p style=\"text-align: center;\">Kwota 21 z\u0142<\/p>\n<p style=\"text-align: center;\">Powiatowe Centrum Pomocy Rodzinie w E\u0142ku<\/p>\n<p style=\"text-align: center;\">ul. Pi\u0142sudskiego 5<\/p>\n<p style=\"text-align: center;\">19-300 E\u0142k<\/p>\n<p style=\"text-align: center;\">58 1020 4724 0000 3102 0343 8025<\/p>\n<p style=\"text-align: center;\">W tre\u015bci przelewu:<\/p>\n<p style=\"text-align: center;\">&#8222;Imi\u0119 i nazwisko wnioskodawcy &#8211; op\u0142ata za wydanie karty parkingowej&#8221;<\/p>\n","protected":false},"excerpt":{"rendered":"<p>Karta parkingowa Obowi\u0105zuj\u0105cy od 1 pa\u017adziernika 2023 r. wz\u00f3r wniosku o wydanie karty parkingowej: Wniosek karta parkingowa &#8211; w wersji PDF Wniosek karta parkingowa &#8211; w wersji XLS UWAGA: Wniosek o wydanie karty parkingowej sk\u0142ada si\u0119 wy\u0142\u0105cznie osobi\u015bcie lub przez opiekuna prawnego w siedzibie Powiatowego Zespo\u0142u ds. Orzekania o Niepe\u0142nosprawno\u015bci w E\u0142ku, ul. Kili\u0144skiego 36. [&hellip;]<\/p>\n","protected":false},"author":1,"featured_media":0,"parent":40,"menu_order":1,"comment_status":"closed","ping_status":"closed","template":"","meta":[],"_links":{"self":[{"href":"https:\/\/pcpr.elk.pl\/index.php\/wp-json\/wp\/v2\/pages\/163"}],"collection":[{"href":"https:\/\/pcpr.elk.pl\/index.php\/wp-json\/wp\/v2\/pages"}],"about":[{"href":"https:\/\/pcpr.elk.pl\/index.php\/wp-json\/wp\/v2\/types\/page"}],"author":[{"embeddable":true,"href":"https:\/\/pcpr.elk.pl\/index.php\/wp-json\/wp\/v2\/users\/1"}],"replies":[{"embeddable":true,"href":"https:\/\/pcpr.elk.pl\/index.php\/wp-json\/wp\/v2\/comments?post=163"}],"version-history":[{"count":10,"href":"https:\/\/pcpr.elk.pl\/index.php\/wp-json\/wp\/v2\/pages\/163\/revisions"}],"predecessor-version":[{"id":2144,"href":"https:\/\/pcpr.elk.pl\/index.php\/wp-json\/wp\/v2\/pages\/163\/revisions\/2144"}],"up":[{"embeddable":true,"href":"https:\/\/pcpr.elk.pl\/index.php\/wp-json\/wp\/v2\/pages\/40"}],"wp:attachment":[{"href":"https:\/\/pcpr.elk.pl\/index.php\/wp-json\/wp\/v2\/media?parent=163"}],"curies":[{"name":"wp","href":"https:\/\/api.w.org\/{rel}","templated":true}]}}