{"id":16,"date":"2017-07-05T09:53:55","date_gmt":"2017-07-05T07:53:55","guid":{"rendered":"http:\/\/pcpr.elk.pl\/WP\/?page_id=16"},"modified":"2026-03-13T10:50:56","modified_gmt":"2026-03-13T09:50:56","slug":"dzial-ds-osob-niepelnosprawnych","status":"publish","type":"page","link":"https:\/\/pcpr.elk.pl\/index.php\/pcpr-elk\/dzial-ds-osob-niepelnosprawnych\/","title":{"rendered":"Dzia\u0142 ds. Os\u00f3b z Niepe\u0142nosprawno\u015bciami"},"content":{"rendered":"<h1 style=\"text-align: center;\">Dzia\u0142 ds. Os\u00f3b z Niepe\u0142nosprawno\u015bciami<\/h1>\n<ul>\n<li>Rafa\u0142 Koz\u0142owski &#8211; Kierownik dzia\u0142u ds. Os\u00f3b z Niepe\u0142nosprawno\u015bciami (<a class=\"moz-txt-link-abbreviated\" href=\"mailto:kozlowski.r@pcpr.elk.pl\">kozlowski.r@pcpr.elk.pl<\/a>)<\/li>\n<li>Katarzyna Przekop-Or\u0142owska &#8211; inspektor (<a class=\"moz-txt-link-abbreviated\" href=\"mailto:przekop.k@pcpr.elk.pl\">przekop.k@pcpr.elk.pl<\/a>)<\/li>\n<li>Gra\u017cyna Ko\u0142nacka &#8211; inspektor (<a class=\"moz-txt-link-abbreviated\" href=\"mailto:kolnacka.g@pcpr.elk.pl\">kolnacka.g@pcpr.elk.pl<\/a>)<\/li>\n<li>Krystian Powichrowski &#8211; inspektor (<a class=\"moz-txt-link-abbreviated\" href=\"mailto:powichrowski.k@pcpr.elk.pl\">powichrowski.k@pcpr.elk.pl<\/a>)<\/li>\n<li>Marta Herbszt &#8211; referent (<a class=\"moz-txt-link-abbreviated\" href=\"mailto:herbszt.m@pcpr.elk.pl\">herbszt.m@pcpr.elk.pl<\/a>)<\/li>\n<\/ul>\n<p>Serdecznie zapraszamy od poniedzia\u0142ku do pi\u0105tku w godzinach 7.00-15.00.<\/p>\n","protected":false},"excerpt":{"rendered":"<p>Dzia\u0142 ds. Os\u00f3b z Niepe\u0142nosprawno\u015bciami Rafa\u0142 Koz\u0142owski &#8211; Kierownik dzia\u0142u ds. Os\u00f3b z Niepe\u0142nosprawno\u015bciami (kozlowski.r@pcpr.elk.pl) Katarzyna Przekop-Or\u0142owska &#8211; inspektor (przekop.k@pcpr.elk.pl) Gra\u017cyna Ko\u0142nacka &#8211; inspektor (kolnacka.g@pcpr.elk.pl) Krystian Powichrowski &#8211; inspektor (powichrowski.k@pcpr.elk.pl) Marta Herbszt &#8211; referent (herbszt.m@pcpr.elk.pl) Serdecznie zapraszamy od poniedzia\u0142ku do pi\u0105tku w godzinach 7.00-15.00.<\/p>\n","protected":false},"author":1,"featured_media":0,"parent":42,"menu_order":3,"comment_status":"closed","ping_status":"closed","template":"","meta":[],"_links":{"self":[{"href":"https:\/\/pcpr.elk.pl\/index.php\/wp-json\/wp\/v2\/pages\/16"}],"collection":[{"href":"https:\/\/pcpr.elk.pl\/index.php\/wp-json\/wp\/v2\/pages"}],"about":[{"href":"https:\/\/pcpr.elk.pl\/index.php\/wp-json\/wp\/v2\/types\/page"}],"author":[{"embeddable":true,"href":"https:\/\/pcpr.elk.pl\/index.php\/wp-json\/wp\/v2\/users\/1"}],"replies":[{"embeddable":true,"href":"https:\/\/pcpr.elk.pl\/index.php\/wp-json\/wp\/v2\/comments?post=16"}],"version-history":[{"count":18,"href":"https:\/\/pcpr.elk.pl\/index.php\/wp-json\/wp\/v2\/pages\/16\/revisions"}],"predecessor-version":[{"id":3624,"href":"https:\/\/pcpr.elk.pl\/index.php\/wp-json\/wp\/v2\/pages\/16\/revisions\/3624"}],"up":[{"embeddable":true,"href":"https:\/\/pcpr.elk.pl\/index.php\/wp-json\/wp\/v2\/pages\/42"}],"wp:attachment":[{"href":"https:\/\/pcpr.elk.pl\/index.php\/wp-json\/wp\/v2\/media?parent=16"}],"curies":[{"name":"wp","href":"https:\/\/api.w.org\/{rel}","templated":true}]}}