{"id":157,"date":"2017-07-11T09:52:17","date_gmt":"2017-07-11T07:52:17","guid":{"rendered":"http:\/\/pcpr.elk.pl\/WP\/?page_id=157"},"modified":"2025-09-25T10:04:14","modified_gmt":"2025-09-25T08:04:14","slug":"dokumenty-do-pobrania","status":"publish","type":"page","link":"https:\/\/pcpr.elk.pl\/index.php\/powiatowy-zespol-ds-orzekania-o-niepelnosprawnosci\/dokumenty-do-pobrania\/","title":{"rendered":"Wnioski do pobrania"},"content":{"rendered":"<h1 style=\"text-align: center;\">\u00a0<span style=\"color: #ff0000;\">Powiatowy Zesp\u00f3\u0142 ds. Orzekania o Niepe\u0142nosprawno\u015bci<\/span><\/h1>\n<h4><strong>1. WNIOSEK W SPRAWIE WYDANIA ORZECZENIA O STOPNIU NIEPE\u0141NOSPRAWNO\u015aCI <\/strong> &#8211; <a href=\"https:\/\/pcpr.elk.pl\/wp-content\/uploads\/2017\/07\/nowy-wniosek-w-sprawie-wydania-orzeczenia-o-stopniu-niepe\u0142nosprawno\u015bci.pdf\">pobierz<\/a><\/h4>\n<p>Za\u0142\u0105cznik do wniosku w sprawie wydania orzeczenia o stopniu niepe\u0142nosprawno\u015bci &#8211; <a href=\"https:\/\/pcpr.elk.pl\/wp-content\/uploads\/2017\/07\/za\u0142\u0105cznik_do_wniosku-w-sprawie-wydania-orzeczenia-o-stopniu-niepe\u0142nosprawno\u015bci.pdf\">za\u0142\u0105cznik<\/a><\/p>\n<p>Za\u015bwiadczenie lekarskie o stanie zdrowia &#8211; <a href=\"https:\/\/pcpr.elk.pl\/wp-content\/uploads\/2025\/09\/zaswiadczenie-lekarskie-o-stanie-zdrowia-dla-dla-osob-powyzej-16-r.z.-zalacznik-nr-1.pdf\">za\u0142\u0105cznik nr 1<\/a><\/p>\n<p>Za\u015bwiadczenie lekarskie &#8211;<a href=\"https:\/\/pcpr.elk.pl\/wp-content\/uploads\/2025\/09\/zaswiadczenie-lekarskie-zdolnosc-do-samodzielnej-egzystencji-dla-dla-osob-powyzej-16-r.z.-zalacznik-nr-2.pdf\"> za\u0142\u0105cznik nr 2<\/a><\/p>\n<p>Klauzula RODO &#8211; <a href=\"https:\/\/pcpr.elk.pl\/wp-content\/uploads\/2024\/02\/KLAUZULA-INFORMACYJNA-RODO.pdf\">za\u0142\u0105cznik<\/a><\/p>\n<h4><strong>2. WNIOSEK W SPRAWIE WYDANIA ORZECZENIA O WSKAZANIACH DO ULG I UPRAWNIE\u0143 &#8211; <a href=\"https:\/\/pcpr.elk.pl\/wp-content\/uploads\/2017\/07\/wniosek-w-sprawie-wydania-o-orzeczenia-o-wskazaniach-do-ulg-i-uprawnie\u0144.pdf\">pobierz<\/a><\/strong><\/h4>\n<p><strong>Do powy\u017cszego wniosku nie za\u0142\u0105czamy za\u015bwiadczenia lekarskiego wydanego na potrzeby Powiatowego Zespo\u0142u ds. Orzekania o Niepe\u0142nosprawno\u015bci. Do wniosku nale\u017cy za\u0142\u0105czy\u0107 dokumentacj\u0119 medyczn\u0105 z przebiegu leczenia.<\/strong><\/p>\n<p>Klauzula RODO &#8211; <a href=\"https:\/\/pcpr.elk.pl\/wp-content\/uploads\/2024\/02\/KLAUZULA-INFORMACYJNA-RODO.pdf\">za\u0142\u0105cznik<\/a><\/p>\n<h4><strong>3. WNIOSEK W SPRAWIE WYDANIA ORZECZENIA O NIEPE\u0141NOSPRAWNO\u015aCI\u00a0 &#8211; <a href=\"https:\/\/pcpr.elk.pl\/wp-content\/uploads\/2017\/07\/wniosek-w-sprawie-wydania-orzeczenia-o-niepe\u0142nosprawno\u015bci.pdf\">pobierz<\/a><\/strong><\/h4>\n<p>Za\u015bwiadczenie lekarskie o stanie zdrowia dziecka &#8211; <a href=\"https:\/\/pcpr.elk.pl\/wp-content\/uploads\/2017\/07\/za\u015bwiadczenie-lekarskie-o-stanie-zdrowia-dziecka.doc\">za\u0142\u0105cznik nr 1<\/a><\/p>\n<p>Opinia szkolna dot. dzieci w wieku przedszkolnym i szkolnym &#8211; <a href=\"https:\/\/pcpr.elk.pl\/pliki\/dokumenty\/niepelnospraw\/2016\/4\/seba\/opinia-szkolna-druk.pdf\">za\u0142\u0105cznik nr 2<\/a><\/p>\n<p>Klauzula RODO &#8211; <a href=\"https:\/\/pcpr.elk.pl\/wp-content\/uploads\/2024\/02\/KLAUZULA-INFORMACYJNA-RODO.pdf\">za\u0142\u0105cznik<\/a><\/p>\n<h4><strong>4. INNE<\/strong><\/h4>\n<p>Upowa\u017cnienie do z\u0142o\u017cenia wniosku &#8211;<a href=\"https:\/\/pcpr.elk.pl\/wp-content\/uploads\/2017\/07\/jednorazowe-upowa\u017cnienie-do-sk\u0142adania-wniosk\u00f3w.doc\">za\u0142\u0105cznik<\/a><\/p>\n<p>Upowa\u017cnienie do odbioru orzeczenia &#8211; <a href=\"https:\/\/pcpr.elk.pl\/wp-content\/uploads\/2017\/07\/Upowa\u017cnienie-do-odbioru-orzeczenia.doc\">za\u0142\u0105cznik<\/a><\/p>\n<p>O\u015bwiadczenie o zrzeczeniu si\u0119 prawa do z\u0142o\u017cenia odwo\u0142ania &#8211; <a href=\"https:\/\/pcpr.elk.pl\/wp-content\/uploads\/2024\/03\/oswiadczenie-o-zrzeczeniu-sie-prawa-do-wniesienia-odwolania.docx\">za\u0142\u0105cznik<\/a><\/p>\n<p>O\u015bwiadczenie o miejscu sta\u0142ego pobytu &#8211; <a href=\"https:\/\/pcpr.elk.pl\/wp-content\/uploads\/2024\/03\/Oswiadczenie-o-miejscu-stalego-pobytu-1.docx\">za\u0142\u0105cznik<\/a><\/p>\n<div>O\u015bwiadczenie dotycz\u0105ce przebywania poza miejscem sta\u0142ego pobytu ponad 2 miesi\u0105ce &#8211;\u00a0<a href=\"https:\/\/pcpr.elk.pl\/wp-content\/uploads\/2024\/03\/Oswiadczenie-dotyczace-przebywania-poza-miejscem-stalego-pobytu-1.docx\">za\u0142\u0105cznik<\/a><\/div>\n<p>O\u015bwiadczenie o z\u0142o\u017ceniu wniosku w celu ustalenia wskazania do karty parkingowej &#8211; <a href=\"https:\/\/pcpr.elk.pl\/wp-content\/uploads\/2024\/03\/oswiadczenie-o-zlozeniu-wniosku-w-celu-ustalenia-wskazania-do-karty-parkingowej.docx\">za\u0142\u0105cznik<\/a><\/p>\n<div><\/div>\n<h1 style=\"text-align: center;\"><\/h1>\n<h1 style=\"text-align: center;\"><\/h1>\n","protected":false},"excerpt":{"rendered":"<p>\u00a0Powiatowy Zesp\u00f3\u0142 ds. Orzekania o Niepe\u0142nosprawno\u015bci 1. WNIOSEK W SPRAWIE WYDANIA ORZECZENIA O STOPNIU NIEPE\u0141NOSPRAWNO\u015aCI &#8211; pobierz Za\u0142\u0105cznik do wniosku w sprawie wydania orzeczenia o stopniu niepe\u0142nosprawno\u015bci &#8211; za\u0142\u0105cznik Za\u015bwiadczenie lekarskie o stanie zdrowia &#8211; za\u0142\u0105cznik nr 1 Za\u015bwiadczenie lekarskie &#8211; za\u0142\u0105cznik nr 2 Klauzula RODO &#8211; za\u0142\u0105cznik 2. WNIOSEK W SPRAWIE WYDANIA ORZECZENIA O [&hellip;]<\/p>\n","protected":false},"author":1,"featured_media":0,"parent":40,"menu_order":0,"comment_status":"closed","ping_status":"closed","template":"","meta":[],"_links":{"self":[{"href":"https:\/\/pcpr.elk.pl\/index.php\/wp-json\/wp\/v2\/pages\/157"}],"collection":[{"href":"https:\/\/pcpr.elk.pl\/index.php\/wp-json\/wp\/v2\/pages"}],"about":[{"href":"https:\/\/pcpr.elk.pl\/index.php\/wp-json\/wp\/v2\/types\/page"}],"author":[{"embeddable":true,"href":"https:\/\/pcpr.elk.pl\/index.php\/wp-json\/wp\/v2\/users\/1"}],"replies":[{"embeddable":true,"href":"https:\/\/pcpr.elk.pl\/index.php\/wp-json\/wp\/v2\/comments?post=157"}],"version-history":[{"count":15,"href":"https:\/\/pcpr.elk.pl\/index.php\/wp-json\/wp\/v2\/pages\/157\/revisions"}],"predecessor-version":[{"id":3315,"href":"https:\/\/pcpr.elk.pl\/index.php\/wp-json\/wp\/v2\/pages\/157\/revisions\/3315"}],"up":[{"embeddable":true,"href":"https:\/\/pcpr.elk.pl\/index.php\/wp-json\/wp\/v2\/pages\/40"}],"wp:attachment":[{"href":"https:\/\/pcpr.elk.pl\/index.php\/wp-json\/wp\/v2\/media?parent=157"}],"curies":[{"name":"wp","href":"https:\/\/api.w.org\/{rel}","templated":true}]}}