{"id":1438,"date":"2021-02-19T16:31:50","date_gmt":"2021-02-19T15:31:50","guid":{"rendered":"http:\/\/pcpr.elk.pl\/?page_id=1438"},"modified":"2023-01-24T12:36:02","modified_gmt":"2023-01-24T11:36:02","slug":"zarzadzenie-nr-42021","status":"publish","type":"page","link":"https:\/\/pcpr.elk.pl\/index.php\/zarzadzenie-nr-42021\/","title":{"rendered":"Zarz\u0105dzenie Nr 10\/2023"},"content":{"rendered":"<p><style type=\"text\/css\">\n\t<!--\n\t\t@page { size: 21cm 29.7cm; margin: 2cm }\n\t\tP { margin-bottom: 0.21cm }\n\t--><br \/>\n\t<\/style><\/p>\n<p align=\"CENTER\"><a href=\"https:\/\/pcpr.elk.pl\/wp-content\/uploads\/2023\/01\/2023_01_20_zarzadzenie.pdf\">Zarz\u0105dzenie nr 10\/2023 Dyrektora Powiatowego Centrum Pomocy Rodzinie w E\u0142ku z dnia 20 stycznia 2023r. w sprawie wyznaczenia koordynatora do spraw dost\u0119pno\u015bci w Powiatowym Centrum Pomocy Rodzinie<\/a><\/p>\n\n","protected":false},"excerpt":{"rendered":"<p>Zarz\u0105dzenie nr 10\/2023 Dyrektora Powiatowego Centrum Pomocy Rodzinie w E\u0142ku z dnia 20 stycznia 2023r. w sprawie wyznaczenia koordynatora do spraw dost\u0119pno\u015bci w Powiatowym Centrum Pomocy Rodzinie<\/p>\n","protected":false},"author":1,"featured_media":0,"parent":0,"menu_order":0,"comment_status":"closed","ping_status":"closed","template":"","meta":[],"_links":{"self":[{"href":"https:\/\/pcpr.elk.pl\/index.php\/wp-json\/wp\/v2\/pages\/1438"}],"collection":[{"href":"https:\/\/pcpr.elk.pl\/index.php\/wp-json\/wp\/v2\/pages"}],"about":[{"href":"https:\/\/pcpr.elk.pl\/index.php\/wp-json\/wp\/v2\/types\/page"}],"author":[{"embeddable":true,"href":"https:\/\/pcpr.elk.pl\/index.php\/wp-json\/wp\/v2\/users\/1"}],"replies":[{"embeddable":true,"href":"https:\/\/pcpr.elk.pl\/index.php\/wp-json\/wp\/v2\/comments?post=1438"}],"version-history":[{"count":2,"href":"https:\/\/pcpr.elk.pl\/index.php\/wp-json\/wp\/v2\/pages\/1438\/revisions"}],"predecessor-version":[{"id":1935,"href":"https:\/\/pcpr.elk.pl\/index.php\/wp-json\/wp\/v2\/pages\/1438\/revisions\/1935"}],"wp:attachment":[{"href":"https:\/\/pcpr.elk.pl\/index.php\/wp-json\/wp\/v2\/media?parent=1438"}],"curies":[{"name":"wp","href":"https:\/\/api.w.org\/{rel}","templated":true}]}}