{"id":1436,"date":"2021-02-19T16:31:10","date_gmt":"2021-02-19T15:31:10","guid":{"rendered":"http:\/\/pcpr.elk.pl\/?page_id=1436"},"modified":"2023-01-24T12:25:33","modified_gmt":"2023-01-24T11:25:33","slug":"koordynator-do-spraw-dostepnosci","status":"publish","type":"page","link":"https:\/\/pcpr.elk.pl\/index.php\/koordynator-do-spraw-dostepnosci\/","title":{"rendered":"Koordynator do spraw dost\u0119pno\u015bci"},"content":{"rendered":"<p align=\"center\"><span style=\"font-size: large;\"><span style=\"font-family: 'Times New Roman', serif;\"><b>Koordynator do spraw dost\u0119pno\u015bci<\/b><\/span> <\/span><\/p>\n<p align=\"center\">\n<p align=\"justify\"><span style=\"font-family: 'Times New Roman', serif;\"><span style=\"font-size: medium;\">Na podstawie art. 14 ust. 1 i 2 oraz art.59 ustawy z dnia 19 lipca 2019 r. o zapewnieniu dost\u0119pno\u015bci osobom ze szczeg\u00f3lnymi potrzebami (tj. Dz. U. z 2020, poz. 1062 ze zm.) Dyrektor Powiatowego Centrum Pomocy Rodzinie w E\u0142ku wyznaczy\u0142 Mart\u0119 Herbszt<\/span><\/span><span style=\"font-family: 'Times New Roman', serif;\"><span style=\"font-size: medium;\"><b>\u00a0<\/b><\/span><\/span><span style=\"font-family: 'Times New Roman', serif;\"><span style=\"font-size: medium;\">na Koordynatora do spraw dost\u0119pno\u015bci w Powiatowym Centrum Pomocy Rodzinie w E\u0142ku. <\/span><\/span><\/p>\n<p><span style=\"font-family: 'Times New Roman', serif;\"><span style=\"font-size: medium;\"><b>Do zada\u0144 Koordynatora do spraw dost\u0119pno\u015bci nale\u017cy przede wszystkim:<\/b><\/span><\/span><\/p>\n<ul>\n<li>\n<p align=\"justify\"><span style=\"font-family: 'Times New Roman', serif;\"><span style=\"font-size: medium;\">wsparcie os\u00f3b ze szczeg\u00f3lnymi potrzebami w dost\u0119pie do us\u0142ug \u015bwiadczonych przez Powiatowe Centrum Pomocy Rodzinie w E\u0142ku,<\/span><\/span><\/p>\n<\/li>\n<li>\n<p align=\"justify\"><span style=\"font-family: 'Times New Roman', serif;\"><span style=\"font-size: medium;\">prowadzenie dzia\u0142a\u0144 na rzecz promocji dost\u0119pno\u015bci;<\/span><\/span><\/p>\n<\/li>\n<li>\n<p align=\"justify\"><span style=\"font-family: 'Times New Roman', serif;\"><span style=\"font-size: medium;\">przygotowanie i koordynacja wdro\u017cenia planu dzia\u0142ania na rzecz poprawy zapewniania dost\u0119pno\u015bci osobom ze szczeg\u00f3lnymi potrzebami;<\/span><\/span><\/p>\n<\/li>\n<li>\n<p align=\"justify\"><span style=\"font-family: 'Times New Roman', serif;\"><span style=\"font-size: medium;\">monitorowanie dzia\u0142alno\u015bci PCPR w zakresie zapewniania dost\u0119pno\u015bci osobom ze szczeg\u00f3lnymi potrzebami.<\/span><\/span><\/p>\n<\/li>\n<\/ul>\n<p><span style=\"font-family: 'Times New Roman', serif;\"><span style=\"font-size: medium;\"><b>Dane kontaktowe:<\/b><\/span><\/span><\/p>\n<p><span style=\"font-family: 'Times New Roman', serif;\"><span style=\"font-size: medium;\"><b>Koordynator ds. dost\u0119pno\u015bci w Powiatowym Centrum Pomocy Rodzinie w E\u0142ku \u2013 <\/b><\/span><\/span><\/p>\n<p><span style=\"font-family: 'Times New Roman', serif;\"><span style=\"font-size: medium;\"><b>Pani Marta Herbszt<\/b><\/span><\/span><span style=\"font-family: 'Times New Roman', serif;\"><span style=\"font-size: medium;\"><br \/>\n<\/span><\/span><span style=\"font-family: 'Times New Roman', serif;\"><span style=\"font-size: medium;\">adres do korespondencji: ul. Pi\u0142sudskiego 5, 19-300 E\u0142k<br \/>\ntelefon: 87 621 15 50<br \/>\ne-mail: herbszt.m@pcpr.elk.pl<\/span><\/span><\/p>\n<p align=\"justify\">\n<p align=\"justify\"><span style=\"font-family: 'Times New Roman', serif;\"><span style=\"font-size: medium;\">Zarz\u0105dzenie nr 4\/2021 Dyrektora Powiatowego Centrum Pomocy Rodzinie w E\u0142ku z dnia 18.02.2021 r. w sprawie wyznaczenia koordynatora do spraw dost\u0119pno\u015bci w Powiatowym Centrum Pomocy Rodzinie w E\u0142ku.<\/span><\/span><\/p>\n<p align=\"justify\"><span style=\"font-family: 'Times New Roman', serif;\"><span style=\"font-size: medium;\">Ustawa z dnia 19 lipca 2019 roku o zapewnieniu dost\u0119pno\u015bci osobom ze szczeg\u00f3lnymi potrzebami <\/span><\/span><\/p>\n","protected":false},"excerpt":{"rendered":"<p>Koordynator do spraw dost\u0119pno\u015bci Na podstawie art. 14 ust. 1 i 2 oraz art.59 ustawy z dnia 19 lipca 2019 r. o zapewnieniu dost\u0119pno\u015bci osobom ze szczeg\u00f3lnymi potrzebami (tj. Dz. U. z 2020, poz. 1062 ze zm.) Dyrektor Powiatowego Centrum Pomocy Rodzinie w E\u0142ku wyznaczy\u0142 Mart\u0119 Herbszt\u00a0na Koordynatora do spraw dost\u0119pno\u015bci w Powiatowym Centrum Pomocy [&hellip;]<\/p>\n","protected":false},"author":1,"featured_media":0,"parent":0,"menu_order":0,"comment_status":"closed","ping_status":"closed","template":"","meta":[],"_links":{"self":[{"href":"https:\/\/pcpr.elk.pl\/index.php\/wp-json\/wp\/v2\/pages\/1436"}],"collection":[{"href":"https:\/\/pcpr.elk.pl\/index.php\/wp-json\/wp\/v2\/pages"}],"about":[{"href":"https:\/\/pcpr.elk.pl\/index.php\/wp-json\/wp\/v2\/types\/page"}],"author":[{"embeddable":true,"href":"https:\/\/pcpr.elk.pl\/index.php\/wp-json\/wp\/v2\/users\/1"}],"replies":[{"embeddable":true,"href":"https:\/\/pcpr.elk.pl\/index.php\/wp-json\/wp\/v2\/comments?post=1436"}],"version-history":[{"count":2,"href":"https:\/\/pcpr.elk.pl\/index.php\/wp-json\/wp\/v2\/pages\/1436\/revisions"}],"predecessor-version":[{"id":1932,"href":"https:\/\/pcpr.elk.pl\/index.php\/wp-json\/wp\/v2\/pages\/1436\/revisions\/1932"}],"wp:attachment":[{"href":"https:\/\/pcpr.elk.pl\/index.php\/wp-json\/wp\/v2\/media?parent=1436"}],"curies":[{"name":"wp","href":"https:\/\/api.w.org\/{rel}","templated":true}]}}