{"id":118,"date":"2017-07-06T14:26:27","date_gmt":"2017-07-06T12:26:27","guid":{"rendered":"http:\/\/pcpr.elk.pl\/WP\/?page_id=118"},"modified":"2017-07-06T14:26:27","modified_gmt":"2017-07-06T12:26:27","slug":"baza-instytucji-i-placowek-swiadczacych-pomoc-rodzinie","status":"publish","type":"page","link":"https:\/\/pcpr.elk.pl\/index.php\/instytucje-placowki-i-organizacje-pozarzadowe\/baza-instytucji-i-placowek-swiadczacych-pomoc-rodzinie\/","title":{"rendered":"Baza instytucji i plac\u00f3wek \u015bwiadcz\u0105cych pomoc rodzinie"},"content":{"rendered":"<h1 style=\"text-align: center;\">Baza instytucji i plac\u00f3wek \u015bwiadcz\u0105cych pomoc rodzinie<\/h1>\n<h4><\/h4>\n<h4><a href=\"https:\/\/pcpr.elk.pl\/pliki\/dokumenty\/placowki\/2013\/1PowBartoszycki.pdf\" target=\"_self\">1. Pow. Bartoszycki<\/a><\/h4>\n<h4><a href=\"https:\/\/pcpr.elk.pl\/pliki\/dokumenty\/placowki\/2013\/2PowBraniewski.pdf\">2. Pow. Braniewski<\/a><\/h4>\n<h4><a href=\"https:\/\/pcpr.elk.pl\/pliki\/dokumenty\/placowki\/2013\/3PowDzialdowski.pdf\" target=\"_self\">3. Pow. Dzia\u0142dowski<\/a><\/h4>\n<h4><a href=\"https:\/\/pcpr.elk.pl\/pliki\/dokumenty\/placowki\/2013\/4PowElblaski.pdf\">4. Pow. Elbl\u0105ski<\/a><\/h4>\n<h4><a href=\"https:\/\/pcpr.elk.pl\/pliki\/dokumenty\/placowki\/2013\/5PowElcki.pdf\" target=\"_self\">5. Pow. E\u0142cki<\/a><\/h4>\n<h4><a href=\"https:\/\/pcpr.elk.pl\/pliki\/dokumenty\/placowki\/2013\/6PowGizycki.pdf\" target=\"_self\">6. Pow. Gi\u017cycki<\/a><\/h4>\n<h4><a href=\"https:\/\/pcpr.elk.pl\/pliki\/dokumenty\/placowki\/2013\/7PowGoldapski.pdf\" target=\"_self\">7. Pow. Go\u0142dapski<\/a><\/h4>\n<h4><a href=\"https:\/\/pcpr.elk.pl\/pliki\/dokumenty\/placowki\/2013\/8PowIlawski.pdf\" target=\"_self\">8. Pow. I\u0142awski<\/a><\/h4>\n<h4><a href=\"https:\/\/pcpr.elk.pl\/pliki\/dokumenty\/placowki\/2013\/9PowKetrzynski.pdf\" target=\"_self\">9. Pow. K\u0119trzy\u0144ski<\/a><\/h4>\n<h4><a href=\"https:\/\/pcpr.elk.pl\/pliki\/dokumenty\/placowki\/2013\/10PowLidzbarski.pdf\" target=\"_self\">10. Pow. Lidzbarski<\/a><\/h4>\n<h4><a href=\"https:\/\/pcpr.elk.pl\/pliki\/dokumenty\/placowki\/2013\/11PowMragowski..pdf\" target=\"_self\">11. Pow. Mr\u0105gowski<\/a><\/h4>\n<h4><a href=\"https:\/\/pcpr.elk.pl\/pliki\/dokumenty\/placowki\/2013\/12PowNidzicki.pdf\" target=\"_self\">12. Pow. Nidzicki<\/a><\/h4>\n<h4><a href=\"https:\/\/pcpr.elk.pl\/pliki\/dokumenty\/placowki\/2013\/13PowNowomiejski.pdf\" target=\"_self\">13. Pow. Nowomiejski<\/a><\/h4>\n<h4><a href=\"https:\/\/pcpr.elk.pl\/pliki\/dokumenty\/placowki\/2013\/14PowOlecki.pdf\" target=\"_self\">14. Pow. Olecki<\/a><\/h4>\n<h4><a href=\"https:\/\/pcpr.elk.pl\/pliki\/dokumenty\/placowki\/15PowOlsztynski.pdf\" target=\"_self\">15. Pow. Olszty\u0144ski<\/a><\/h4>\n<h4><a href=\"https:\/\/pcpr.elk.pl\/pliki\/dokumenty\/placowki\/2013\/16PowOstrodzki.pdf\" target=\"_self\">16. Pow. Ostr\u00f3dzki<\/a><\/h4>\n<h4><a href=\"https:\/\/pcpr.elk.pl\/pliki\/dokumenty\/placowki\/2013\/17PowPiski.pdf\" target=\"_self\">17. Pow. Piski<\/a><\/h4>\n<h4><a href=\"https:\/\/pcpr.elk.pl\/pliki\/dokumenty\/placowki\/2013\/18PowSzczycienski.pdf\" target=\"_self\">18. Pow. Szczycie\u0144ski<\/a><\/h4>\n<h4><a href=\"https:\/\/pcpr.elk.pl\/pliki\/dokumenty\/placowki\/2013\/19PowWegorzewski.pdf\" target=\"_self\">19. Pow. W\u0119gorzewski<\/a><\/h4>\n<h4><a href=\"https:\/\/pcpr.elk.pl\/pliki\/dokumenty\/placowki\/2013\/21mOlsztyn.pdf\" target=\"_self\">20. Miasto Olsztyn<\/a><\/h4>\n<h4><a href=\"https:\/\/pcpr.elk.pl\/pliki\/dokumenty\/placowki\/2013\/20mElblag.pdf\" target=\"_self\">21. Miasto Elbl\u0105g<\/a><\/h4>\n","protected":false},"excerpt":{"rendered":"<p>Baza instytucji i plac\u00f3wek \u015bwiadcz\u0105cych pomoc rodzinie 1. Pow. Bartoszycki 2. Pow. Braniewski 3. Pow. Dzia\u0142dowski 4. Pow. Elbl\u0105ski 5. Pow. E\u0142cki 6. Pow. Gi\u017cycki 7. Pow. Go\u0142dapski 8. Pow. I\u0142awski 9. Pow. K\u0119trzy\u0144ski 10. Pow. Lidzbarski 11. Pow. Mr\u0105gowski 12. Pow. Nidzicki 13. Pow. Nowomiejski 14. Pow. Olecki 15. Pow. Olszty\u0144ski 16. Pow. Ostr\u00f3dzki [&hellip;]<\/p>\n","protected":false},"author":1,"featured_media":0,"parent":36,"menu_order":2,"comment_status":"closed","ping_status":"closed","template":"","meta":[],"_links":{"self":[{"href":"https:\/\/pcpr.elk.pl\/index.php\/wp-json\/wp\/v2\/pages\/118"}],"collection":[{"href":"https:\/\/pcpr.elk.pl\/index.php\/wp-json\/wp\/v2\/pages"}],"about":[{"href":"https:\/\/pcpr.elk.pl\/index.php\/wp-json\/wp\/v2\/types\/page"}],"author":[{"embeddable":true,"href":"https:\/\/pcpr.elk.pl\/index.php\/wp-json\/wp\/v2\/users\/1"}],"replies":[{"embeddable":true,"href":"https:\/\/pcpr.elk.pl\/index.php\/wp-json\/wp\/v2\/comments?post=118"}],"version-history":[{"count":1,"href":"https:\/\/pcpr.elk.pl\/index.php\/wp-json\/wp\/v2\/pages\/118\/revisions"}],"predecessor-version":[{"id":119,"href":"https:\/\/pcpr.elk.pl\/index.php\/wp-json\/wp\/v2\/pages\/118\/revisions\/119"}],"up":[{"embeddable":true,"href":"https:\/\/pcpr.elk.pl\/index.php\/wp-json\/wp\/v2\/pages\/36"}],"wp:attachment":[{"href":"https:\/\/pcpr.elk.pl\/index.php\/wp-json\/wp\/v2\/media?parent=118"}],"curies":[{"name":"wp","href":"https:\/\/api.w.org\/{rel}","templated":true}]}}